{"id":844,"date":"2014-07-02T12:09:04","date_gmt":"2014-07-02T11:09:04","guid":{"rendered":"https:\/\/ellad2.com\/es\/?post_type=product&#038;p=844"},"modified":"2018-07-12T04:15:52","modified_gmt":"2018-07-12T03:15:52","slug":"tutorial-o-la-brazalete","status":"publish","type":"product","link":"https:\/\/ellad2.com\/es\/tienda\/tutorial-o-la-brazalete\/","title":{"rendered":"Tutorial O-La Brazalete"},"content":{"rendered":"<p>O-La Brazalete<\/p>\n<p>Este brazalete es un nuevo proyecto de bordado con cuentas-O.<br \/>\nPuedes jugar con diferentes colores de cuentas. Es f\u00e1cil de hacerlo ancho o peque\u00f1o.<\/p>\n<p>El Tutorial de bordado para el O-La Brazalete es muy detallado, con instrucciones claras pas\u00f3 a paso y con fotograf\u00edas de cada paso.<\/p>\n<p><strong>\u00a0ngg_shortcode_0_placeholder<\/strong><\/p>\n<p><strong>Material necesario:<\/strong><\/p>\n<p>&#8211; Cuentas Miyuki seed 15\/0, 11\/0, 8\/0<br \/>\n&#8211; Perlas 2mm (usted puede sustituir las perlas por cuentas seed medida 8 o cualquier cuentas\/perlas en la misma medida).<br \/>\n&#8211; Cuentas-O<br \/>\n&#8211; Broche<br \/>\n&#8211; FireLine 6lb<br \/>\n&#8211; Aguja para enfilar # 12 o mucho mejor aguja Tulip # 11<\/p>\n<p>El Tutorial puede imprimirlo en PDF ya ha sido confirmado.<\/p>\n<p>Es bienvenida si desea vender las piezas que realizo con los tutoriales que me ha comprado. Vea aqu\u00ed mis t\u00e9rminos y condiciones:\u00a0<a href=\"https:\/\/ellad2.com\/products-page\/terms-and-conditions\/\">Terms&amp;Conditions<\/a><\/p>\n","protected":false},"excerpt":{"rendered":"<p>O-La Brazalete Este brazalete es un nuevo proyecto de bordado con cuentas-O. Puedes jugar con diferentes colores de cuentas. Es f\u00e1cil de hacerlo ancho o peque\u00f1o. El Tutorial de bordado para el O-La Brazalete es muy detallado, con instrucciones claras pas\u00f3 a paso y con fotograf\u00edas de cada paso. \u00a0 Material necesario: &#8211; Cuentas Miyuki&hellip;&nbsp;<a href=\"https:\/\/ellad2.com\/es\/tienda\/tutorial-o-la-brazalete\/\" rel=\"bookmark\">Read More &raquo;<span class=\"screen-reader-text\">Tutorial O-La Brazalete<\/span><\/a><\/p>\n","protected":false},"featured_media":845,"template":"","meta":{"neve_meta_sidebar":"","neve_meta_container":"","neve_meta_enable_content_width":"","neve_meta_content_width":0,"neve_meta_title_alignment":"","neve_meta_author_avatar":"","neve_post_elements_order":"","neve_meta_disable_header":"","neve_meta_disable_footer":"","neve_meta_disable_title":"","neve_meta_reading_time":"","ngg_post_thumbnail":0},"product_brand":[],"product_cat":[325],"product_tag":[],"class_list":{"0":"post-844","1":"product","2":"type-product","3":"status-publish","4":"has-post-thumbnail","6":"product_cat-brazaletes","8":"first","9":"instock","10":"downloadable","11":"virtual","12":"purchasable","13":"product-type-simple"},"_links":{"self":[{"href":"https:\/\/ellad2.com\/es\/wp-json\/wp\/v2\/product\/844","targetHints":{"allow":["GET"]}}],"collection":[{"href":"https:\/\/ellad2.com\/es\/wp-json\/wp\/v2\/product"}],"about":[{"href":"https:\/\/ellad2.com\/es\/wp-json\/wp\/v2\/types\/product"}],"wp:featuredmedia":[{"embeddable":true,"href":"https:\/\/ellad2.com\/es\/wp-json\/wp\/v2\/media\/845"}],"wp:attachment":[{"href":"https:\/\/ellad2.com\/es\/wp-json\/wp\/v2\/media?parent=844"}],"wp:term":[{"taxonomy":"product_brand","embeddable":true,"href":"https:\/\/ellad2.com\/es\/wp-json\/wp\/v2\/product_brand?post=844"},{"taxonomy":"product_cat","embeddable":true,"href":"https:\/\/ellad2.com\/es\/wp-json\/wp\/v2\/product_cat?post=844"},{"taxonomy":"product_tag","embeddable":true,"href":"https:\/\/ellad2.com\/es\/wp-json\/wp\/v2\/product_tag?post=844"}],"curies":[{"name":"wp","href":"https:\/\/api.w.org\/{rel}","templated":true}]}}