{"id":815,"date":"2014-06-24T14:52:26","date_gmt":"2014-06-24T13:52:26","guid":{"rendered":"https:\/\/ellad2.com\/es\/?post_type=product&#038;p=815"},"modified":"2018-07-12T04:15:49","modified_gmt":"2018-07-12T03:15:49","slug":"tutorial-o-brazalete","status":"publish","type":"product","link":"https:\/\/ellad2.com\/es\/tienda\/tutorial-o-brazalete\/","title":{"rendered":"Tutorial O-Brazalete"},"content":{"rendered":"<p>Brazalete-O<\/p>\n<p>Es un proyecto nuevo con cuentas-O. Es divertido hacer este brazalete.<br \/>\nSi usted tiene muchas cuentas-O, usted podr\u00eda hacer un hermoso collar.<\/p>\n<p>Tambi\u00e9n podr\u00eda combinar diferentes colores de cuentas-O. Adem\u00e1s podr\u00eda usar perlas\u00a0 o bicones en lugar de las cuentas fire-polished\u2026<\/p>\n<p>Las cuentas-O son nuevas cuentas Czech. Las cuentas-O tienen una perfecta circunferencia de 4mm, con un grosor de 1.5mm y un hoyo en el centro de 1.5mm.\u00a0Puede encontraras en color opaco, lustre, met\u00e1lico e iris\u2026<\/p>\n<p>El Tutorial para el O-Brazalete es muy detallado con instrucciones claras, paso a paso y con fotograf\u00edas de cada paso.<\/p>\nngg_shortcode_0_placeholder\n<p><strong>\u00a0Material necesario:<\/strong><\/p>\n<p>&#8211; Cuentas Miyuki seed 8\/0 y 11\/0<br \/>\n&#8211; Cuentas-O Czech<br \/>\n&#8211; Cuentas Fire-polished 3mm<br \/>\n&#8211; Broche<br \/>\n&#8211; FireLine de 6lb o hilo Nymo D<br \/>\n&#8211; Aguja de enfilar n\u00famero 12 o aguja Tulip n\u00famero 11<\/p>\n<p>En Europa puede encontrar cuentas-O por ejemplo aqu\u00ed:<br \/>\n&#8211;\u00a0<a href=\"http:\/\/createpottery.nl\/webshop\/categories\/Czech-Beads%7B47%7DTsjechische-Kralen\/O-bead\/\"><strong>Beadhouse<\/strong><\/a>\u00a0(Holanda)<br \/>\n&#8211;\u00a0<a href=\"http:\/\/www.perlesandco.co.uk\/Glass_Beads_O_Bead-c-40_2510.html\"><strong>Perlesandco<\/strong><\/a>\u00a0(Francia)<br \/>\n&#8211;\u00a0<a href=\"http:\/\/totalrocailles.oxatis.com\/Default.asp\"><strong>Total Rocailles<\/strong><\/a>\u00a0(Luxemburgo)<br \/>\n&#8211;\u00a0<a href=\"http:\/\/www.beadiverse.com\/\"><strong>Beadiverse\u00a0<\/strong><\/a>(Reino Unido)<\/p>\n<p>En los Estados Unidos:<br \/>\n&#8211;\u00a0<a href=\"http:\/\/whimbeads.com\/cart.asp?pg=products&amp;grp=1212\"><strong>Whimbeads<\/strong><strong><br \/>\n<\/strong><\/a>&#8211;\u00a0<a href=\"http:\/\/facebook.com\/beadandglass\"><strong>Beadandglass<\/strong><strong><br \/>\n<\/strong><\/a>Tambi\u00e9n podr\u00eda encontrarlas en algunas tiendas\u00a0<a href=\"http:\/\/etsy.com\/\"><strong>Etsy<\/strong><\/a>\u2026por ejemplo\u00a0<a href=\"http:\/\/www.etsy.com\/shop\/CzechLaVie?ref=l2-shopheader-name\"><strong>CzechLaVie<\/strong><\/a>,\u00a0<a href=\"https:\/\/www.etsy.com\/shop\/AriaDesignStudio\"><strong>AriaDesignStudio<\/strong><\/a>\u2026<\/p>\n<p>Eres bienvenida si deseas vender las piezas que hizo con mis tutoriales que ha comprado. Vea aqu\u00ed mis t\u00e9rminos y condiciones:\u00a0<a href=\"https:\/\/ellad2.com\/products-page\/terms-and-conditions\/\"><strong>Terms&amp;Conditions<\/strong><\/a><\/p>\n","protected":false},"excerpt":{"rendered":"<p>Brazalete-O Es un proyecto nuevo con cuentas-O. Es divertido hacer este brazalete. Si usted tiene muchas cuentas-O, usted podr\u00eda hacer un hermoso collar. Tambi\u00e9n podr\u00eda combinar diferentes colores de cuentas-O. Adem\u00e1s podr\u00eda usar perlas\u00a0 o bicones en lugar de las cuentas fire-polished\u2026 Las cuentas-O son nuevas cuentas Czech. Las cuentas-O tienen una perfecta circunferencia de&hellip;&nbsp;<a href=\"https:\/\/ellad2.com\/es\/tienda\/tutorial-o-brazalete\/\" rel=\"bookmark\">Read More &raquo;<span class=\"screen-reader-text\">Tutorial O-Brazalete<\/span><\/a><\/p>\n","protected":false},"featured_media":816,"template":"","meta":{"neve_meta_sidebar":"","neve_meta_container":"","neve_meta_enable_content_width":"","neve_meta_content_width":0,"neve_meta_title_alignment":"","neve_meta_author_avatar":"","neve_post_elements_order":"","neve_meta_disable_header":"","neve_meta_disable_footer":"","neve_meta_disable_title":"","neve_meta_reading_time":"","ngg_post_thumbnail":0},"product_brand":[],"product_cat":[325],"product_tag":[],"class_list":{"0":"post-815","1":"product","2":"type-product","3":"status-publish","4":"has-post-thumbnail","6":"product_cat-brazaletes","8":"first","9":"instock","10":"downloadable","11":"virtual","12":"purchasable","13":"product-type-simple"},"_links":{"self":[{"href":"https:\/\/ellad2.com\/es\/wp-json\/wp\/v2\/product\/815","targetHints":{"allow":["GET"]}}],"collection":[{"href":"https:\/\/ellad2.com\/es\/wp-json\/wp\/v2\/product"}],"about":[{"href":"https:\/\/ellad2.com\/es\/wp-json\/wp\/v2\/types\/product"}],"wp:featuredmedia":[{"embeddable":true,"href":"https:\/\/ellad2.com\/es\/wp-json\/wp\/v2\/media\/816"}],"wp:attachment":[{"href":"https:\/\/ellad2.com\/es\/wp-json\/wp\/v2\/media?parent=815"}],"wp:term":[{"taxonomy":"product_brand","embeddable":true,"href":"https:\/\/ellad2.com\/es\/wp-json\/wp\/v2\/product_brand?post=815"},{"taxonomy":"product_cat","embeddable":true,"href":"https:\/\/ellad2.com\/es\/wp-json\/wp\/v2\/product_cat?post=815"},{"taxonomy":"product_tag","embeddable":true,"href":"https:\/\/ellad2.com\/es\/wp-json\/wp\/v2\/product_tag?post=815"}],"curies":[{"name":"wp","href":"https:\/\/api.w.org\/{rel}","templated":true}]}}