{"id":808,"date":"2014-06-24T18:30:00","date_gmt":"2014-06-24T17:30:00","guid":{"rendered":"https:\/\/ellad2.com\/es\/?post_type=product&#038;p=808"},"modified":"2018-07-12T04:15:48","modified_gmt":"2018-07-12T03:15:48","slug":"tutorial-pinch-brazalete","status":"publish","type":"product","link":"https:\/\/ellad2.com\/es\/tienda\/tutorial-pinch-brazalete\/","title":{"rendered":"Tutorial Pinch Brazalete"},"content":{"rendered":"<p>Pinch Brazalete<\/p>\n<p>Es un hermoso y elegante brazalete hecho con cuentas Pinch.<\/p>\n<p>El tama\u00f1o de las cuentas Pinch es de \u00a05\u00d73 mm y son el perfecto acento para todas tu creaciones con joyer\u00eda.<\/p>\n<p>Si tiene mas cuentas, usted podr\u00eda hacer un maravilloso collar en lugar del brazalete.<br \/>\nEl Pinch Brazalete es divertido y f\u00e1cil de hacer. No consumir\u00e1 demasiado tiempo.<\/p>\n<p>El Tutorial para el Pinch Brazalete es muy detallado, con claras instrucciones, paso a paso con fotograf\u00edas de cada paso.<\/p>\nngg_shortcode_0_placeholder\n<p><strong>Material necesario:<\/strong><\/p>\n<p>&#8211; Cuentas Miyuki seed 11\/0, 15\/0<br \/>\n&#8211; Cuentas Pinch 5x3mm<br \/>\n&#8211; Perlas 4mm<br \/>\n&#8211; Broche<br \/>\n&#8211; FireLine 6lb<br \/>\n&#8211; Aguja de enfilar medida 12 o Aguja Tulip medida 11<\/p>\n<p>Te invitamos a vender los art\u00edculos que usted hizo con mis tutoriales que ha comprado. Vea tambi\u00e9n mis t\u00e9rminos y condiciones aqu\u00ed:\u00a0<a href=\"https:\/\/ellad2.com\/products-page\/terms-and-conditions\/\"><strong>Terms&amp;Conditions<\/strong><\/a><\/p>\n<p>&nbsp;<\/p>\n","protected":false},"excerpt":{"rendered":"<p>Pinch Brazalete Es un hermoso y elegante brazalete hecho con cuentas Pinch. El tama\u00f1o de las cuentas Pinch es de \u00a05\u00d73 mm y son el perfecto acento para todas tu creaciones con joyer\u00eda. Si tiene mas cuentas, usted podr\u00eda hacer un maravilloso collar en lugar del brazalete. El Pinch Brazalete es divertido y f\u00e1cil de&hellip;&nbsp;<a href=\"https:\/\/ellad2.com\/es\/tienda\/tutorial-pinch-brazalete\/\" rel=\"bookmark\">Read More &raquo;<span class=\"screen-reader-text\">Tutorial Pinch Brazalete<\/span><\/a><\/p>\n","protected":false},"featured_media":809,"template":"","meta":{"neve_meta_sidebar":"","neve_meta_container":"","neve_meta_enable_content_width":"","neve_meta_content_width":0,"neve_meta_title_alignment":"","neve_meta_author_avatar":"","neve_post_elements_order":"","neve_meta_disable_header":"","neve_meta_disable_footer":"","neve_meta_disable_title":"","neve_meta_reading_time":"","ngg_post_thumbnail":0},"product_brand":[],"product_cat":[325],"product_tag":[],"class_list":{"0":"post-808","1":"product","2":"type-product","3":"status-publish","4":"has-post-thumbnail","6":"product_cat-brazaletes","8":"first","9":"instock","10":"downloadable","11":"virtual","12":"purchasable","13":"product-type-simple"},"_links":{"self":[{"href":"https:\/\/ellad2.com\/es\/wp-json\/wp\/v2\/product\/808","targetHints":{"allow":["GET"]}}],"collection":[{"href":"https:\/\/ellad2.com\/es\/wp-json\/wp\/v2\/product"}],"about":[{"href":"https:\/\/ellad2.com\/es\/wp-json\/wp\/v2\/types\/product"}],"wp:featuredmedia":[{"embeddable":true,"href":"https:\/\/ellad2.com\/es\/wp-json\/wp\/v2\/media\/809"}],"wp:attachment":[{"href":"https:\/\/ellad2.com\/es\/wp-json\/wp\/v2\/media?parent=808"}],"wp:term":[{"taxonomy":"product_brand","embeddable":true,"href":"https:\/\/ellad2.com\/es\/wp-json\/wp\/v2\/product_brand?post=808"},{"taxonomy":"product_cat","embeddable":true,"href":"https:\/\/ellad2.com\/es\/wp-json\/wp\/v2\/product_cat?post=808"},{"taxonomy":"product_tag","embeddable":true,"href":"https:\/\/ellad2.com\/es\/wp-json\/wp\/v2\/product_tag?post=808"}],"curies":[{"name":"wp","href":"https:\/\/api.w.org\/{rel}","templated":true}]}}