{"id":801,"date":"2014-01-18T12:45:11","date_gmt":"2014-01-18T11:45:11","guid":{"rendered":"https:\/\/ellad2.com\/es\/?post_type=product&#038;p=801"},"modified":"2018-07-12T04:15:48","modified_gmt":"2018-07-12T03:15:48","slug":"tutorial-eterno-colgante","status":"publish","type":"product","link":"https:\/\/ellad2.com\/es\/tienda\/tutorial-eterno-colgante\/","title":{"rendered":"Tutorial Eterno Colgante"},"content":{"rendered":"<p>Eterno Colgante<\/p>\n<p>Es un proyecto para nivel intermedia-avanzado.<\/p>\n<p>Debe de estar familiarizada con la Puntada Peyote.<\/p>\n<p>Hermoso y brillante.<\/p>\n<p>Di\u00e1metro del colgante es 4.6 cm.<\/p>\n<p>El Tutorial del Eterno Colgante es muy detallado, con instrucciones claras, paso a paso y con fotograf\u00edas de cada paso (26 pasos).<\/p>\nngg_shortcode_0_placeholder\n<p><strong>Material necesario:<\/strong><\/p>\n<p>&#8211; Cuentas Miyuki seed tama\u00f1o 8\/0, 11\/0, 15\/0<br \/>\n&#8211; Miyuki Delica 11\/0<br \/>\n&#8211; Cuentas SuperDuo\u00a0 2.5\u00d75 mm (dos colores).<br \/>\n&#8211; Swarovski bicones 3 mm<br \/>\n&#8211; Swarovski bicones 4 mm<br \/>\n&#8211; Swarovski rivoli 14 mm<br \/>\n&#8211; FireLine 4 o 6 lb o Hilo Nymo D<br \/>\n&#8211; Aguja medida 12 o Aguja Tulip medida 11<\/p>\n<p>Te invitamos a vender los art\u00edculos que usted hizo con mis tutoriales que ha comprado.<br \/>\nVea tambi\u00e9n mis t\u00e9rminos y condiciones aqu\u00ed:\u00a0\u00a0<a href=\"https:\/\/ellad2.com\/products-page\/terms-and-conditions\/\"><strong>Terms&amp;Conditions<\/strong><\/a><\/p>\n","protected":false},"excerpt":{"rendered":"<p>Eterno Colgante Es un proyecto para nivel intermedia-avanzado. Debe de estar familiarizada con la Puntada Peyote. Hermoso y brillante. Di\u00e1metro del colgante es 4.6 cm. El Tutorial del Eterno Colgante es muy detallado, con instrucciones claras, paso a paso y con fotograf\u00edas de cada paso (26 pasos). Material necesario: &#8211; Cuentas Miyuki seed tama\u00f1o 8\/0,&hellip;&nbsp;<a href=\"https:\/\/ellad2.com\/es\/tienda\/tutorial-eterno-colgante\/\" rel=\"bookmark\">Read More &raquo;<span class=\"screen-reader-text\">Tutorial Eterno Colgante<\/span><\/a><\/p>\n","protected":false},"featured_media":802,"template":"","meta":{"neve_meta_sidebar":"","neve_meta_container":"","neve_meta_enable_content_width":"","neve_meta_content_width":0,"neve_meta_title_alignment":"","neve_meta_author_avatar":"","neve_post_elements_order":"","neve_meta_disable_header":"","neve_meta_disable_footer":"","neve_meta_disable_title":"","neve_meta_reading_time":"","ngg_post_thumbnail":0},"product_brand":[],"product_cat":[327],"product_tag":[61,62,58,59,60],"class_list":{"0":"post-801","1":"product","2":"type-product","3":"status-publish","4":"has-post-thumbnail","6":"product_cat-colgantes","7":"product_tag-colgantes-de-abalorios","8":"product_tag-ellad2-espanol","9":"product_tag-esquemas-colgantes","10":"product_tag-patrones-colgantes","11":"product_tag-tutoriales-colgantes","13":"first","14":"instock","15":"downloadable","16":"virtual","17":"purchasable","18":"product-type-simple"},"_links":{"self":[{"href":"https:\/\/ellad2.com\/es\/wp-json\/wp\/v2\/product\/801","targetHints":{"allow":["GET"]}}],"collection":[{"href":"https:\/\/ellad2.com\/es\/wp-json\/wp\/v2\/product"}],"about":[{"href":"https:\/\/ellad2.com\/es\/wp-json\/wp\/v2\/types\/product"}],"wp:featuredmedia":[{"embeddable":true,"href":"https:\/\/ellad2.com\/es\/wp-json\/wp\/v2\/media\/802"}],"wp:attachment":[{"href":"https:\/\/ellad2.com\/es\/wp-json\/wp\/v2\/media?parent=801"}],"wp:term":[{"taxonomy":"product_brand","embeddable":true,"href":"https:\/\/ellad2.com\/es\/wp-json\/wp\/v2\/product_brand?post=801"},{"taxonomy":"product_cat","embeddable":true,"href":"https:\/\/ellad2.com\/es\/wp-json\/wp\/v2\/product_cat?post=801"},{"taxonomy":"product_tag","embeddable":true,"href":"https:\/\/ellad2.com\/es\/wp-json\/wp\/v2\/product_tag?post=801"}],"curies":[{"name":"wp","href":"https:\/\/api.w.org\/{rel}","templated":true}]}}