{"id":798,"date":"2014-06-27T12:35:52","date_gmt":"2014-06-27T11:35:52","guid":{"rendered":"https:\/\/ellad2.com\/es\/?post_type=product&#038;p=798"},"modified":"2018-07-12T04:15:47","modified_gmt":"2018-07-12T03:15:47","slug":"tutorial-pinch-collar","status":"publish","type":"product","link":"https:\/\/ellad2.com\/es\/tienda\/tutorial-pinch-collar\/","title":{"rendered":"Tutorial Pinch Collar"},"content":{"rendered":"<p>Pinch Collar es un nuevo proyecto con cuentas Pinch y cuentas-O<em>.<\/em><\/p>\n<p><em>Las Cuentas Pinch <\/em>\u00a0son de 5\u00d73 mm, \u00a0y son el acento perfecto para la creaci\u00f3n de toda su joyer\u00eda.<\/p>\n<p>El Tutorial para el Pinch Collar es\u00a0muy detallado, con instrucciones claras, paso por paso y con fotograf\u00edas de cada paso.<\/p>\nngg_shortcode_0_placeholder\n<p><strong>Material necesario<\/strong>:<br \/>\n&#8211; Cuentas Seed 11\/0<br \/>\n&#8211; Cuentas Superduo 2.5x5mm<br \/>\n&#8211; Cuentas Pinch<br \/>\n&#8211; Cuentas-O<br \/>\n&#8211; Cuentas Round \/perlas 3mm &#8211;<br \/>\n3 mm Magatamas (Yo compre las m\u00edas en\u00a0<a href=\"http:\/\/whimbeads.com\/\"><strong>Whimbeads<\/strong><\/a>)<br \/>\n&#8211; Broche<\/p>\n<p>&#8211; Aguja para cuentas medida 12 o aguja Tulip medida 11<br \/>\n&#8211; FireLine 6lb<\/p>\n<p>Te invitamos a vender los art\u00edculos que usted hizo con mis tutoriales que ha comprado. Vea tambi\u00e9n mis t\u00e9rminos y condiciones aqu\u00ed:\u00a0<a href=\"https:\/\/ellad2.com\/products-page\/terms-and-conditions\/\"><strong>Terms&amp;Conditions<\/strong><\/a><\/p>\n","protected":false},"excerpt":{"rendered":"<p>Pinch Collar es un nuevo proyecto con cuentas Pinch y cuentas-O. Las Cuentas Pinch \u00a0son de 5\u00d73 mm, \u00a0y son el acento perfecto para la creaci\u00f3n de toda su joyer\u00eda. El Tutorial para el Pinch Collar es\u00a0muy detallado, con instrucciones claras, paso por paso y con fotograf\u00edas de cada paso. Material necesario: &#8211; Cuentas Seed&hellip;&nbsp;<a href=\"https:\/\/ellad2.com\/es\/tienda\/tutorial-pinch-collar\/\" rel=\"bookmark\">Read More &raquo;<span class=\"screen-reader-text\">Tutorial Pinch Collar<\/span><\/a><\/p>\n","protected":false},"featured_media":799,"template":"","meta":{"neve_meta_sidebar":"","neve_meta_container":"","neve_meta_enable_content_width":"","neve_meta_content_width":0,"neve_meta_title_alignment":"","neve_meta_author_avatar":"","neve_post_elements_order":"","neve_meta_disable_header":"","neve_meta_disable_footer":"","neve_meta_disable_title":"","neve_meta_reading_time":"","ngg_post_thumbnail":0},"product_brand":[],"product_cat":[329],"product_tag":[56,57,14],"class_list":{"0":"post-798","1":"product","2":"type-product","3":"status-publish","4":"has-post-thumbnail","6":"product_cat-collares","7":"product_tag-collar-de-abalorios","8":"product_tag-esquemas-collares","9":"product_tag-esquemas-de-abalorios","11":"first","12":"instock","13":"downloadable","14":"virtual","15":"purchasable","16":"product-type-simple"},"_links":{"self":[{"href":"https:\/\/ellad2.com\/es\/wp-json\/wp\/v2\/product\/798","targetHints":{"allow":["GET"]}}],"collection":[{"href":"https:\/\/ellad2.com\/es\/wp-json\/wp\/v2\/product"}],"about":[{"href":"https:\/\/ellad2.com\/es\/wp-json\/wp\/v2\/types\/product"}],"wp:featuredmedia":[{"embeddable":true,"href":"https:\/\/ellad2.com\/es\/wp-json\/wp\/v2\/media\/799"}],"wp:attachment":[{"href":"https:\/\/ellad2.com\/es\/wp-json\/wp\/v2\/media?parent=798"}],"wp:term":[{"taxonomy":"product_brand","embeddable":true,"href":"https:\/\/ellad2.com\/es\/wp-json\/wp\/v2\/product_brand?post=798"},{"taxonomy":"product_cat","embeddable":true,"href":"https:\/\/ellad2.com\/es\/wp-json\/wp\/v2\/product_cat?post=798"},{"taxonomy":"product_tag","embeddable":true,"href":"https:\/\/ellad2.com\/es\/wp-json\/wp\/v2\/product_tag?post=798"}],"curies":[{"name":"wp","href":"https:\/\/api.w.org\/{rel}","templated":true}]}}