{"id":794,"date":"2014-06-30T12:20:49","date_gmt":"2014-06-30T11:20:49","guid":{"rendered":"https:\/\/ellad2.com\/es\/?post_type=product&#038;p=794"},"modified":"2018-07-12T04:15:47","modified_gmt":"2018-07-12T03:15:47","slug":"tutorial-brazalete-knotty","status":"publish","type":"product","link":"https:\/\/ellad2.com\/es\/tienda\/tutorial-brazalete-knotty\/","title":{"rendered":"Tutorial Brazalete Knotty"},"content":{"rendered":"<p>Brazalete Knotty<\/p>\n<p>Es un hermoso y distintivo brazalete hecho en puntada RAW c\u00fabica con algunos adornos.<\/p>\n<p>Con este tutorial podr\u00e1s personalizar tu pieza, escogiendo colores que mas te gusten. Tambi\u00e9n puedes jugar con mas adornos.<\/p>\n<p>Nivel: Intermedio\/Avanzado (Usted deber\u00e1 tener buen conocimiento de la puntada RAW c\u00fabica).<\/p>\n<p>El Tutorial \u00a0de abalorios para el Brazalete Knotty es muy detallado, con instrucciones claras, paso por paso y con fotograf\u00edas de cada paso.<\/p>\nngg_shortcode_0_placeholder\n<p><strong>Material necesarios:<\/strong><\/p>\n<p>&#8211; Cuentas Japanese seed 11\/0<br \/>\n&#8211; Cuentas Miyuki seed 11\/0 y 15\/0 (usted puede usar cualquier marca en esta medida).<br \/>\n&#8211; Perlas 3mm<br \/>\n&#8211; Perla 2 mm (tambi\u00e9n puede trabajar con cuentas seed medida\u00a0 8).<br \/>\n&#8211; Cierre de 3 hebras<br \/>\n&#8211; Fireline 6lb<br \/>\n&#8211; Aguja para cuentas medida 12 o Aguja Tulip medida 11<\/p>\n<p>Te invitamos a vender los art\u00edculos que usted hizo con mis tutoriales que ha comprado.<br \/>\nVea tambi\u00e9n mis t\u00e9rminos y condiciones aqu\u00ed:\u00a0<a href=\"https:\/\/ellad2.com\/products-page\/terms-and-conditions\/\"><strong><em>Terms&amp;Conditions<\/em><\/strong><\/a><\/p>\n","protected":false},"excerpt":{"rendered":"<p>Brazalete Knotty Es un hermoso y distintivo brazalete hecho en puntada RAW c\u00fabica con algunos adornos. Con este tutorial podr\u00e1s personalizar tu pieza, escogiendo colores que mas te gusten. Tambi\u00e9n puedes jugar con mas adornos. Nivel: Intermedio\/Avanzado (Usted deber\u00e1 tener buen conocimiento de la puntada RAW c\u00fabica). El Tutorial \u00a0de abalorios para el Brazalete Knotty&hellip;&nbsp;<a href=\"https:\/\/ellad2.com\/es\/tienda\/tutorial-brazalete-knotty\/\" rel=\"bookmark\">Read More &raquo;<span class=\"screen-reader-text\">Tutorial Brazalete Knotty<\/span><\/a><\/p>\n","protected":false},"featured_media":795,"template":"","meta":{"neve_meta_sidebar":"","neve_meta_container":"","neve_meta_enable_content_width":"","neve_meta_content_width":0,"neve_meta_title_alignment":"","neve_meta_author_avatar":"","neve_post_elements_order":"","neve_meta_disable_header":"","neve_meta_disable_footer":"","neve_meta_disable_title":"","neve_meta_reading_time":"","ngg_post_thumbnail":0},"product_brand":[],"product_cat":[325],"product_tag":[],"class_list":{"0":"post-794","1":"product","2":"type-product","3":"status-publish","4":"has-post-thumbnail","6":"product_cat-brazaletes","8":"first","9":"instock","10":"downloadable","11":"virtual","12":"purchasable","13":"product-type-simple"},"_links":{"self":[{"href":"https:\/\/ellad2.com\/es\/wp-json\/wp\/v2\/product\/794","targetHints":{"allow":["GET"]}}],"collection":[{"href":"https:\/\/ellad2.com\/es\/wp-json\/wp\/v2\/product"}],"about":[{"href":"https:\/\/ellad2.com\/es\/wp-json\/wp\/v2\/types\/product"}],"wp:featuredmedia":[{"embeddable":true,"href":"https:\/\/ellad2.com\/es\/wp-json\/wp\/v2\/media\/795"}],"wp:attachment":[{"href":"https:\/\/ellad2.com\/es\/wp-json\/wp\/v2\/media?parent=794"}],"wp:term":[{"taxonomy":"product_brand","embeddable":true,"href":"https:\/\/ellad2.com\/es\/wp-json\/wp\/v2\/product_brand?post=794"},{"taxonomy":"product_cat","embeddable":true,"href":"https:\/\/ellad2.com\/es\/wp-json\/wp\/v2\/product_cat?post=794"},{"taxonomy":"product_tag","embeddable":true,"href":"https:\/\/ellad2.com\/es\/wp-json\/wp\/v2\/product_tag?post=794"}],"curies":[{"name":"wp","href":"https:\/\/api.w.org\/{rel}","templated":true}]}}