{"id":779,"date":"2014-06-23T12:21:15","date_gmt":"2014-06-23T11:21:15","guid":{"rendered":"https:\/\/ellad2.com\/es\/?post_type=product&#038;p=779"},"modified":"2018-07-12T04:15:46","modified_gmt":"2018-07-12T03:15:46","slug":"tutorial-colgante-candy","status":"publish","type":"product","link":"https:\/\/ellad2.com\/es\/tienda\/tutorial-colgante-candy\/","title":{"rendered":"Tutorial Colgante Candy"},"content":{"rendered":"<p>Colgante Candy<\/p>\n<p>Esta lleno de colores vibrantes. Hecho con cuentas Superduo, Lunasoft cabochon, coloridas cuentas seed y cuentas Miyuki Delica.<\/p>\n<p>Deber\u00e1s de estar familiarizada con la puntada Peyote.<\/p>\n<p>El tutorial de cuentas para el colgante Candy es muy detallado, con claras instrucciones, paso a paso con fotos de cada paso.<\/p>\nngg_shortcode_0_placeholder\n<p><strong>Material necesario:<\/strong><\/p>\n<p>&#8211; Cuentas Miyuki Delica<br \/>\n&#8211; Cuentas Miyuki seed 15\/0, 11\/0<br \/>\n&#8211; Miyu<br \/>\n&#8211; Cuentas Superduo 2.5x5mm<br \/>\n&#8211; Lunasoft cab<br \/>\n&#8211; Swarovski bicones 3mm (o cualquier otra cuentas\/perlas 3mm)<br \/>\n&#8211; Cuentas\/perlas redondas Czech 3 mm<br \/>\n&#8211; FireLine 6 lb<br \/>\n&#8211; Aguja para cuentas tama\u00f1o 12 o Aguja Tulip tama\u00f1o 11<\/p>\n<p>Te invitamos a vender art\u00edculos que usted hizo con mis tutoriales que ha comprado.<br \/>\nVea tambi\u00e9n mis t\u00e9rminos y condiciones aqu\u00ed:\u00a0<a href=\"https:\/\/ellad2.com\/products-page\/terms-and-conditions\/\"><strong>Terms&amp;Conditions<\/strong><\/a><\/p>\n","protected":false},"excerpt":{"rendered":"<p>Colgante Candy Esta lleno de colores vibrantes. Hecho con cuentas Superduo, Lunasoft cabochon, coloridas cuentas seed y cuentas Miyuki Delica. Deber\u00e1s de estar familiarizada con la puntada Peyote. El tutorial de cuentas para el colgante Candy es muy detallado, con claras instrucciones, paso a paso con fotos de cada paso. Material necesario: &#8211; Cuentas Miyuki&hellip;&nbsp;<a href=\"https:\/\/ellad2.com\/es\/tienda\/tutorial-colgante-candy\/\" rel=\"bookmark\">Read More &raquo;<span class=\"screen-reader-text\">Tutorial Colgante Candy<\/span><\/a><\/p>\n","protected":false},"featured_media":780,"template":"","meta":{"neve_meta_sidebar":"","neve_meta_container":"","neve_meta_enable_content_width":"","neve_meta_content_width":0,"neve_meta_title_alignment":"","neve_meta_author_avatar":"","neve_post_elements_order":"","neve_meta_disable_header":"","neve_meta_disable_footer":"","neve_meta_disable_title":"","neve_meta_reading_time":"","ngg_post_thumbnail":0},"product_brand":[],"product_cat":[327],"product_tag":[50,14,51,11],"class_list":{"0":"post-779","1":"product","2":"type-product","3":"status-publish","4":"has-post-thumbnail","6":"product_cat-colgantes","7":"product_tag-colgantes-esquemas","8":"product_tag-esquemas-de-abalorios","9":"product_tag-esquemas-de-ellad2","10":"product_tag-tutoriales-de-abalorios","12":"first","13":"instock","14":"downloadable","15":"virtual","16":"purchasable","17":"product-type-simple"},"_links":{"self":[{"href":"https:\/\/ellad2.com\/es\/wp-json\/wp\/v2\/product\/779","targetHints":{"allow":["GET"]}}],"collection":[{"href":"https:\/\/ellad2.com\/es\/wp-json\/wp\/v2\/product"}],"about":[{"href":"https:\/\/ellad2.com\/es\/wp-json\/wp\/v2\/types\/product"}],"wp:featuredmedia":[{"embeddable":true,"href":"https:\/\/ellad2.com\/es\/wp-json\/wp\/v2\/media\/780"}],"wp:attachment":[{"href":"https:\/\/ellad2.com\/es\/wp-json\/wp\/v2\/media?parent=779"}],"wp:term":[{"taxonomy":"product_brand","embeddable":true,"href":"https:\/\/ellad2.com\/es\/wp-json\/wp\/v2\/product_brand?post=779"},{"taxonomy":"product_cat","embeddable":true,"href":"https:\/\/ellad2.com\/es\/wp-json\/wp\/v2\/product_cat?post=779"},{"taxonomy":"product_tag","embeddable":true,"href":"https:\/\/ellad2.com\/es\/wp-json\/wp\/v2\/product_tag?post=779"}],"curies":[{"name":"wp","href":"https:\/\/api.w.org\/{rel}","templated":true}]}}