{"id":776,"date":"2014-07-01T11:40:12","date_gmt":"2014-07-01T10:40:12","guid":{"rendered":"https:\/\/ellad2.com\/es\/?post_type=product&#038;p=776"},"modified":"2018-07-12T05:43:56","modified_gmt":"2018-07-12T04:43:56","slug":"tutorial-broche-anais","status":"publish","type":"product","link":"https:\/\/ellad2.com\/es\/tienda\/tutorial-broche-anais\/","title":{"rendered":"Tutorial Broche Anais"},"content":{"rendered":"<p>Broche Anais<\/p>\n<p>Es un hermoso broche hecho con&nbsp;cuentas triangulares <em>Czech&nbsp;con dos agujeros .<\/em><br \/>\nTama\u00f1o del di\u00e1metro del&nbsp; broche es 4.9 mm.<\/p>\n<p>Puede hacer un colgante usando este dise\u00f1o.<br \/>\nSi quiere hacer este broche, deber\u00e1 estar familiarizada con la puntada Peyote.<\/p>\nngg_shortcode_0_placeholder\n<p>El Tutorial para le broche Anais es muy detallado, paso por paso con instrucciones claras y con fotos de cada paso.<\/p>\n<p><strong>Material necesario:<\/strong><\/p>\n<p>&#8211; Miyuki Delica 11\/0<br \/>\n&#8211; Rocallas Miyuki seed 11\/0, 8\/0, 15\/0 (Yo use Toho 15\/0 para el segundo color, pero podemos tambi\u00e9n usar Miyuki 15\/0)<br \/>\n&#8211; Cuentas triangulares Czech con dos agujeros<br \/>\n&#8211; Lunasoft cabochon 24mm<br \/>\n&#8211; Broche redondo pad 15mm<br \/>\n&#8211; Pegamento E6000<br \/>\n&#8211; Fireline 0.10mm (5.9 kg) smoke<br \/>\n&#8211; Aguja para cuentas tama\u00f1o 12 o mucho mejor aguja<em>&nbsp;<\/em><em>Tulip medida<\/em> 11<\/p>\n<p>Eres bienvenida si quieres vender&nbsp; las piezas que has hecho usando mis tutoriales que has comprado.. Ve mis t\u00e9rminos y condiciones aqu\u00ed&nbsp;<a title=\"T\u00e9rminos y Condiciones\" href=\"https:\/\/ellad2.com\/es\/terminos-y-condiciones-ellad2\/\"><strong><em>Terminos &amp; Condiciones<\/em><\/strong><\/a><\/p>\n","protected":false},"excerpt":{"rendered":"<p>Broche Anais Es un hermoso broche hecho con&nbsp;cuentas triangulares Czech&nbsp;con dos agujeros . Tama\u00f1o del di\u00e1metro del&nbsp; broche es 4.9 mm. Puede hacer un colgante usando este dise\u00f1o. Si quiere hacer este broche, deber\u00e1 estar familiarizada con la puntada Peyote. El Tutorial para le broche Anais es muy detallado, paso por paso con instrucciones claras&hellip;&nbsp;<a href=\"https:\/\/ellad2.com\/es\/tienda\/tutorial-broche-anais\/\" rel=\"bookmark\">Read More &raquo;<span class=\"screen-reader-text\">Tutorial Broche Anais<\/span><\/a><\/p>\n","protected":false},"featured_media":777,"template":"","meta":{"neve_meta_sidebar":"","neve_meta_container":"","neve_meta_enable_content_width":"","neve_meta_content_width":0,"neve_meta_title_alignment":"","neve_meta_author_avatar":"","neve_post_elements_order":"","neve_meta_disable_header":"","neve_meta_disable_footer":"","neve_meta_disable_title":"","neve_meta_reading_time":"","ngg_post_thumbnail":0},"product_brand":[],"product_cat":[327],"product_tag":[52,14,26,13,11],"class_list":{"0":"post-776","1":"product","2":"type-product","3":"status-publish","4":"has-post-thumbnail","6":"product_cat-colgantes","7":"product_tag-broche-de-perlas","8":"product_tag-esquemas-de-abalorios","9":"product_tag-patron-de-abalorios","10":"product_tag-patrones-de-abalorios","11":"product_tag-tutoriales-de-abalorios","13":"first","14":"instock","15":"downloadable","16":"virtual","17":"purchasable","18":"product-type-simple"},"_links":{"self":[{"href":"https:\/\/ellad2.com\/es\/wp-json\/wp\/v2\/product\/776","targetHints":{"allow":["GET"]}}],"collection":[{"href":"https:\/\/ellad2.com\/es\/wp-json\/wp\/v2\/product"}],"about":[{"href":"https:\/\/ellad2.com\/es\/wp-json\/wp\/v2\/types\/product"}],"wp:featuredmedia":[{"embeddable":true,"href":"https:\/\/ellad2.com\/es\/wp-json\/wp\/v2\/media\/777"}],"wp:attachment":[{"href":"https:\/\/ellad2.com\/es\/wp-json\/wp\/v2\/media?parent=776"}],"wp:term":[{"taxonomy":"product_brand","embeddable":true,"href":"https:\/\/ellad2.com\/es\/wp-json\/wp\/v2\/product_brand?post=776"},{"taxonomy":"product_cat","embeddable":true,"href":"https:\/\/ellad2.com\/es\/wp-json\/wp\/v2\/product_cat?post=776"},{"taxonomy":"product_tag","embeddable":true,"href":"https:\/\/ellad2.com\/es\/wp-json\/wp\/v2\/product_tag?post=776"}],"curies":[{"name":"wp","href":"https:\/\/api.w.org\/{rel}","templated":true}]}}