{"id":767,"date":"2014-06-26T00:31:04","date_gmt":"2014-06-25T23:31:04","guid":{"rendered":"https:\/\/ellad2.com\/es\/?post_type=product&#038;p=767"},"modified":"2018-07-12T04:15:40","modified_gmt":"2018-07-12T03:15:40","slug":"tutorial-aretes-banita","status":"publish","type":"product","link":"https:\/\/ellad2.com\/es\/tienda\/tutorial-aretes-banita\/","title":{"rendered":"Tutorial Aretes Banita"},"content":{"rendered":"<p>Aretes Banita<\/p>\n<p>son actualmente un paquete de <strong>\u201c2 en 1<\/strong>\u201d. Usted recibir\u00e1 instrucciones de ambas versiones en un tutorial.<\/p>\n<p>El primer arete con perlas magenta es una versi\u00f3n de moda y el Segundo par es una versi\u00f3n mas elegante.<\/p>\n<p>Bordado principal: RAW Plano<\/p>\n<p>Este tutorial para los aretes Banita es muy detallado, con claras instrucciones, paso a paso con fotograf\u00edas de cada paso<\/p>\nngg_shortcode_0_placeholder\n<p><strong>Material necesario para el Primer pendiente. (con perlas magenta):<\/strong><\/p>\n<p>&#8211; Cuentas Miyuki seed 11\/0, 15\/0 y 8\/0<br \/>\n&#8211; Perlas 3mm y una perla 4 mm (o cualquier otra que quieras usar como cuenta decorativa sobre la base del arete)<br \/>\n&#8211; Enganches para aretes<br \/>\n&#8211; FireLine 6 lb<\/p>\n<p><strong>Material necesario para el Segundo pendiente (con perlas verde \/ azul):<\/strong><\/p>\n<p>&#8211; Cuentas Miyuki seed 11\/0 y 8\/0<br \/>\n&#8211; Perlas 4mm<br \/>\n&#8211; Enganches para aretes<br \/>\n&#8211; FireLine 6 lb<\/p>\n<p>Eres bienvenida si quieres vender las piezas que has hecho usando mis tutoriales que has comprado. Ve mis t\u00e9rminos y condiciones aqu\u00ed:\u00a0<a href=\"https:\/\/ellad2.com\/products-page\/terms-and-conditions\/\"><strong><em>Terms&amp;Conditions<\/em><\/strong><\/a><\/p>\n","protected":false},"excerpt":{"rendered":"<p>Aretes Banita son actualmente un paquete de \u201c2 en 1\u201d. Usted recibir\u00e1 instrucciones de ambas versiones en un tutorial. El primer arete con perlas magenta es una versi\u00f3n de moda y el Segundo par es una versi\u00f3n mas elegante. Bordado principal: RAW Plano Este tutorial para los aretes Banita es muy detallado, con claras instrucciones,&hellip;&nbsp;<a href=\"https:\/\/ellad2.com\/es\/tienda\/tutorial-aretes-banita\/\" rel=\"bookmark\">Read More &raquo;<span class=\"screen-reader-text\">Tutorial Aretes Banita<\/span><\/a><\/p>\n","protected":false},"featured_media":768,"template":"","meta":{"neve_meta_sidebar":"","neve_meta_container":"","neve_meta_enable_content_width":"","neve_meta_content_width":0,"neve_meta_title_alignment":"","neve_meta_author_avatar":"","neve_post_elements_order":"","neve_meta_disable_header":"","neve_meta_disable_footer":"","neve_meta_disable_title":"","neve_meta_reading_time":"","ngg_post_thumbnail":0},"product_brand":[],"product_cat":[321],"product_tag":[],"class_list":{"0":"post-767","1":"product","2":"type-product","3":"status-publish","4":"has-post-thumbnail","6":"product_cat-aretes","8":"first","9":"instock","10":"downloadable","11":"virtual","12":"purchasable","13":"product-type-simple"},"_links":{"self":[{"href":"https:\/\/ellad2.com\/es\/wp-json\/wp\/v2\/product\/767","targetHints":{"allow":["GET"]}}],"collection":[{"href":"https:\/\/ellad2.com\/es\/wp-json\/wp\/v2\/product"}],"about":[{"href":"https:\/\/ellad2.com\/es\/wp-json\/wp\/v2\/types\/product"}],"wp:featuredmedia":[{"embeddable":true,"href":"https:\/\/ellad2.com\/es\/wp-json\/wp\/v2\/media\/768"}],"wp:attachment":[{"href":"https:\/\/ellad2.com\/es\/wp-json\/wp\/v2\/media?parent=767"}],"wp:term":[{"taxonomy":"product_brand","embeddable":true,"href":"https:\/\/ellad2.com\/es\/wp-json\/wp\/v2\/product_brand?post=767"},{"taxonomy":"product_cat","embeddable":true,"href":"https:\/\/ellad2.com\/es\/wp-json\/wp\/v2\/product_cat?post=767"},{"taxonomy":"product_tag","embeddable":true,"href":"https:\/\/ellad2.com\/es\/wp-json\/wp\/v2\/product_tag?post=767"}],"curies":[{"name":"wp","href":"https:\/\/api.w.org\/{rel}","templated":true}]}}