{"id":6485,"date":"2018-07-09T18:12:33","date_gmt":"2018-07-09T17:12:33","guid":{"rendered":"https:\/\/ellad2.com\/es\/?post_type=product&#038;p=6485"},"modified":"2018-07-12T04:18:27","modified_gmt":"2018-07-12T03:18:27","slug":"tutorial-colgante-lala","status":"publish","type":"product","link":"https:\/\/ellad2.com\/es\/tienda\/tutorial-colgante-lala\/","title":{"rendered":"Tutorial Colgante Lala"},"content":{"rendered":"<p>El Colgante Lala tiene una hermosa forma de flor. Tiene 3 variaciones seg\u00fan el tipo de cuentas que tenga o compre.<\/p>\n<p>Como no estaba segura de encontrar cuentas Olive 12x7mm, hice el segundo colgante con Perlas Swarovski 6mm. Usted puede usar perlas redondas de cristal o Perlas 6mm.<\/p>\nngg_shortcode_0_placeholder\n<p>Luego, encontr\u00e9 en mi escondite cuentas Teardrop 17x8mm. Bueno voy a intentar con estas tambi\u00e9n. Este colgante es un poquito diferente que los primeros dos. As\u00ed que usted puede elegir lo que quiera hacer. O puede hacer los 3.<\/p>\n<p>El Tutorial de abalorios explica las 3 variaciones y es muy detallado, f\u00e1cil a seguir, paso a paso, con instrucciones claras y con fotos a color de cada paso.<\/p>\n<p>Lista de Materiales:<\/p>\n<ul>\n<li>Cuentas Seed Miyuki 11\/0, 8\/0, 15\/0 (tambi\u00e9n us\u00e9 cuentas Seed Toho 11\/0)<\/li>\n<li>Cuentas Olive Glass pearly 12x7mm (o Perlas 6mm, o Teardrop 17x8mm)<\/li>\n<li>Bicones Swarovski 4mm<\/li>\n<li>Cuentas Glass druk 6mm<\/li>\n<li>Perlas de Cristal 3mm<\/li>\n<li>Fireline 6lb<\/li>\n<li>Aguja para abalorios # 12 o aguja Tulip # 11<\/li>\n<\/ul>\n<p>El Tutorial de abalorios para el Colgante Lala es un archivo PDF.<\/p>\n<p><strong><em>Instrucciones para la descarga:<\/em><\/strong><\/p>\n<p>Despu\u00e9s de que realice el pago, ser\u00e1 dirigida a ella2.com; en donde encontrar\u00e1 el enlace(s) para la descarga. Teclear en \u2018download\u2019 y empezar\u00e1 la descarga. Salve su tutor\u00eda(s).<\/p>\n<p>Tambi\u00e9n recibir\u00e1 un correo electr\u00f3nico con la confirmaci\u00f3n de su pedido con el enlace(s) para la descarga. Teclear en el enlace(s) y la descarga comenzar\u00e1. Salve el documento en su computadora. Por favor, verifique su correo spam\/correo no deseado.<\/p>\n<p>Siempre puede comprobar aqu\u00ed el <a href=\"http:\/\/ellad2.com\/problems-download\/\"><em>estado del pedido<\/em><\/a><em>.<\/em><\/p>\n<p>Puede vender cualquier art\u00edculo que haga con los patrones que me ha comprado. Vea aqu\u00ed mis <a href=\"http:\/\/ellad2.com\/es\/terminos-y-condiciones-ellad2\/\"><em>T\u00e9rminos y condiciones<\/em><\/a><\/p>\n<p>Derechos de Autor \u00a9Ellad2 \u2013 2018<\/p>\n","protected":false},"excerpt":{"rendered":"<p>El Colgante Lala tiene una hermosa forma de flor. Tiene 3 variaciones seg\u00fan el tipo de cuentas que tenga o compre. Como no estaba segura de encontrar cuentas Olive 12x7mm, hice el segundo colgante con Perlas Swarovski 6mm. Usted puede usar perlas redondas de cristal o Perlas 6mm. Luego, encontr\u00e9 en mi escondite cuentas Teardrop&hellip;&nbsp;<a href=\"https:\/\/ellad2.com\/es\/tienda\/tutorial-colgante-lala\/\" rel=\"bookmark\">Read More &raquo;<span class=\"screen-reader-text\">Tutorial Colgante Lala<\/span><\/a><\/p>\n","protected":false},"featured_media":6487,"template":"","meta":{"neve_meta_sidebar":"","neve_meta_container":"","neve_meta_enable_content_width":"","neve_meta_content_width":0,"neve_meta_title_alignment":"","neve_meta_author_avatar":"","neve_post_elements_order":"","neve_meta_disable_header":"","neve_meta_disable_footer":"","neve_meta_disable_title":"","neve_meta_reading_time":"","ngg_post_thumbnail":0},"product_brand":[],"product_cat":[327],"product_tag":[285,287,289],"class_list":{"0":"post-6485","1":"product","2":"type-product","3":"status-publish","4":"has-post-thumbnail","6":"product_cat-colgantes","7":"product_tag-bicones-swarovski-4mm","8":"product_tag-cuentas-glass-druk-6mm","9":"product_tag-perlas-de-cristal-3mm","11":"first","12":"instock","13":"downloadable","14":"virtual","15":"purchasable","16":"product-type-simple"},"_links":{"self":[{"href":"https:\/\/ellad2.com\/es\/wp-json\/wp\/v2\/product\/6485","targetHints":{"allow":["GET"]}}],"collection":[{"href":"https:\/\/ellad2.com\/es\/wp-json\/wp\/v2\/product"}],"about":[{"href":"https:\/\/ellad2.com\/es\/wp-json\/wp\/v2\/types\/product"}],"wp:featuredmedia":[{"embeddable":true,"href":"https:\/\/ellad2.com\/es\/wp-json\/wp\/v2\/media\/6487"}],"wp:attachment":[{"href":"https:\/\/ellad2.com\/es\/wp-json\/wp\/v2\/media?parent=6485"}],"wp:term":[{"taxonomy":"product_brand","embeddable":true,"href":"https:\/\/ellad2.com\/es\/wp-json\/wp\/v2\/product_brand?post=6485"},{"taxonomy":"product_cat","embeddable":true,"href":"https:\/\/ellad2.com\/es\/wp-json\/wp\/v2\/product_cat?post=6485"},{"taxonomy":"product_tag","embeddable":true,"href":"https:\/\/ellad2.com\/es\/wp-json\/wp\/v2\/product_tag?post=6485"}],"curies":[{"name":"wp","href":"https:\/\/api.w.org\/{rel}","templated":true}]}}