{"id":6437,"date":"2018-07-01T01:51:36","date_gmt":"2018-07-01T00:51:36","guid":{"rendered":"https:\/\/ellad2.com\/es\/?post_type=product&#038;p=6437"},"modified":"2018-07-12T04:18:26","modified_gmt":"2018-07-12T03:18:26","slug":"tutorial-aretes-nola","status":"publish","type":"product","link":"https:\/\/ellad2.com\/es\/tienda\/tutorial-aretes-nola\/","title":{"rendered":"Tutorial Aretes Nola"},"content":{"rendered":"<p>Otro dise\u00f1o para Aretes con las hermosas cuentas Zoliduo \u2026<\/p>\n<p>Es un Proyecto de abalorios f\u00e1cil y r\u00e1pido, adecuado para todos los niveles.<\/p>\n<p>La Tutor\u00eda para los Aretes Nola es muy detallada, f\u00e1cil de seguir, paso a paso, con instrucciones claras y con fotos a color de cada paso.<\/p>\nngg_shortcode_0_placeholder\n<p>Lista de Materiales:<\/p>\n<ul>\n<li>Cuentas Seed Miyuki 11\/0<\/li>\n<li>Chatones Swarovski 1880- 8mm<\/li>\n<li>Cuentas Zoliduo (Izquierda y Derecha)<\/li>\n<li>Bicones Swarovski 3mm<\/li>\n<li>Perlas 4mm<\/li>\n<li>Cuentas Olives Cristal 12x7mm (o lo que tenga\/guste \u2026)<\/li>\n<li>Ganchos para aretes<\/li>\n<li>Fireline 6lb<\/li>\n<li>Aguja para abalorios # 12 o aguja Tulip # 11<\/li>\n<\/ul>\n<p>La Tutor\u00eda de Abalorios para los Aretes Nola es un archivo PDF.<\/p>\n<p><strong><em>Instrucciones para la descarga:<\/em><\/strong><\/p>\n<p>Despu\u00e9s de que realice el pago, ser\u00e1 dirigida a ella2.com. En donde encontrar\u00e1 el enlace(s) para la descarga. Teclear en \u2018download\u2019 y empezar\u00e1 la descarga. Salve su tutor\u00eda(s).<\/p>\n<p>Tambi\u00e9n recibir\u00e1 un correo electr\u00f3nico con la confirmaci\u00f3n de su pedido con el enlace(s) para la descarga. Teclear en el enlace(s) y la descarga comenzar\u00e1. Salve el documento en su computadora. Por favor, verifique su correo spam\/correo no deseado.<\/p>\n<p>Siempre puede comprobar aqu\u00ed <a href=\"http:\/\/ellad2.com\/problems-download\/\"><em>estado del pedido<\/em><\/a><em>.<\/em><\/p>\n<p>Puede vender cualquier art\u00edculo que realice con los patrones que me ha comprado. Vea aqu\u00ed mis <a href=\"http:\/\/ellad2.com\/es\/terminos-y-condiciones-ellad2\/\"><em>T\u00e9rminos y condiciones<\/em><\/a><\/p>\n<p>Derechos de Autor \u00a9Ellad2 \u2013 2018<\/p>\n","protected":false},"excerpt":{"rendered":"<p>Otro dise\u00f1o para Aretes con las hermosas cuentas Zoliduo \u2026 Es un Proyecto de abalorios f\u00e1cil y r\u00e1pido, adecuado para todos los niveles. La Tutor\u00eda para los Aretes Nola es muy detallada, f\u00e1cil de seguir, paso a paso, con instrucciones claras y con fotos a color de cada paso. Lista de Materiales: Cuentas Seed Miyuki&hellip;&nbsp;<a href=\"https:\/\/ellad2.com\/es\/tienda\/tutorial-aretes-nola\/\" rel=\"bookmark\">Read More &raquo;<span class=\"screen-reader-text\">Tutorial Aretes Nola<\/span><\/a><\/p>\n","protected":false},"featured_media":6439,"template":"","meta":{"neve_meta_sidebar":"","neve_meta_container":"","neve_meta_enable_content_width":"","neve_meta_content_width":0,"neve_meta_title_alignment":"","neve_meta_author_avatar":"","neve_post_elements_order":"","neve_meta_disable_header":"","neve_meta_disable_footer":"","neve_meta_disable_title":"","neve_meta_reading_time":"","ngg_post_thumbnail":0},"product_brand":[],"product_cat":[321],"product_tag":[283,279,281,229],"class_list":{"0":"post-6437","1":"product","2":"type-product","3":"status-publish","4":"has-post-thumbnail","6":"product_cat-aretes","7":"product_tag-aretes-con-zoliduo","8":"product_tag-chatones-swarovski-1880-8mm","9":"product_tag-chatones-swarovski-8mm","10":"product_tag-cuentas-zoliduo","12":"first","13":"instock","14":"downloadable","15":"virtual","16":"purchasable","17":"product-type-simple"},"_links":{"self":[{"href":"https:\/\/ellad2.com\/es\/wp-json\/wp\/v2\/product\/6437","targetHints":{"allow":["GET"]}}],"collection":[{"href":"https:\/\/ellad2.com\/es\/wp-json\/wp\/v2\/product"}],"about":[{"href":"https:\/\/ellad2.com\/es\/wp-json\/wp\/v2\/types\/product"}],"wp:featuredmedia":[{"embeddable":true,"href":"https:\/\/ellad2.com\/es\/wp-json\/wp\/v2\/media\/6439"}],"wp:attachment":[{"href":"https:\/\/ellad2.com\/es\/wp-json\/wp\/v2\/media?parent=6437"}],"wp:term":[{"taxonomy":"product_brand","embeddable":true,"href":"https:\/\/ellad2.com\/es\/wp-json\/wp\/v2\/product_brand?post=6437"},{"taxonomy":"product_cat","embeddable":true,"href":"https:\/\/ellad2.com\/es\/wp-json\/wp\/v2\/product_cat?post=6437"},{"taxonomy":"product_tag","embeddable":true,"href":"https:\/\/ellad2.com\/es\/wp-json\/wp\/v2\/product_tag?post=6437"}],"curies":[{"name":"wp","href":"https:\/\/api.w.org\/{rel}","templated":true}]}}