{"id":6391,"date":"2018-06-18T16:03:56","date_gmt":"2018-06-18T15:03:56","guid":{"rendered":"https:\/\/ellad2.com\/es\/?post_type=product&#038;p=6391"},"modified":"2018-07-12T04:18:25","modified_gmt":"2018-07-12T03:18:25","slug":"tutorial-collar-latticia","status":"publish","type":"product","link":"https:\/\/ellad2.com\/es\/tienda\/tutorial-collar-latticia\/","title":{"rendered":"Tutorial Collar Latticia"},"content":{"rendered":"<p>Hermoso collar hecho con un Cabuch\u00f3n Cristal de Puca \u00ae 25 mm; color Verde Opaco M\u00e1rmol Turquesa. Puede usar cualquier otro cabuch\u00f3n en ese tama\u00f1o para este proyecto.<\/p>\n<p>Para embellecerlo a\u00fan m\u00e1s usted puede utilizar un diverso tipo de perlas, cuentas en forma de pera, cristales en forma de l\u00e1grima, cuentas fuego-pulido o cristales Swarovski.<\/p>\n<p>Nivel del Proyecto: Este patr\u00f3n es para intermedias\/avanzadas.<\/p>\nngg_shortcode_0_placeholder\n<p>El Tutorial de abalorios para el Collar Latticia es muy detallado, f\u00e1cil de seguir, con instrucciones claras, paso a paso y con fotos a color de cada paso.<\/p>\n<p>Lista de Materiales:<\/p>\n<ul>\n<li>Cuentas Seed Miyuki 11\/0, 8\/0, 15\/0 (tambi\u00e9n us\u00e9 Toho 11\/0 terminado permanente alrededor del bisel). Es opcional\u2026<\/li>\n<li>Cabuch\u00f3n Cristal Puca\u00ae 25 mm, o cualquier cabuch\u00f3n en ese tama\u00f1o.<\/li>\n<li>Chaton Swarovski piedra redonda 1088, 8mm<\/li>\n<li>Cuentas Fire-polished 4mm<\/li>\n<li>Perlas de Vidrio 2mm (pude usar cuentas tama\u00f1o 8\/0 en caso de que no tenga esas).<\/li>\n<li>Broche<\/li>\n<li>Fireline 6lb<\/li>\n<li>Aguja para abalorios # 12 o aguja Tulip # 11<\/li>\n<\/ul>\n<p>El Tutorial de abalorios para el Collar Latticia es un archivo PDF.<\/p>\n<p>Instrucciones para la descarga:<\/p>\n<p>Despu\u00e9s de que realice el pago, ser\u00e1 dirigida a ella2.com; en donde encontrar\u00e1 el enlace(s) para la descarga. Teclear en \u2018download\u2019 y empezar\u00e1 la descarga. Salve su tutor\u00eda(s).<\/p>\n<p>Tambi\u00e9n recibir\u00e1 un correo electr\u00f3nico con la confirmaci\u00f3n de su pedido con el enlace(s) para la descarga. Teclear en el enlace(s) y la descarga comenzar\u00e1. Salve el documento en su computadora. Por favor, verifique su correo spam\/correo no deseado.<\/p>\n<p>Siempre puede comprobar aqu\u00ed el <a href=\"http:\/\/ellad2.com\/problems-download\/\"><em>estado del pedido<\/em><\/a><em>.<\/em><\/p>\n<p>Puede vender cualquier art\u00edculo que haga con los patrones que me ha comprado. Vea aqu\u00ed mis <a href=\"http:\/\/ellad2.com\/es\/terminos-y-condiciones-ellad2\/\"><em>T\u00e9rminos y condiciones<\/em><\/a><\/p>\n<p>Derechos de Autor \u00a9Ellad2 \u2013 2018<\/p>\n","protected":false},"excerpt":{"rendered":"<p>Hermoso collar hecho con un Cabuch\u00f3n Cristal de Puca \u00ae 25 mm; color Verde Opaco M\u00e1rmol Turquesa. Puede usar cualquier otro cabuch\u00f3n en ese tama\u00f1o para este proyecto. Para embellecerlo a\u00fan m\u00e1s usted puede utilizar un diverso tipo de perlas, cuentas en forma de pera, cristales en forma de l\u00e1grima, cuentas fuego-pulido o cristales Swarovski.&hellip;&nbsp;<a href=\"https:\/\/ellad2.com\/es\/tienda\/tutorial-collar-latticia\/\" rel=\"bookmark\">Read More &raquo;<span class=\"screen-reader-text\">Tutorial Collar Latticia<\/span><\/a><\/p>\n","protected":false},"featured_media":6395,"template":"","meta":{"neve_meta_sidebar":"","neve_meta_container":"","neve_meta_enable_content_width":"","neve_meta_content_width":0,"neve_meta_title_alignment":"","neve_meta_author_avatar":"","neve_post_elements_order":"","neve_meta_disable_header":"","neve_meta_disable_footer":"","neve_meta_disable_title":"","neve_meta_reading_time":"","ngg_post_thumbnail":0},"product_brand":[],"product_cat":[329],"product_tag":[],"class_list":{"0":"post-6391","1":"product","2":"type-product","3":"status-publish","4":"has-post-thumbnail","6":"product_cat-collares","8":"first","9":"instock","10":"downloadable","11":"virtual","12":"purchasable","13":"product-type-simple"},"_links":{"self":[{"href":"https:\/\/ellad2.com\/es\/wp-json\/wp\/v2\/product\/6391","targetHints":{"allow":["GET"]}}],"collection":[{"href":"https:\/\/ellad2.com\/es\/wp-json\/wp\/v2\/product"}],"about":[{"href":"https:\/\/ellad2.com\/es\/wp-json\/wp\/v2\/types\/product"}],"wp:featuredmedia":[{"embeddable":true,"href":"https:\/\/ellad2.com\/es\/wp-json\/wp\/v2\/media\/6395"}],"wp:attachment":[{"href":"https:\/\/ellad2.com\/es\/wp-json\/wp\/v2\/media?parent=6391"}],"wp:term":[{"taxonomy":"product_brand","embeddable":true,"href":"https:\/\/ellad2.com\/es\/wp-json\/wp\/v2\/product_brand?post=6391"},{"taxonomy":"product_cat","embeddable":true,"href":"https:\/\/ellad2.com\/es\/wp-json\/wp\/v2\/product_cat?post=6391"},{"taxonomy":"product_tag","embeddable":true,"href":"https:\/\/ellad2.com\/es\/wp-json\/wp\/v2\/product_tag?post=6391"}],"curies":[{"name":"wp","href":"https:\/\/api.w.org\/{rel}","templated":true}]}}