{"id":6175,"date":"2018-04-23T21:16:23","date_gmt":"2018-04-23T20:16:23","guid":{"rendered":"https:\/\/ellad2.com\/es\/?post_type=product&#038;p=6175"},"modified":"2018-07-12T04:18:23","modified_gmt":"2018-07-12T03:18:23","slug":"tutorial-colgante-jonquil","status":"publish","type":"product","link":"https:\/\/ellad2.com\/es\/tienda\/tutorial-colgante-jonquil\/","title":{"rendered":"Tutorial Colgante Jonquil"},"content":{"rendered":"<p><a href=\"http:\/\/www.wikiwand.com\/en\/Jonquil_(color)\"><em>Jonquil<\/em>\u00a0<\/a>es una tonalidad de amarillo. Es el color del interior de la proyecci\u00f3n tubular cil\u00edndrica central de la flor junquillo. El color toma su nombre de una especie de planta, Narcissus jonquilla, que tiene racimos de peque\u00f1as flores fragantes amarillas y es nativo del Mediterr\u00e1neo.<\/p>\n<p>Este colgante en forma de una hermosa flor es adecuado para todos los niveles. Para principiantes es un poco dif\u00edcil, pero estoy segura de que tambi\u00e9n pueden hacerlo.<\/p>\nngg_shortcode_0_placeholder\n<p>Lista de Materiales:<\/p>\n<ul>\n<li>Cuentas Seed Miyuki 11\/0, 8\/0<\/li>\n<li>Perlas Swarovski 6mm<\/li>\n<li>Bicones Swarovski 4mm<\/li>\n<li>Cuentas Fire-polished Czech 4mm<\/li>\n<li>Cuentas Superduo 2.5x5mm<\/li>\n<li>Fireline 6lb<\/li>\n<li>Aguja para abalorios # 12 o aguja Tulip # 11<\/li>\n<\/ul>\n<p>El Tutorial de abalorios para el Colgante Jonquil es muy detallado, f\u00e1cil de seguir, con instrucciones claras; paso a paso y con fotograf\u00edas a color de cada paso.<\/p>\n<p>El tutorial de abalorios es un archivo PDF.<\/p>\n<p><strong><em>Instrucciones para la descarga:<\/em><\/strong><\/p>\n<p>Despu\u00e9s de que realice el pago, ser\u00e1 dirigida a ella2.com; en donde encontrar\u00e1 el enlace(s) para la descarga. Teclear en \u2018download\u2019 y empezar\u00e1 la descarga. Salve su tutor\u00eda(s).<\/p>\n<p>Tambi\u00e9n recibir\u00e1 un correo electr\u00f3nico con la confirmaci\u00f3n de su pedido con el enlace(s) para la descarga. Teclear en el enlace(s) y la descarga comenzar\u00e1. Salve el documento en su computadora. Por favor, verifique su correo spam\/correo no deseado.<\/p>\n<p>Siempre puede comprobar aqu\u00ed el <a href=\"http:\/\/ellad2.com\/problems-download\/\"><em>estado del pedido<\/em><\/a><em>.<\/em><\/p>\n<p>Puede vender cualquier art\u00edculo que haga con los patrones que me ha comprado. Vea aqu\u00ed mis <a href=\"http:\/\/ellad2.com\/es\/terminos-y-condiciones-ellad2\/\"><em>T\u00e9rminos y condiciones<\/em><\/a><\/p>\n<p>Derechos de Autor \u00a9Ellad2 \u2013 2018<\/p>\n<p>&nbsp;<\/p>\n","protected":false},"excerpt":{"rendered":"<p>Jonquil\u00a0es una tonalidad de amarillo. Es el color del interior de la proyecci\u00f3n tubular cil\u00edndrica central de la flor junquillo. El color toma su nombre de una especie de planta, Narcissus jonquilla, que tiene racimos de peque\u00f1as flores fragantes amarillas y es nativo del Mediterr\u00e1neo. Este colgante en forma de una hermosa flor es adecuado&hellip;&nbsp;<a href=\"https:\/\/ellad2.com\/es\/tienda\/tutorial-colgante-jonquil\/\" rel=\"bookmark\">Read More &raquo;<span class=\"screen-reader-text\">Tutorial Colgante Jonquil<\/span><\/a><\/p>\n","protected":false},"featured_media":6177,"template":"","meta":{"neve_meta_sidebar":"","neve_meta_container":"","neve_meta_enable_content_width":"","neve_meta_content_width":0,"neve_meta_title_alignment":"","neve_meta_author_avatar":"","neve_post_elements_order":"","neve_meta_disable_header":"","neve_meta_disable_footer":"","neve_meta_disable_title":"","neve_meta_reading_time":"","ngg_post_thumbnail":0},"product_brand":[],"product_cat":[327],"product_tag":[],"class_list":{"0":"post-6175","1":"product","2":"type-product","3":"status-publish","4":"has-post-thumbnail","6":"product_cat-colgantes","8":"first","9":"instock","10":"downloadable","11":"virtual","12":"purchasable","13":"product-type-simple"},"_links":{"self":[{"href":"https:\/\/ellad2.com\/es\/wp-json\/wp\/v2\/product\/6175","targetHints":{"allow":["GET"]}}],"collection":[{"href":"https:\/\/ellad2.com\/es\/wp-json\/wp\/v2\/product"}],"about":[{"href":"https:\/\/ellad2.com\/es\/wp-json\/wp\/v2\/types\/product"}],"wp:featuredmedia":[{"embeddable":true,"href":"https:\/\/ellad2.com\/es\/wp-json\/wp\/v2\/media\/6177"}],"wp:attachment":[{"href":"https:\/\/ellad2.com\/es\/wp-json\/wp\/v2\/media?parent=6175"}],"wp:term":[{"taxonomy":"product_brand","embeddable":true,"href":"https:\/\/ellad2.com\/es\/wp-json\/wp\/v2\/product_brand?post=6175"},{"taxonomy":"product_cat","embeddable":true,"href":"https:\/\/ellad2.com\/es\/wp-json\/wp\/v2\/product_cat?post=6175"},{"taxonomy":"product_tag","embeddable":true,"href":"https:\/\/ellad2.com\/es\/wp-json\/wp\/v2\/product_tag?post=6175"}],"curies":[{"name":"wp","href":"https:\/\/api.w.org\/{rel}","templated":true}]}}