{"id":5667,"date":"2017-12-30T17:35:35","date_gmt":"2017-12-30T16:35:35","guid":{"rendered":"https:\/\/ellad2.com\/es\/?post_type=product&#038;p=5667"},"modified":"2018-08-25T17:13:44","modified_gmt":"2018-08-25T16:13:44","slug":"estrella-centelleante","status":"publish","type":"product","link":"https:\/\/ellad2.com\/es\/tienda\/estrella-centelleante\/","title":{"rendered":"Tutorial Estrella Centelleante"},"content":{"rendered":"<p>\u00a1Justo a tiempo! \u00a1Mi&nbsp;<em>Estrella Morada Centelleante<\/em> para el 2018! Como mencion\u00e9 antes, en el 2018 veremos mucho morado a nuestro alrededor.<\/p>\n<p>El Instituto Pantone anunci\u00f3 que el morado reinar\u00e1 como el color del a\u00f1o 2018 \u2013 espec\u00edficamente, la sombra UltraVioleta.<\/p>\n<p>Nivel del proyecto: Intermedio\/Avanzado &#8211; deber\u00e1 estar familiarizada con la puntada peyote.<\/p>\nngg_shortcode_0_placeholder\n<p>El Tutorial para el Estrella Centelleante es muy detallada, f\u00e1cil de seguir, paso a paso, con instrucciones claras y con fotograf\u00edas a color de cada paso.<\/p>\n<p>Lista de Materiales:<\/p>\n<ul>\n<li>Delica Miyuki 11\/0<\/li>\n<li>Cuentas Seed Miyuki 11\/0 y 15\/0<\/li>\n<li>Bicones Swarovski 4mm y 3mm<\/li>\n<li>Fireline 6lb<\/li>\n<li>Aguja para abalorios # 12 o aguja Tulip # 11<\/li>\n<\/ul>\n<p>El Tutorial de abalorios para el Estrella Centelleante es un archivo PDF.<\/p>\n<p><strong><em>Instrucciones para la descarga:<\/em><\/strong><\/p>\n<p>Despu\u00e9s de que realice el pago, ser\u00e1 dirigida a ella2.com; en donde encontrar\u00e1 el enlace(s) para la descarga. Teclear en \u2018download\u2019 y empezar\u00e1 la descarga. Salve su tutor\u00eda(s).<\/p>\n<p>Tambi\u00e9n recibir\u00e1 un correo electr\u00f3nico con la confirmaci\u00f3n de su pedido con el enlace(s) para la descarga. Teclear en el enlace(s) y la descarga comenzar\u00e1. Salve el documento en su computadora. Por favor, verifique su correo spam\/correo no deseado <a href=\"https:\/\/ellad2.com\/problems-download\/\">estado del pedido<\/a>.<\/p>\n<p>Puede vender cualquier art\u00edculo que haga con los patrones que me ha comprado. Vea aqu\u00ed mis <a href=\"https:\/\/ellad2.com\/products-page\/terms-and-conditions\/\"><em>T\u00e9rminos&amp;Condiciones.<\/em><\/a><\/p>\n<p>Copyright\u00a9Ellad2\u00ae \u2013 2017<\/p>\n","protected":false},"excerpt":{"rendered":"<p>\u00a1Justo a tiempo! \u00a1Mi&nbsp;Estrella Morada Centelleante para el 2018! Como mencion\u00e9 antes, en el 2018 veremos mucho morado a nuestro alrededor. El Instituto Pantone anunci\u00f3 que el morado reinar\u00e1 como el color del a\u00f1o 2018 \u2013 espec\u00edficamente, la sombra UltraVioleta. Nivel del proyecto: Intermedio\/Avanzado &#8211; deber\u00e1 estar familiarizada con la puntada peyote. El Tutorial para&hellip;&nbsp;<a href=\"https:\/\/ellad2.com\/es\/tienda\/estrella-centelleante\/\" rel=\"bookmark\">Read More &raquo;<span class=\"screen-reader-text\">Tutorial Estrella Centelleante<\/span><\/a><\/p>\n","protected":false},"featured_media":5669,"template":"","meta":{"neve_meta_sidebar":"","neve_meta_container":"","neve_meta_enable_content_width":"","neve_meta_content_width":0,"neve_meta_title_alignment":"","neve_meta_author_avatar":"","neve_post_elements_order":"","neve_meta_disable_header":"","neve_meta_disable_footer":"","neve_meta_disable_title":"","neve_meta_reading_time":"","ngg_post_thumbnail":0},"product_brand":[],"product_cat":[327,333],"product_tag":[],"class_list":{"0":"post-5667","1":"product","2":"type-product","3":"status-publish","4":"has-post-thumbnail","6":"product_cat-colgantes","7":"product_cat-diverso","9":"first","10":"instock","11":"downloadable","12":"virtual","13":"purchasable","14":"product-type-simple"},"_links":{"self":[{"href":"https:\/\/ellad2.com\/es\/wp-json\/wp\/v2\/product\/5667","targetHints":{"allow":["GET"]}}],"collection":[{"href":"https:\/\/ellad2.com\/es\/wp-json\/wp\/v2\/product"}],"about":[{"href":"https:\/\/ellad2.com\/es\/wp-json\/wp\/v2\/types\/product"}],"wp:featuredmedia":[{"embeddable":true,"href":"https:\/\/ellad2.com\/es\/wp-json\/wp\/v2\/media\/5669"}],"wp:attachment":[{"href":"https:\/\/ellad2.com\/es\/wp-json\/wp\/v2\/media?parent=5667"}],"wp:term":[{"taxonomy":"product_brand","embeddable":true,"href":"https:\/\/ellad2.com\/es\/wp-json\/wp\/v2\/product_brand?post=5667"},{"taxonomy":"product_cat","embeddable":true,"href":"https:\/\/ellad2.com\/es\/wp-json\/wp\/v2\/product_cat?post=5667"},{"taxonomy":"product_tag","embeddable":true,"href":"https:\/\/ellad2.com\/es\/wp-json\/wp\/v2\/product_tag?post=5667"}],"curies":[{"name":"wp","href":"https:\/\/api.w.org\/{rel}","templated":true}]}}