{"id":5367,"date":"2017-12-03T00:15:12","date_gmt":"2017-12-02T23:15:12","guid":{"rendered":"https:\/\/ellad2.com\/es\/?post_type=product&#038;p=5367"},"modified":"2018-07-12T04:18:19","modified_gmt":"2018-07-12T03:18:19","slug":"tutorial-aretes-hana","status":"publish","type":"product","link":"https:\/\/ellad2.com\/es\/tienda\/tutorial-aretes-hana\/","title":{"rendered":"Tutorial Aretes Hana"},"content":{"rendered":"<p>Nuevo proyecto de abalorios con <strong><em>cuentas ZoliDuo<\/em><\/strong> y <strong><em>cuentas IrisDuo<\/em><\/strong>. Depende en donde agregue el gancho para arete, usted conseguir\u00e1 una diversa impresi\u00f3n: forma cuadrada o de tr\u00e9bol 4-hojas.<\/p>\n<p>En lugar de cuentas IrisDuo, si usted no puede encontrarlas en su tienda local o en l\u00ednea en su pa\u00eds, usted puede utilizar cuentas DiamonDuo. No trat\u00e9 de hacerlos con Superduo, pero supongo que tambi\u00e9n es posible con algunos ajustes.<\/p>\nngg_shortcode_0_placeholder\n<p>Nivel del Proyecto: Principiantes\/Intermedios.<\/p>\n<p>La Tutor\u00eda de abalorios para los Aretes Hana es muy detallada, f\u00e1cil de seguir, paso a paso, con instrucciones claras y con fotograf\u00edas a color de cada paso.<\/p>\n<p>Lista de Materiales:<\/p>\n<ul>\n<li>Cuentas Seed Miyuki 11\/0, 15\/0<\/li>\n<li>Cuentas Fringe Miyuki (drop) 3x4mm<\/li>\n<li>Cuentas Zoliduo izquierdas y derechas<\/li>\n<li>Cuentas IrisDuo<\/li>\n<li>Bicones Swarovski 3mm<\/li>\n<li>Crystal Drop Swarovski (si desea).<\/li>\n<li>Ganchos para aretes<\/li>\n<li>Fireline 6lb<\/li>\n<li>Aguja para abalorios # 12 o aguja Tulip # 11<\/li>\n<\/ul>\n<p>El Tutorial de abalorios para los Aretes Hana es un archivo PDF.<\/p>\n<p><strong><em>Instrucciones para la descarga:<\/em><\/strong><\/p>\n<p>Despu\u00e9s de que realice el pago, ser\u00e1 dirigida a ella2.com. En donde encontrar\u00e1 el enlace(s) para la descarga. Teclear en \u2018download\u2019 y empezar\u00e1 la descarga. Salve su tutor\u00eda(s).<\/p>\n<p>Tambi\u00e9n recibir\u00e1 un correo electr\u00f3nico con la confirmaci\u00f3n de su pedido con el enlace(s) para la descarga. Teclear en el enlace(s) y la descarga comenzar\u00e1. Salve el documento en su computadora. Por favor, verifique su correo spam\/correo no deseado.<\/p>\n<p>Siempre puede comprobar aqu\u00ed <a href=\"http:\/\/ellad2.com\/problems-download\/\"><em>estado del pedido<\/em><\/a><em>.<\/em><\/p>\n<p>Puede vender cualquier art\u00edculo que realice con los patrones que me ha comprado. Vea aqu\u00ed mis <a href=\"http:\/\/ellad2.com\/es\/terminos-y-condiciones-ellad2\/\"><em>T\u00e9rminos y condiciones<\/em><\/a><\/p>\n<p>Derechos de Autor \u00a9Ellad2 \u2013 2017<\/p>\n","protected":false},"excerpt":{"rendered":"<p>Nuevo proyecto de abalorios con cuentas ZoliDuo y cuentas IrisDuo. Depende en donde agregue el gancho para arete, usted conseguir\u00e1 una diversa impresi\u00f3n: forma cuadrada o de tr\u00e9bol 4-hojas. En lugar de cuentas IrisDuo, si usted no puede encontrarlas en su tienda local o en l\u00ednea en su pa\u00eds, usted puede utilizar cuentas DiamonDuo. No&hellip;&nbsp;<a href=\"https:\/\/ellad2.com\/es\/tienda\/tutorial-aretes-hana\/\" rel=\"bookmark\">Read More &raquo;<span class=\"screen-reader-text\">Tutorial Aretes Hana<\/span><\/a><\/p>\n","protected":false},"featured_media":5369,"template":"","meta":{"neve_meta_sidebar":"","neve_meta_container":"","neve_meta_enable_content_width":"","neve_meta_content_width":0,"neve_meta_title_alignment":"","neve_meta_author_avatar":"","neve_post_elements_order":"","neve_meta_disable_header":"","neve_meta_disable_footer":"","neve_meta_disable_title":"","neve_meta_reading_time":"","ngg_post_thumbnail":0},"product_brand":[],"product_cat":[321],"product_tag":[],"class_list":{"0":"post-5367","1":"product","2":"type-product","3":"status-publish","4":"has-post-thumbnail","6":"product_cat-aretes","8":"first","9":"instock","10":"downloadable","11":"virtual","12":"purchasable","13":"product-type-simple"},"_links":{"self":[{"href":"https:\/\/ellad2.com\/es\/wp-json\/wp\/v2\/product\/5367","targetHints":{"allow":["GET"]}}],"collection":[{"href":"https:\/\/ellad2.com\/es\/wp-json\/wp\/v2\/product"}],"about":[{"href":"https:\/\/ellad2.com\/es\/wp-json\/wp\/v2\/types\/product"}],"wp:featuredmedia":[{"embeddable":true,"href":"https:\/\/ellad2.com\/es\/wp-json\/wp\/v2\/media\/5369"}],"wp:attachment":[{"href":"https:\/\/ellad2.com\/es\/wp-json\/wp\/v2\/media?parent=5367"}],"wp:term":[{"taxonomy":"product_brand","embeddable":true,"href":"https:\/\/ellad2.com\/es\/wp-json\/wp\/v2\/product_brand?post=5367"},{"taxonomy":"product_cat","embeddable":true,"href":"https:\/\/ellad2.com\/es\/wp-json\/wp\/v2\/product_cat?post=5367"},{"taxonomy":"product_tag","embeddable":true,"href":"https:\/\/ellad2.com\/es\/wp-json\/wp\/v2\/product_tag?post=5367"}],"curies":[{"name":"wp","href":"https:\/\/api.w.org\/{rel}","templated":true}]}}