{"id":4665,"date":"2017-09-14T16:11:44","date_gmt":"2017-09-14T15:11:44","guid":{"rendered":"https:\/\/ellad2.com\/es\/?post_type=product&#038;p=4665"},"modified":"2018-07-12T04:18:12","modified_gmt":"2018-07-12T03:18:12","slug":"tutorial-colgante-marquise","status":"publish","type":"product","link":"https:\/\/ellad2.com\/es\/tienda\/tutorial-colgante-marquise\/","title":{"rendered":"Tutorial Colgante Marquise"},"content":{"rendered":"<p>El hermoso Colgante Marquise est\u00e1 hecho con perlas y cristales Swarovski. Usted aprender\u00e1 a hacer un bisel facetado para la piedra Marquise Swarovski 32x17mm. El mismo patr\u00f3n que podr\u00e1 utilizar para otros tama\u00f1os de piedras Marquise.<\/p>\n<p>Nivel del Proyecto: Intermedio\/Avanzado \u2013 deber\u00e1 estar familiarizada con la puntada Peyote.<\/p>\nngg_shortcode_0_placeholder\n<p>El Tutorial de abalorios para el Colgante Marquise es muy detallado, f\u00e1cil de seguir, paso a paso, con instrucciones claras y con fotos a color de cada paso.<\/p>\n<p>Lista de Materiales:<\/p>\n<ul>\n<li>Cuentas Seed Miyuki 11\/0, 15\/0<\/li>\n<li>Delica Miyuki 11\/0<\/li>\n<li>Bicones Swarovski 4mm<\/li>\n<li>Piedra Fancy Marquise Swarovski 32x17mm<\/li>\n<li>Rivoli Swarovski 18mm<\/li>\n<li>Perlas Swarovski 3mm y 6mm<\/li>\n<li>Broche<\/li>\n<li>Fireline 6lb<\/li>\n<li>Aguja para abalorios # 12 o aguja Tulip # 11<\/li>\n<\/ul>\n<p>El Tutorial de abalorios para el Colgante Marquise es un archivo PDF.<\/p>\n<p><strong><em>Instrucciones para la descarga:<\/em><\/strong><\/p>\n<p>Despu\u00e9s de que realice el pago, ser\u00e1 dirigida a ella2.com; en donde encontrar\u00e1 el enlace(s) para la descarga. Teclear en \u2018download\u2019 y empezar\u00e1 la descarga. Salve su tutor\u00eda(s)<\/p>\n<p>Tambi\u00e9n recibir\u00e1 un correo electr\u00f3nico con la confirmaci\u00f3n de su pedido con el enlace(s) para la descarga. Teclear en el enlace(s) y la descarga comenzar\u00e1. Salve el documento en su computadora. Por favor, verifique su correo spam\/correo no deseado. Siempre puede comprobar aqu\u00ed el\u00a0<a href=\"https:\/\/ellad2.com\/problems-download\/\">estado del pedido<\/a><\/p>\n<p>Puede vender cualquier art\u00edculo que haga con los patrones que me ha comprado. Vea aqu\u00ed mis\u00a0<a href=\"http:\/\/ellad2.com\/es\/terminos-y-condiciones-ellad2\/\"><em>T\u00e9rminos&amp;Condiciones<\/em><\/a><\/p>\n<p>Derechos de Autor\u00a9Ellad2\u00ae \u2013 2017<\/p>\n<p>&nbsp;<\/p>\n","protected":false},"excerpt":{"rendered":"<p>El hermoso Colgante Marquise est\u00e1 hecho con perlas y cristales Swarovski. Usted aprender\u00e1 a hacer un bisel facetado para la piedra Marquise Swarovski 32x17mm. El mismo patr\u00f3n que podr\u00e1 utilizar para otros tama\u00f1os de piedras Marquise. Nivel del Proyecto: Intermedio\/Avanzado \u2013 deber\u00e1 estar familiarizada con la puntada Peyote. El Tutorial de abalorios para el Colgante&hellip;&nbsp;<a href=\"https:\/\/ellad2.com\/es\/tienda\/tutorial-colgante-marquise\/\" rel=\"bookmark\">Read More &raquo;<span class=\"screen-reader-text\">Tutorial Colgante Marquise<\/span><\/a><\/p>\n","protected":false},"featured_media":4667,"template":"","meta":{"neve_meta_sidebar":"","neve_meta_container":"","neve_meta_enable_content_width":"","neve_meta_content_width":0,"neve_meta_title_alignment":"","neve_meta_author_avatar":"","neve_post_elements_order":"","neve_meta_disable_header":"","neve_meta_disable_footer":"","neve_meta_disable_title":"","neve_meta_reading_time":"","ngg_post_thumbnail":0},"product_brand":[],"product_cat":[327],"product_tag":[265,267,269,263,261],"class_list":{"0":"post-4665","1":"product","2":"type-product","3":"status-publish","4":"has-post-thumbnail","6":"product_cat-colgantes","7":"product_tag-colgante-con-swarovski-marquise","8":"product_tag-colgante-swarovski","9":"product_tag-marquise-colgante","10":"product_tag-swarovski-crystal","11":"product_tag-swarovski-marquise","13":"first","14":"instock","15":"downloadable","16":"virtual","17":"purchasable","18":"product-type-simple"},"_links":{"self":[{"href":"https:\/\/ellad2.com\/es\/wp-json\/wp\/v2\/product\/4665","targetHints":{"allow":["GET"]}}],"collection":[{"href":"https:\/\/ellad2.com\/es\/wp-json\/wp\/v2\/product"}],"about":[{"href":"https:\/\/ellad2.com\/es\/wp-json\/wp\/v2\/types\/product"}],"wp:featuredmedia":[{"embeddable":true,"href":"https:\/\/ellad2.com\/es\/wp-json\/wp\/v2\/media\/4667"}],"wp:attachment":[{"href":"https:\/\/ellad2.com\/es\/wp-json\/wp\/v2\/media?parent=4665"}],"wp:term":[{"taxonomy":"product_brand","embeddable":true,"href":"https:\/\/ellad2.com\/es\/wp-json\/wp\/v2\/product_brand?post=4665"},{"taxonomy":"product_cat","embeddable":true,"href":"https:\/\/ellad2.com\/es\/wp-json\/wp\/v2\/product_cat?post=4665"},{"taxonomy":"product_tag","embeddable":true,"href":"https:\/\/ellad2.com\/es\/wp-json\/wp\/v2\/product_tag?post=4665"}],"curies":[{"name":"wp","href":"https:\/\/api.w.org\/{rel}","templated":true}]}}