{"id":4623,"date":"2017-08-30T14:43:46","date_gmt":"2017-08-30T13:43:46","guid":{"rendered":"https:\/\/ellad2.com\/es\/?post_type=product&#038;p=4623"},"modified":"2018-07-12T04:18:12","modified_gmt":"2018-07-12T03:18:12","slug":"tutorial-aretes-iris","status":"publish","type":"product","link":"https:\/\/ellad2.com\/es\/tienda\/tutorial-aretes-iris\/","title":{"rendered":"Tutorial Aretes Iris"},"content":{"rendered":"<p>Los Aretes Iris son un nuevo proyecto de abalorios con hermosas cuentas<em><strong> IrisDuo 2-orificios.<\/strong><\/em> Es un proyecto divertido, f\u00e1cil y r\u00e1pido de hacer. Puede sustituir los Bicones con Perlas 4mm o con cuentas Fire-polished.<\/p>\n<p>Si no le gustan los aretes largos, puedes hacerlos m\u00e1s peque\u00f1os \u2013 como en mi variaci\u00f3n dorada.<\/p>\n<p>En lugar de aretes, puede hacer un hermoso anillo.<\/p>\nngg_shortcode_0_placeholder\n<p>El Tutorial de abalorios para los Aretes Iris es muy detallado, f\u00e1cil de seguir, paso a paso, con instrucciones claras y con fotos a color de cada paso.<\/p>\n<p>Nivel del Proyecto: Intermedio. Para principiantes puede ser un reto.<\/p>\n<p>Lista de Materiales:<\/p>\n<ul>\n<li>Cuentas Seed Miyuki 11\/0, 8\/0<\/li>\n<li>Cuentas IrisDuo 2-orificios<\/li>\n<li>Rivoli Swarovski 14mm<\/li>\n<li>Bicones Swarovski 4mm<\/li>\n<li>TearDrop Swarovski 11\u00d75.5mm<\/li>\n<li>Ganchos para aretes o cualquier tipo de pernos<\/li>\n<li>Fireline 6lb<\/li>\n<li>Aguja para abalorios # 12 o aguja Tulip # 11<\/li>\n<\/ul>\n<p>El Tutorial de abalorios para los Aretes Iris es un archivo PDF.<\/p>\n<p><strong><em>Instrucciones para la descarga:<\/em><\/strong><\/p>\n<p>Despu\u00e9s de que realice el pago, ser\u00e1 dirigida a ella2.com; en donde encontrar\u00e1 el enlace(s) para la descarga. Teclear en \u2018download\u2019 y empezar\u00e1 la descarga. Salve su tutor\u00eda(s)<\/p>\n<p>Tambi\u00e9n recibir\u00e1 un correo electr\u00f3nico con la confirmaci\u00f3n de su pedido con el enlace(s) para la descarga. Teclear en el enlace(s) y la descarga comenzar\u00e1. Salve el documento en su computadora. Por favor, verifique su correo spam\/correo no deseado. Siempre puede comprobar aqu\u00ed el\u00a0<a href=\"https:\/\/ellad2.com\/problems-download\/\">estado del pedido<\/a><\/p>\n<p>Puede vender cualquier art\u00edculo que haga con los patrones que me ha comprado. Vea aqu\u00ed mis\u00a0<a href=\"http:\/\/ellad2.com\/es\/terminos-y-condiciones-ellad2\/\"><em>T\u00e9rminos&amp;Condiciones<\/em><\/a><\/p>\n<p>Derechos de Autor\u00a9Ellad2\u00ae \u2013 2017<\/p>\n","protected":false},"excerpt":{"rendered":"<p>Los Aretes Iris son un nuevo proyecto de abalorios con hermosas cuentas IrisDuo 2-orificios. Es un proyecto divertido, f\u00e1cil y r\u00e1pido de hacer. Puede sustituir los Bicones con Perlas 4mm o con cuentas Fire-polished. Si no le gustan los aretes largos, puedes hacerlos m\u00e1s peque\u00f1os \u2013 como en mi variaci\u00f3n dorada. En lugar de aretes,&hellip;&nbsp;<a href=\"https:\/\/ellad2.com\/es\/tienda\/tutorial-aretes-iris\/\" rel=\"bookmark\">Read More &raquo;<span class=\"screen-reader-text\">Tutorial Aretes Iris<\/span><\/a><\/p>\n","protected":false},"featured_media":4627,"template":"","meta":{"neve_meta_sidebar":"","neve_meta_container":"","neve_meta_enable_content_width":"","neve_meta_content_width":0,"neve_meta_title_alignment":"","neve_meta_author_avatar":"","neve_post_elements_order":"","neve_meta_disable_header":"","neve_meta_disable_footer":"","neve_meta_disable_title":"","neve_meta_reading_time":"","ngg_post_thumbnail":0},"product_brand":[],"product_cat":[321],"product_tag":[245,243,257,259],"class_list":{"0":"post-4623","1":"product","2":"type-product","3":"status-publish","4":"has-post-thumbnail","6":"product_cat-aretes","7":"product_tag-esquemas-con-irisduo","8":"product_tag-irisduo","9":"product_tag-irisduo-cuentas","10":"product_tag-tutoriales-con-irisduo","12":"first","13":"instock","14":"downloadable","15":"virtual","16":"purchasable","17":"product-type-simple"},"_links":{"self":[{"href":"https:\/\/ellad2.com\/es\/wp-json\/wp\/v2\/product\/4623","targetHints":{"allow":["GET"]}}],"collection":[{"href":"https:\/\/ellad2.com\/es\/wp-json\/wp\/v2\/product"}],"about":[{"href":"https:\/\/ellad2.com\/es\/wp-json\/wp\/v2\/types\/product"}],"wp:featuredmedia":[{"embeddable":true,"href":"https:\/\/ellad2.com\/es\/wp-json\/wp\/v2\/media\/4627"}],"wp:attachment":[{"href":"https:\/\/ellad2.com\/es\/wp-json\/wp\/v2\/media?parent=4623"}],"wp:term":[{"taxonomy":"product_brand","embeddable":true,"href":"https:\/\/ellad2.com\/es\/wp-json\/wp\/v2\/product_brand?post=4623"},{"taxonomy":"product_cat","embeddable":true,"href":"https:\/\/ellad2.com\/es\/wp-json\/wp\/v2\/product_cat?post=4623"},{"taxonomy":"product_tag","embeddable":true,"href":"https:\/\/ellad2.com\/es\/wp-json\/wp\/v2\/product_tag?post=4623"}],"curies":[{"name":"wp","href":"https:\/\/api.w.org\/{rel}","templated":true}]}}