{"id":4577,"date":"2017-08-22T19:17:33","date_gmt":"2017-08-22T18:17:33","guid":{"rendered":"https:\/\/ellad2.com\/es\/?post_type=product&#038;p=4577"},"modified":"2018-07-12T04:18:10","modified_gmt":"2018-07-12T03:18:10","slug":"tutorial-pulsera-zara","status":"publish","type":"product","link":"https:\/\/ellad2.com\/es\/tienda\/tutorial-pulsera-zara\/","title":{"rendered":"Tutorial Pulsera Zara"},"content":{"rendered":"<p>La Pulsera Zara es una declaraci\u00f3n de belleza, est\u00e1 llena de Cristales Swarovski y preciosas Perlas Satinadas. En vez de Bicones Swarovski usted puede utilizar Perlas o cuentas Fire-Polished de 4mm o cualquier otra cuenta en ese tama\u00f1o.<\/p>\n<p>Nivel del Proyecto: Intermedio.<\/p>\n<p>El Tutorial de abalorios para la Pulsera Zara es muy detallada, f\u00e1cil de seguir, paso a paso, con instrucciones claras y con fotos a color de cada paso.<\/p>\nngg_shortcode_0_placeholder\n<p><strong>Lista de Materiales:<\/strong><\/p>\n<ul>\n<li>Cuentas Seed Miyuki 15\/0, 11\/0, 8\/0<\/li>\n<li>Bicones Swarovski 4mm<\/li>\n<li>Rivoli Swarovski\u00a012mm<\/li>\n<li>Perlas 4mm<\/li>\n<li>Broche<\/li>\n<li>Fireline 6lb<\/li>\n<li>Aguja para abalorios # 12 o aguja Tulip # 11<\/li>\n<\/ul>\n<p>El Tutorial para la Pulsera Zara es un archivo PDF.<\/p>\n<p><strong><em>Instrucciones para la descarga:<\/em><\/strong><\/p>\n<p>Despu\u00e9s de que realice el pago, ser\u00e1 dirigida a ella2.com; en donde encontrar\u00e1 el enlace(s) para la descarga. Teclear en \u2018download\u2019 y empezar\u00e1 la descarga. Salve su tutor\u00eda(s)<\/p>\n<p>Tambi\u00e9n recibir\u00e1 un correo electr\u00f3nico con la confirmaci\u00f3n de su pedido con el enlace(s) para la descarga. Teclear en el enlace(s) y la descarga comenzar\u00e1. Salve el documento en su computadora. Por favor, verifique su correo spam\/correo no deseado. Siempre puede comprobar aqu\u00ed el\u00a0<a href=\"https:\/\/ellad2.com\/problems-download\/\">estado del pedido<\/a><\/p>\n<p>Puede vender cualquier art\u00edculo que haga con los patrones que me ha comprado. Vea aqu\u00ed mis\u00a0<a href=\"http:\/\/ellad2.com\/es\/terminos-y-condiciones-ellad2\/\"><em>T\u00e9rminos&amp;Condiciones<\/em><\/a><\/p>\n<p>Derechos de Autor\u00a9Ellad2\u00ae \u2013 2017<\/p>\n","protected":false},"excerpt":{"rendered":"<p>La Pulsera Zara es una declaraci\u00f3n de belleza, est\u00e1 llena de Cristales Swarovski y preciosas Perlas Satinadas. En vez de Bicones Swarovski usted puede utilizar Perlas o cuentas Fire-Polished de 4mm o cualquier otra cuenta en ese tama\u00f1o. Nivel del Proyecto: Intermedio. El Tutorial de abalorios para la Pulsera Zara es muy detallada, f\u00e1cil de&hellip;&nbsp;<a href=\"https:\/\/ellad2.com\/es\/tienda\/tutorial-pulsera-zara\/\" rel=\"bookmark\">Read More &raquo;<span class=\"screen-reader-text\">Tutorial Pulsera Zara<\/span><\/a><\/p>\n","protected":false},"featured_media":4579,"template":"","meta":{"neve_meta_sidebar":"","neve_meta_container":"","neve_meta_enable_content_width":"","neve_meta_content_width":0,"neve_meta_title_alignment":"","neve_meta_author_avatar":"","neve_post_elements_order":"","neve_meta_disable_header":"","neve_meta_disable_footer":"","neve_meta_disable_title":"","neve_meta_reading_time":"","ngg_post_thumbnail":0},"product_brand":[],"product_cat":[325],"product_tag":[],"class_list":{"0":"post-4577","1":"product","2":"type-product","3":"status-publish","4":"has-post-thumbnail","6":"product_cat-brazaletes","8":"first","9":"instock","10":"downloadable","11":"virtual","12":"purchasable","13":"product-type-simple"},"_links":{"self":[{"href":"https:\/\/ellad2.com\/es\/wp-json\/wp\/v2\/product\/4577","targetHints":{"allow":["GET"]}}],"collection":[{"href":"https:\/\/ellad2.com\/es\/wp-json\/wp\/v2\/product"}],"about":[{"href":"https:\/\/ellad2.com\/es\/wp-json\/wp\/v2\/types\/product"}],"wp:featuredmedia":[{"embeddable":true,"href":"https:\/\/ellad2.com\/es\/wp-json\/wp\/v2\/media\/4579"}],"wp:attachment":[{"href":"https:\/\/ellad2.com\/es\/wp-json\/wp\/v2\/media?parent=4577"}],"wp:term":[{"taxonomy":"product_brand","embeddable":true,"href":"https:\/\/ellad2.com\/es\/wp-json\/wp\/v2\/product_brand?post=4577"},{"taxonomy":"product_cat","embeddable":true,"href":"https:\/\/ellad2.com\/es\/wp-json\/wp\/v2\/product_cat?post=4577"},{"taxonomy":"product_tag","embeddable":true,"href":"https:\/\/ellad2.com\/es\/wp-json\/wp\/v2\/product_tag?post=4577"}],"curies":[{"name":"wp","href":"https:\/\/api.w.org\/{rel}","templated":true}]}}