{"id":4515,"date":"2017-08-16T15:25:27","date_gmt":"2017-08-16T14:25:27","guid":{"rendered":"https:\/\/ellad2.com\/es\/?post_type=product&#038;p=4515"},"modified":"2018-07-12T04:18:10","modified_gmt":"2018-07-12T03:18:10","slug":"tutorial-colgante-mina","status":"publish","type":"product","link":"https:\/\/ellad2.com\/es\/tienda\/tutorial-colgante-mina\/","title":{"rendered":"Tutorial Colgante Mina"},"content":{"rendered":"<p>El Colgante Mina es otro proyecto de abalorios con cuentas <strong>DiamonDuo<\/strong>. En vez de DiamonDuo, puede usar cuentas <strong>GemDuo.<\/strong><\/p>\n<p>Hermoso, elegante y brillante colgante gracias a los Bicones Swarovski \u00d3palo Amarillo, Rivoli Cristal Swarovski y a la textura de la superficie de cada Perla cristal.<\/p>\n<p>El di\u00e1metro del Colgante es de: 3.6 cm\/1.4\u2033<\/p>\nngg_shortcode_0_placeholder\n<p><strong>Nivel del Proyecto<\/strong>: Todos los niveles \u2013 Podr\u00eda ser un desaf\u00edo para los principiantes.<\/p>\n<p>El Tutorial de abalorios para el Colgante Mina es muy detallado, f\u00e1cil de seguir, paso a paso, con instrucciones claras y con fotos a color de cada paso.<\/p>\n<p><strong>Lista de Materiales<\/strong>:<\/p>\n<ul>\n<li>Cuentas Seed Miyuki 11\/0 y 15\/0<\/li>\n<li>Cuentas DiamonDuo o GemDuo<\/li>\n<li>Perlas Glass 6mm<\/li>\n<li>Bicones Swarovski 4mm<\/li>\n<li>Rivoli Swarovski16mm<\/li>\n<li>Fireline 6lb<\/li>\n<li>Aguja para abalorios # 12 o aguja Tulip # 11<\/li>\n<\/ul>\n<p>El Tutorial de abalorios para el Colgante Mina es un archivo PDF.<\/p>\n<p><strong><em>Instrucciones para la descarga:<\/em><\/strong><\/p>\n<p>Despu\u00e9s de que realice el pago, ser\u00e1 dirigida a ella2.com; en donde encontrar\u00e1 el enlace(s) para la descarga. Teclear en \u2018download\u2019 y empezar\u00e1 la descarga. Salve su tutor\u00eda(s)<\/p>\n<p>Tambi\u00e9n recibir\u00e1 un correo electr\u00f3nico con la confirmaci\u00f3n de su pedido con el enlace(s) para la descarga. Teclear en el enlace(s) y la descarga comenzar\u00e1. Salve el documento en su computadora. Por favor, verifique su correo spam\/correo no deseado. Siempre puede comprobar aqu\u00ed el\u00a0<a href=\"https:\/\/ellad2.com\/problems-download\/\">estado del pedido<\/a><\/p>\n<p>Puede vender cualquier art\u00edculo que haga con los patrones que me ha comprado. Vea aqu\u00ed mis\u00a0<a href=\"http:\/\/ellad2.com\/es\/terminos-y-condiciones-ellad2\/\"><em>T\u00e9rminos&amp;Condiciones<\/em><\/a><\/p>\n<p>Derechos de Autor\u00a9Ellad2\u00ae \u2013 2017<\/p>\n","protected":false},"excerpt":{"rendered":"<p>El Colgante Mina es otro proyecto de abalorios con cuentas DiamonDuo. En vez de DiamonDuo, puede usar cuentas GemDuo. Hermoso, elegante y brillante colgante gracias a los Bicones Swarovski \u00d3palo Amarillo, Rivoli Cristal Swarovski y a la textura de la superficie de cada Perla cristal. El di\u00e1metro del Colgante es de: 3.6 cm\/1.4\u2033 Nivel del&hellip;&nbsp;<a href=\"https:\/\/ellad2.com\/es\/tienda\/tutorial-colgante-mina\/\" rel=\"bookmark\">Read More &raquo;<span class=\"screen-reader-text\">Tutorial Colgante Mina<\/span><\/a><\/p>\n","protected":false},"featured_media":4517,"template":"","meta":{"neve_meta_sidebar":"","neve_meta_container":"","neve_meta_enable_content_width":"","neve_meta_content_width":0,"neve_meta_title_alignment":"","neve_meta_author_avatar":"","neve_post_elements_order":"","neve_meta_disable_header":"","neve_meta_disable_footer":"","neve_meta_disable_title":"","neve_meta_reading_time":"","ngg_post_thumbnail":0},"product_brand":[],"product_cat":[327],"product_tag":[253,37,255],"class_list":{"0":"post-4515","1":"product","2":"type-product","3":"status-publish","4":"has-post-thumbnail","6":"product_cat-colgantes","7":"product_tag-diamonduo","8":"product_tag-ellad2-tutoriales","9":"product_tag-gemduo","11":"first","12":"instock","13":"downloadable","14":"virtual","15":"purchasable","16":"product-type-simple"},"_links":{"self":[{"href":"https:\/\/ellad2.com\/es\/wp-json\/wp\/v2\/product\/4515","targetHints":{"allow":["GET"]}}],"collection":[{"href":"https:\/\/ellad2.com\/es\/wp-json\/wp\/v2\/product"}],"about":[{"href":"https:\/\/ellad2.com\/es\/wp-json\/wp\/v2\/types\/product"}],"wp:featuredmedia":[{"embeddable":true,"href":"https:\/\/ellad2.com\/es\/wp-json\/wp\/v2\/media\/4517"}],"wp:attachment":[{"href":"https:\/\/ellad2.com\/es\/wp-json\/wp\/v2\/media?parent=4515"}],"wp:term":[{"taxonomy":"product_brand","embeddable":true,"href":"https:\/\/ellad2.com\/es\/wp-json\/wp\/v2\/product_brand?post=4515"},{"taxonomy":"product_cat","embeddable":true,"href":"https:\/\/ellad2.com\/es\/wp-json\/wp\/v2\/product_cat?post=4515"},{"taxonomy":"product_tag","embeddable":true,"href":"https:\/\/ellad2.com\/es\/wp-json\/wp\/v2\/product_tag?post=4515"}],"curies":[{"name":"wp","href":"https:\/\/api.w.org\/{rel}","templated":true}]}}