{"id":4493,"date":"2017-08-09T15:29:59","date_gmt":"2017-08-09T14:29:59","guid":{"rendered":"https:\/\/ellad2.com\/es\/?post_type=product&#038;p=4493"},"modified":"2018-07-12T04:18:08","modified_gmt":"2018-07-12T03:18:08","slug":"tutorial-colgante-y-anillo-welo","status":"publish","type":"product","link":"https:\/\/ellad2.com\/es\/tienda\/tutorial-colgante-y-anillo-welo\/","title":{"rendered":"Tutorial Colgante y Anillo Welo"},"content":{"rendered":"<p>El Colgante Welo (y\/o Anillo) es incre\u00edblemente hermoso y con un rico resplandor debido al color amarillo \u00f3palo de los Bicones Swarovski AB 2x \u2026<\/p>\n<p>Muchas de ustedes me pidieron que hiciera un peque\u00f1o colgante. As\u00ed que, ahora lo hice ?<br \/>\nEste colgante es de 2,5 cm de di\u00e1metro (ni siquiera 1 pulgada). Es por eso que tambi\u00e9n puede ser muy f\u00e1cil de usarse como anillo.<\/p>\nngg_shortcode_0_placeholder\n<p>En el tutorial, le explicar\u00e9 paso a paso c\u00f3mo se puede hacer tanto: un colgante y\/o anillo.<\/p>\n<p>Nivel del Proyecto: Todos los niveles \u2013 Podr\u00eda ser un desaf\u00edo para los principiantes.<\/p>\n<p>Lista de Materiales:<\/p>\n<ul>\n<li>Cuentas Seed Miyuki 15\/0, 11\/0, 8\/0<\/li>\n<li>Bicones Swarovski 4mm<\/li>\n<li>Rivoli Swarovski 18mm<\/li>\n<li>Fireline 6lb<\/li>\n<li>Aguja para abalorios # 12 o aguja Tulip # 11<\/li>\n<\/ul>\n<p>El Tutorial de abalorios para el Colgante y\/o Anillo Welo es un archivo PDF.<\/p>\n<p><strong><em>Instrucciones para la descarga:<\/em><\/strong><\/p>\n<p>Despu\u00e9s de que realice el pago, ser\u00e1 dirigida a ella2.com; en donde encontrar\u00e1 el enlace(s) para la descarga. Teclear en \u2018download\u2019 y empezar\u00e1 la descarga. Salve su tutor\u00eda(s)<\/p>\n<p>Tambi\u00e9n recibir\u00e1 un correo electr\u00f3nico con la confirmaci\u00f3n de su pedido con el enlace(s) para la descarga. Teclear en el enlace(s) y la descarga comenzar\u00e1. Salve el documento en su computadora. Por favor, verifique su correo spam\/correo no deseado. Siempre puede comprobar aqu\u00ed el\u00a0<a href=\"https:\/\/ellad2.com\/problems-download\/\">estado del pedido<\/a><\/p>\n<p>Puede vender cualquier art\u00edculo que haga con los patrones que me ha comprado. Vea aqu\u00ed mis\u00a0<a href=\"http:\/\/ellad2.com\/es\/terminos-y-condiciones-ellad2\/\"><em>T\u00e9rminos&amp;Condiciones<\/em><\/a><\/p>\n<p>Derechos de Autor\u00a9Ellad2\u00ae \u2013 2017<\/p>\n","protected":false},"excerpt":{"rendered":"<p>El Colgante Welo (y\/o Anillo) es incre\u00edblemente hermoso y con un rico resplandor debido al color amarillo \u00f3palo de los Bicones Swarovski AB 2x \u2026 Muchas de ustedes me pidieron que hiciera un peque\u00f1o colgante. As\u00ed que, ahora lo hice ? Este colgante es de 2,5 cm de di\u00e1metro (ni siquiera 1 pulgada). Es por&hellip;&nbsp;<a href=\"https:\/\/ellad2.com\/es\/tienda\/tutorial-colgante-y-anillo-welo\/\" rel=\"bookmark\">Read More &raquo;<span class=\"screen-reader-text\">Tutorial Colgante y Anillo Welo<\/span><\/a><\/p>\n","protected":false},"featured_media":4497,"template":"","meta":{"neve_meta_sidebar":"","neve_meta_container":"","neve_meta_enable_content_width":"","neve_meta_content_width":0,"neve_meta_title_alignment":"","neve_meta_author_avatar":"","neve_post_elements_order":"","neve_meta_disable_header":"","neve_meta_disable_footer":"","neve_meta_disable_title":"","neve_meta_reading_time":"","ngg_post_thumbnail":0},"product_brand":[],"product_cat":[323],"product_tag":[251,247,249],"class_list":{"0":"post-4493","1":"product","2":"type-product","3":"status-publish","4":"has-post-thumbnail","6":"product_cat-anillos","7":"product_tag-swarovski","8":"product_tag-swarovski-bicones","9":"product_tag-yellow-opal","11":"first","12":"instock","13":"downloadable","14":"virtual","15":"purchasable","16":"product-type-simple"},"_links":{"self":[{"href":"https:\/\/ellad2.com\/es\/wp-json\/wp\/v2\/product\/4493","targetHints":{"allow":["GET"]}}],"collection":[{"href":"https:\/\/ellad2.com\/es\/wp-json\/wp\/v2\/product"}],"about":[{"href":"https:\/\/ellad2.com\/es\/wp-json\/wp\/v2\/types\/product"}],"wp:featuredmedia":[{"embeddable":true,"href":"https:\/\/ellad2.com\/es\/wp-json\/wp\/v2\/media\/4497"}],"wp:attachment":[{"href":"https:\/\/ellad2.com\/es\/wp-json\/wp\/v2\/media?parent=4493"}],"wp:term":[{"taxonomy":"product_brand","embeddable":true,"href":"https:\/\/ellad2.com\/es\/wp-json\/wp\/v2\/product_brand?post=4493"},{"taxonomy":"product_cat","embeddable":true,"href":"https:\/\/ellad2.com\/es\/wp-json\/wp\/v2\/product_cat?post=4493"},{"taxonomy":"product_tag","embeddable":true,"href":"https:\/\/ellad2.com\/es\/wp-json\/wp\/v2\/product_tag?post=4493"}],"curies":[{"name":"wp","href":"https:\/\/api.w.org\/{rel}","templated":true}]}}