{"id":4487,"date":"2017-08-09T15:19:29","date_gmt":"2017-08-09T14:19:29","guid":{"rendered":"https:\/\/ellad2.com\/es\/?post_type=product&#038;p=4487"},"modified":"2018-07-12T04:18:08","modified_gmt":"2018-07-12T03:18:08","slug":"tutorial-collar-kani","status":"publish","type":"product","link":"https:\/\/ellad2.com\/es\/tienda\/tutorial-collar-kani\/","title":{"rendered":"Tutorial Collar Kani"},"content":{"rendered":"<p>El Collar Kani es mi primer dise\u00f1o y tutorial de abalorios con nuevas cuentas IrisDuo-2 orificios. Debo confesar que me gusta much\u00edsimo su forma. Van bien con el reciente lanzamiento en el mercado de las cuentas ZoliDuo.<\/p>\n<p>Puede hacer su collar sin las dos \u00faltimas filas (con el segundo color en ZoliDuo y Perlas) si es que prefiere collares delgados.<\/p>\n<p>Nivel del Proyecto: Todos los niveles \u2013 Podr\u00eda ser un reto para los principiantes.<\/p>\nngg_shortcode_0_placeholder\n<p>La Tutor\u00eda de abalorios para el Collar Kani es muy detallada, f\u00e1cil de seguir, paso por paso, con instrucciones claras de rebordeo y con fotograf\u00edas a color de cada paso.<\/p>\n<p>Lista de Materiales:<\/p>\n<ul>\n<li>Cuentas Seed Miyuki 11\/0, 15\/0<\/li>\n<li>Cuentas IrisDuo 2-orificios (Consegu\u00ed mis cuentas en <a href=\"http:\/\/www.potomacbeads.com\/IrisDuo-Beads-s\/3731.htm\" target=\"_blank\" rel=\"noopener\">Potomac beads<\/a>. Tienen paquetes con 56 cuentas por tubo; lo que es suficiente para un collar de longitud media). El m\u00edo es de 45 cm\/ 17.7\u2033 de largo.<\/li>\n<li>Cuentas ZoliDuo 2-orificios: versi\u00f3n derecha e izquierda (Gold y Labrador). Potomac tienen paquetes con aprox. 50 cuentas\/tubo que es suficiente para un collar de longitud media.<\/li>\n<li>Cuentas ZoliDuo 2-orificios \u2013 El tercer color \u2013 S\u00f3lo versi\u00f3n derecha.<\/li>\n<li>Bicones Swarovski 4mm<\/li>\n<li>Cuentas redondas\/Perlas Czech 3mm<\/li>\n<li>Broche (broche de barril en mi caso)<\/li>\n<li>Fireline 6lb<\/li>\n<li>Aguja para enfilar # 12 o aguja Tulip # 11<\/li>\n<\/ul>\n<p>El Tutorial de abalorios para el Collar Kani es un archivo PDF.<\/p>\n<p><strong>Instrucciones para la descarga<\/strong>:<\/p>\n<p>Despu\u00e9s de que realice el pago, ser\u00e1 dirigida a ella2.com; en donde encontrar\u00e1 el enlace(s) para la descarga. Teclear en \u2018download\u2019 y empezar\u00e1 la descarga. Salve su tutor\u00eda(s).<\/p>\n<p>Tambi\u00e9n recibir\u00e1 un correo electr\u00f3nico con la confirmaci\u00f3n de su pedido con el enlace(s) para la descarga. Teclear en el enlace(s) y la descarga comenzar\u00e1. Salve el documento en su computadora. Por favor, verifique su correo spam\/correo no deseado.<\/p>\n<p>Siempre puede comprobar aqu\u00ed el <a href=\"http:\/\/ellad2.com\/problems-download\/\"><em>estado del pedido<\/em><\/a><em>.<\/em><\/p>\n<p>Puede vender cualquier art\u00edculo que haga con los patrones que me ha comprado. Vea aqu\u00ed mis <a href=\"http:\/\/ellad2.com\/es\/terminos-y-condiciones-ellad2\/\"><em>T\u00e9rminos y condiciones<\/em><\/a><\/p>\n<p>Derechos de Autor \u00a9Ellad2 \u2013 2017<\/p>\n","protected":false},"excerpt":{"rendered":"<p>El Collar Kani es mi primer dise\u00f1o y tutorial de abalorios con nuevas cuentas IrisDuo-2 orificios. Debo confesar que me gusta much\u00edsimo su forma. Van bien con el reciente lanzamiento en el mercado de las cuentas ZoliDuo. Puede hacer su collar sin las dos \u00faltimas filas (con el segundo color en ZoliDuo y Perlas) si&hellip;&nbsp;<a href=\"https:\/\/ellad2.com\/es\/tienda\/tutorial-collar-kani\/\" rel=\"bookmark\">Read More &raquo;<span class=\"screen-reader-text\">Tutorial Collar Kani<\/span><\/a><\/p>\n","protected":false},"featured_media":4489,"template":"","meta":{"neve_meta_sidebar":"","neve_meta_container":"","neve_meta_enable_content_width":"","neve_meta_content_width":0,"neve_meta_title_alignment":"","neve_meta_author_avatar":"","neve_post_elements_order":"","neve_meta_disable_header":"","neve_meta_disable_footer":"","neve_meta_disable_title":"","neve_meta_reading_time":"","ngg_post_thumbnail":0},"product_brand":[],"product_cat":[329],"product_tag":[245,195,243,207],"class_list":{"0":"post-4487","1":"product","2":"type-product","3":"status-publish","4":"has-post-thumbnail","6":"product_cat-collares","7":"product_tag-esquemas-con-irisduo","8":"product_tag-esquemas-con-zoliduo","9":"product_tag-irisduo","10":"product_tag-zoliduo","12":"first","13":"instock","14":"downloadable","15":"virtual","16":"purchasable","17":"product-type-simple"},"_links":{"self":[{"href":"https:\/\/ellad2.com\/es\/wp-json\/wp\/v2\/product\/4487","targetHints":{"allow":["GET"]}}],"collection":[{"href":"https:\/\/ellad2.com\/es\/wp-json\/wp\/v2\/product"}],"about":[{"href":"https:\/\/ellad2.com\/es\/wp-json\/wp\/v2\/types\/product"}],"wp:featuredmedia":[{"embeddable":true,"href":"https:\/\/ellad2.com\/es\/wp-json\/wp\/v2\/media\/4489"}],"wp:attachment":[{"href":"https:\/\/ellad2.com\/es\/wp-json\/wp\/v2\/media?parent=4487"}],"wp:term":[{"taxonomy":"product_brand","embeddable":true,"href":"https:\/\/ellad2.com\/es\/wp-json\/wp\/v2\/product_brand?post=4487"},{"taxonomy":"product_cat","embeddable":true,"href":"https:\/\/ellad2.com\/es\/wp-json\/wp\/v2\/product_cat?post=4487"},{"taxonomy":"product_tag","embeddable":true,"href":"https:\/\/ellad2.com\/es\/wp-json\/wp\/v2\/product_tag?post=4487"}],"curies":[{"name":"wp","href":"https:\/\/api.w.org\/{rel}","templated":true}]}}