{"id":4401,"date":"2017-07-19T17:56:56","date_gmt":"2017-07-19T16:56:56","guid":{"rendered":"https:\/\/ellad2.com\/es\/?post_type=product&#038;p=4401"},"modified":"2018-07-12T04:18:07","modified_gmt":"2018-07-12T03:18:07","slug":"tutorial-pulsera-nebula","status":"publish","type":"product","link":"https:\/\/ellad2.com\/es\/tienda\/tutorial-pulsera-nebula\/","title":{"rendered":"Tutorial Pulsera N\u00e9bula"},"content":{"rendered":"<p>Hermosa Pulsera N\u00e9bula con cuentas Honeycomb y Cabujones 2-orificios. Usted tiene grandes posibilidades de jugar con los colores.<\/p>\n<p>La Tutor\u00eda de abalorios para la Pulsera N\u00e9bula es muy detallada, f\u00e1cil de seguir, paso por paso, con instrucciones claras de rebordeo y con fotograf\u00edas a color de cada paso.<\/p>\n<p>Nivel del Proyecto: Todos los niveles, pero para principiantes ser\u00e1 un desaf\u00edo. El cuidado de la tensi\u00f3n es muy importante para este proyecto de abalorios.<\/p>\nngg_shortcode_0_placeholder\n<p>Lista de Materiales:<br \/>\n&#8211; Cuentas Seed Miyuki 11\/0, 8\/0 (s\u00f3lo 4 cuentas # 8; s\u00f3lo si vas a usar la misma idea de mi broche).<br \/>\n&#8211; Cuentas Honeycomb<br \/>\n&#8211; Cabujones 2-orificios<br \/>\n&#8211; Broche<br \/>\n&#8211; Fireline 6lb<br \/>\n&#8211; Aguja para abalorios # 12 o aguja Tulip # 11<\/p>\n<p>El Tutorial para la pulsera N\u00e9bula es un archivo PDF.<\/p>\n<p>Instrucciones para la descarga:<br \/>\nDespu\u00e9s de que realice el pago, ser\u00e1 dirigida a ella2.com; en donde encontrar\u00e1 el enlace(s) para la descarga. Teclear en \u2018download\u2019 y empezar\u00e1 la descarga. Salve su tutor\u00eda(s).<\/p>\n<p>Tambi\u00e9n recibir\u00e1 un correo electr\u00f3nico con la confirmaci\u00f3n de su pedido con el enlace(s) para la descarga. Teclear en el enlace(s) y la descarga comenzar\u00e1. Salve el documento en su computadora. Por favor, verifique su correo spam\/correo no deseado.<\/p>\n<p>Siempre puede comprobar aqu\u00ed el estado del pedido.<\/p>\n<p>Puede vender cualquier art\u00edculo que haga con los patrones que me ha comprado. Vea aqu\u00ed mis T\u00e9rminos y condiciones<\/p>\n<p>Derechos de Autor \u00a9Ellad2 \u2013 2017<\/p>\n","protected":false},"excerpt":{"rendered":"<p>Hermosa Pulsera N\u00e9bula con cuentas Honeycomb y Cabujones 2-orificios. Usted tiene grandes posibilidades de jugar con los colores. La Tutor\u00eda de abalorios para la Pulsera N\u00e9bula es muy detallada, f\u00e1cil de seguir, paso por paso, con instrucciones claras de rebordeo y con fotograf\u00edas a color de cada paso. Nivel del Proyecto: Todos los niveles, pero&hellip;&nbsp;<a href=\"https:\/\/ellad2.com\/es\/tienda\/tutorial-pulsera-nebula\/\" rel=\"bookmark\">Read More &raquo;<span class=\"screen-reader-text\">Tutorial Pulsera N\u00e9bula<\/span><\/a><\/p>\n","protected":false},"featured_media":4403,"template":"","meta":{"neve_meta_sidebar":"","neve_meta_container":"","neve_meta_enable_content_width":"","neve_meta_content_width":0,"neve_meta_title_alignment":"","neve_meta_author_avatar":"","neve_post_elements_order":"","neve_meta_disable_header":"","neve_meta_disable_footer":"","neve_meta_disable_title":"","neve_meta_reading_time":"","ngg_post_thumbnail":0},"product_brand":[],"product_cat":[325],"product_tag":[239,39,14,241],"class_list":{"0":"post-4401","1":"product","2":"type-product","3":"status-publish","4":"has-post-thumbnail","6":"product_cat-brazaletes","7":"product_tag-esquema-con-honeycomb","8":"product_tag-esquema-pulseras","9":"product_tag-esquemas-de-abalorios","10":"product_tag-tutorials-con-honeycomb","12":"first","13":"instock","14":"downloadable","15":"virtual","16":"purchasable","17":"product-type-simple"},"_links":{"self":[{"href":"https:\/\/ellad2.com\/es\/wp-json\/wp\/v2\/product\/4401","targetHints":{"allow":["GET"]}}],"collection":[{"href":"https:\/\/ellad2.com\/es\/wp-json\/wp\/v2\/product"}],"about":[{"href":"https:\/\/ellad2.com\/es\/wp-json\/wp\/v2\/types\/product"}],"wp:featuredmedia":[{"embeddable":true,"href":"https:\/\/ellad2.com\/es\/wp-json\/wp\/v2\/media\/4403"}],"wp:attachment":[{"href":"https:\/\/ellad2.com\/es\/wp-json\/wp\/v2\/media?parent=4401"}],"wp:term":[{"taxonomy":"product_brand","embeddable":true,"href":"https:\/\/ellad2.com\/es\/wp-json\/wp\/v2\/product_brand?post=4401"},{"taxonomy":"product_cat","embeddable":true,"href":"https:\/\/ellad2.com\/es\/wp-json\/wp\/v2\/product_cat?post=4401"},{"taxonomy":"product_tag","embeddable":true,"href":"https:\/\/ellad2.com\/es\/wp-json\/wp\/v2\/product_tag?post=4401"}],"curies":[{"name":"wp","href":"https:\/\/api.w.org\/{rel}","templated":true}]}}