{"id":4363,"date":"2017-07-09T15:20:07","date_gmt":"2017-07-09T14:20:07","guid":{"rendered":"https:\/\/ellad2.com\/es\/?post_type=product&#038;p=4363"},"modified":"2018-07-12T04:18:06","modified_gmt":"2018-07-12T03:18:06","slug":"tutorial-colgante-kalinda","status":"publish","type":"product","link":"https:\/\/ellad2.com\/es\/tienda\/tutorial-colgante-kalinda\/","title":{"rendered":"Tutorial Colgante Kalinda"},"content":{"rendered":"<p>El Colgante Kalinda es un nuevo proyecto de abalorios con hermosas cuentas <strong>ZoliDuo<\/strong>.<\/p>\n<p>El Tutorial de abalorios para el Colgante Kalinda es muy detallado, f\u00e1cil de seguir, paso por paso, con instrucciones claras de rebordeo y con fotograf\u00edas a color de cada paso.<\/p>\n<p>Nivel del Proyecto: Intermedio. Debe estar familiarizada con la puntada Peyote.<\/p>\nngg_shortcode_0_placeholder\n<p>Lista de Materiales:<\/p>\n<ul>\n<li>Cuentas Seed Miyuki 15\/0, 11\/0, 8\/0<\/li>\n<li>Cuentas ZoliDuo \u2013 versi\u00f3n Izquierda y Derecha<\/li>\n<li>Rivoli Swarovski 14mm<\/li>\n<li>Bicones Swarovski 3mm y 4mm<\/li>\n<li>Argolla<\/li>\n<li>Tirilla para el colgante<\/li>\n<li>Fireline 6lb<\/li>\n<li>Aguja para abalorios # 12<\/li>\n<\/ul>\n<p>El Tutorial para el Colgante Kalinda es un archivo PDF.<\/p>\n<p><strong>Instrucciones para la descarga<\/strong>:<\/p>\n<p>Despu\u00e9s de que realice el pago, ser\u00e1 dirigida a ella2.com; en donde encontrar\u00e1 el enlace(s) para la descarga. Teclear en \u2018download\u2019 y empezar\u00e1 la descarga. Salve su tutor\u00eda(s).<\/p>\n<p>Tambi\u00e9n recibir\u00e1 un correo electr\u00f3nico con la confirmaci\u00f3n de su pedido con el enlace(s) para la descarga. Teclear en el enlace(s) y la descarga comenzar\u00e1. Salve el documento en su computadora. Por favor, verifique su correo spam\/correo no deseado.<\/p>\n<p>Siempre puede comprobar aqu\u00ed el <a href=\"http:\/\/ellad2.com\/problems-download\/\"><em>estado del pedido<\/em><\/a><em>.<\/em><\/p>\n<p>Puede vender cualquier art\u00edculo que haga con los patrones que me ha comprado.<\/p>\n<p>Vea aqu\u00ed mis <a href=\"http:\/\/ellad2.com\/es\/terminos-y-condiciones-ellad2\/\"><em>T\u00e9rminos y Condiciones<\/em><\/a><\/p>\n<p>Derechos de Autor \u00a9Ellad2 \u2013 2017<\/p>\n","protected":false},"excerpt":{"rendered":"<p>El Colgante Kalinda es un nuevo proyecto de abalorios con hermosas cuentas ZoliDuo. El Tutorial de abalorios para el Colgante Kalinda es muy detallado, f\u00e1cil de seguir, paso por paso, con instrucciones claras de rebordeo y con fotograf\u00edas a color de cada paso. Nivel del Proyecto: Intermedio. Debe estar familiarizada con la puntada Peyote. Lista&hellip;&nbsp;<a href=\"https:\/\/ellad2.com\/es\/tienda\/tutorial-colgante-kalinda\/\" rel=\"bookmark\">Read More &raquo;<span class=\"screen-reader-text\">Tutorial Colgante Kalinda<\/span><\/a><\/p>\n","protected":false},"featured_media":4365,"template":"","meta":{"neve_meta_sidebar":"","neve_meta_container":"","neve_meta_enable_content_width":"","neve_meta_content_width":0,"neve_meta_title_alignment":"","neve_meta_author_avatar":"","neve_post_elements_order":"","neve_meta_disable_header":"","neve_meta_disable_footer":"","neve_meta_disable_title":"","neve_meta_reading_time":"","ngg_post_thumbnail":0},"product_brand":[],"product_cat":[327],"product_tag":[227,231,229,233,207,235,201,237,203],"class_list":{"0":"post-4363","1":"product","2":"type-product","3":"status-publish","4":"has-post-thumbnail","6":"product_cat-colgantes","7":"product_tag-colgante-con-zoliduo","8":"product_tag-colgante-con-zoliduo-cuentas","9":"product_tag-cuentas-zoliduo","10":"product_tag-kalinda-colgante","11":"product_tag-zoliduo","12":"product_tag-zoliduo-colgantes","13":"product_tag-zoliduo-esquemas","14":"product_tag-zoliduo-patrones","15":"product_tag-zoliduo-tutoriales","17":"first","18":"instock","19":"downloadable","20":"virtual","21":"purchasable","22":"product-type-simple"},"_links":{"self":[{"href":"https:\/\/ellad2.com\/es\/wp-json\/wp\/v2\/product\/4363","targetHints":{"allow":["GET"]}}],"collection":[{"href":"https:\/\/ellad2.com\/es\/wp-json\/wp\/v2\/product"}],"about":[{"href":"https:\/\/ellad2.com\/es\/wp-json\/wp\/v2\/types\/product"}],"wp:featuredmedia":[{"embeddable":true,"href":"https:\/\/ellad2.com\/es\/wp-json\/wp\/v2\/media\/4365"}],"wp:attachment":[{"href":"https:\/\/ellad2.com\/es\/wp-json\/wp\/v2\/media?parent=4363"}],"wp:term":[{"taxonomy":"product_brand","embeddable":true,"href":"https:\/\/ellad2.com\/es\/wp-json\/wp\/v2\/product_brand?post=4363"},{"taxonomy":"product_cat","embeddable":true,"href":"https:\/\/ellad2.com\/es\/wp-json\/wp\/v2\/product_cat?post=4363"},{"taxonomy":"product_tag","embeddable":true,"href":"https:\/\/ellad2.com\/es\/wp-json\/wp\/v2\/product_tag?post=4363"}],"curies":[{"name":"wp","href":"https:\/\/api.w.org\/{rel}","templated":true}]}}