{"id":4255,"date":"2017-06-28T16:24:45","date_gmt":"2017-06-28T15:24:45","guid":{"rendered":"https:\/\/ellad2.com\/es\/?post_type=product&#038;p=4255"},"modified":"2018-07-12T04:18:05","modified_gmt":"2018-07-12T03:18:05","slug":"tutorial-colgante-anika","status":"publish","type":"product","link":"https:\/\/ellad2.com\/es\/tienda\/tutorial-colgante-anika\/","title":{"rendered":"Tutorial Colgante Anika"},"content":{"rendered":"<p>El Colgante Anika es otro proyecto de abalorios con cuentas de vidrio Checa 2-orificios\u00a0<strong>Zoliduo<\/strong>. Esta vez las cuentas ZoliDuo est\u00e1n combinadas con Cabujones 2-Orificios.<\/p>\n<p>El Tutorial de abalorios incluye las instrucciones para la <strong>Borla con cuentas<\/strong>.<\/p>\n<p>El Tutorial de abalorios para el Colgante Anika es muy detallado, f\u00e1cil de seguir, paso por paso, con instrucciones claras de rebordeo y con fotograf\u00edas a color de cada paso.<\/p>\nngg_shortcode_0_placeholder\n<p>Nivel del Proyecto: Todos los niveles. Para los principiantes puede ser un reto. Deber\u00e1 estar familiarizada con la puntada Peyote.<\/p>\n<p>Lista de Materiales:<\/p>\n<ul>\n<li>Delica Miyuki 11\/0<\/li>\n<li>Cuentas Seed Miyuki 15\/0, 11\/0, 8\/0<\/li>\n<li>ZoliDuo: Izquierdas y Derechas<\/li>\n<li>Cabujones Czech 2-orificios<\/li>\n<li>Rivoli Swarovski 14mm<\/li>\n<li>Bicones Swarovski 4mm<\/li>\n<li>Broche con tapa cil\u00edndrica al final 8mm<\/li>\n<li>Argolla<\/li>\n<li>Tirilla para el colgante<\/li>\n<li>Fireline 6lb<\/li>\n<li>Aguja para enfilar # 12<\/li>\n<\/ul>\n<p>El Tutorial para el Colgante Anika es un archivo PDF.<\/p>\n<p><strong>Instrucciones para la descarga<\/strong>:<\/p>\n<p>Despu\u00e9s de que realice el pago, ser\u00e1 dirigida a ella2.com; en donde encontrar\u00e1 el enlace(s) para la descarga. Teclear en \u2018download\u2019 y empezar\u00e1 la descarga. Salve su tutor\u00eda(s).<\/p>\n<p>Tambi\u00e9n recibir\u00e1 un correo electr\u00f3nico con la confirmaci\u00f3n de su pedido con el enlace(s) para la descarga. Teclear en el enlace(s) y la descarga comenzar\u00e1. Salve el documento en su computadora. Por favor, verifique su correo spam\/correo no deseado.<\/p>\n<p>Siempre puede comprobar aqu\u00ed el <a href=\"http:\/\/ellad2.com\/problems-download\/\"><em>estado del pedido<\/em><\/a><em>.<\/em><\/p>\n<p>Puede vender cualquier art\u00edculo que haga con los patrones que me ha comprado. Vea aqu\u00ed mis <a href=\"http:\/\/ellad2.com\/es\/terminos-y-condiciones-ellad2\/\"><em>T\u00e9rminos y Condiciones<\/em><\/a><\/p>\n<p>Derechos de Autor \u00a9Ellad2 \u2013 2017<\/p>\n","protected":false},"excerpt":{"rendered":"<p>El Colgante Anika es otro proyecto de abalorios con cuentas de vidrio Checa 2-orificios\u00a0Zoliduo. Esta vez las cuentas ZoliDuo est\u00e1n combinadas con Cabujones 2-Orificios. El Tutorial de abalorios incluye las instrucciones para la Borla con cuentas. El Tutorial de abalorios para el Colgante Anika es muy detallado, f\u00e1cil de seguir, paso por paso, con instrucciones&hellip;&nbsp;<a href=\"https:\/\/ellad2.com\/es\/tienda\/tutorial-colgante-anika\/\" rel=\"bookmark\">Read More &raquo;<span class=\"screen-reader-text\">Tutorial Colgante Anika<\/span><\/a><\/p>\n","protected":false},"featured_media":4263,"template":"","meta":{"neve_meta_sidebar":"","neve_meta_container":"","neve_meta_enable_content_width":"","neve_meta_content_width":0,"neve_meta_title_alignment":"","neve_meta_author_avatar":"","neve_post_elements_order":"","neve_meta_disable_header":"","neve_meta_disable_footer":"","neve_meta_disable_title":"","neve_meta_reading_time":"","ngg_post_thumbnail":0},"product_brand":[],"product_cat":[327],"product_tag":[223,227,221,12,195,219,225,189],"class_list":{"0":"post-4255","1":"product","2":"type-product","3":"status-publish","4":"has-post-thumbnail","6":"product_cat-colgantes","7":"product_tag-2-orificios-zolidu","8":"product_tag-colgante-con-zoliduo","9":"product_tag-cuentas-de-vidrio-checa-2-agujeros-zoliduo","10":"product_tag-ellad2","11":"product_tag-esquemas-con-zoliduo","12":"product_tag-tutoriales-con-zoliduo","13":"product_tag-zoliduo-colgante","14":"product_tag-zoliduo-cuentas","16":"first","17":"instock","18":"downloadable","19":"virtual","20":"purchasable","21":"product-type-simple"},"_links":{"self":[{"href":"https:\/\/ellad2.com\/es\/wp-json\/wp\/v2\/product\/4255","targetHints":{"allow":["GET"]}}],"collection":[{"href":"https:\/\/ellad2.com\/es\/wp-json\/wp\/v2\/product"}],"about":[{"href":"https:\/\/ellad2.com\/es\/wp-json\/wp\/v2\/types\/product"}],"wp:featuredmedia":[{"embeddable":true,"href":"https:\/\/ellad2.com\/es\/wp-json\/wp\/v2\/media\/4263"}],"wp:attachment":[{"href":"https:\/\/ellad2.com\/es\/wp-json\/wp\/v2\/media?parent=4255"}],"wp:term":[{"taxonomy":"product_brand","embeddable":true,"href":"https:\/\/ellad2.com\/es\/wp-json\/wp\/v2\/product_brand?post=4255"},{"taxonomy":"product_cat","embeddable":true,"href":"https:\/\/ellad2.com\/es\/wp-json\/wp\/v2\/product_cat?post=4255"},{"taxonomy":"product_tag","embeddable":true,"href":"https:\/\/ellad2.com\/es\/wp-json\/wp\/v2\/product_tag?post=4255"}],"curies":[{"name":"wp","href":"https:\/\/api.w.org\/{rel}","templated":true}]}}