{"id":4229,"date":"2017-06-20T15:49:06","date_gmt":"2017-06-20T14:49:06","guid":{"rendered":"https:\/\/ellad2.com\/es\/?post_type=product&#038;p=4229"},"modified":"2018-07-12T04:18:04","modified_gmt":"2018-07-12T03:18:04","slug":"tutorial-colgante-flor-hara","status":"publish","type":"product","link":"https:\/\/ellad2.com\/es\/tienda\/tutorial-colgante-flor-hara\/","title":{"rendered":"Tutorial Colgante Flor Hara"},"content":{"rendered":"<p>El Colgante Flor Hara es un proyecto de abalorios con <em><strong>Super-Kheops\u00ae par Puca\u00ae<\/strong><\/em>. Con cuentas triangulares de vidrio presionadas en forma de pir\u00e1mide 3D con 2-orificios, 6mm.<\/p>\n<p>Este es un Colgante de tama\u00f1o medio \u2013 3,7 cm de di\u00e1metro.<\/p>\n<p>El Tutorial de abalorios para el Colgante Flor Hara es muy detallado, f\u00e1cil de seguir, paso por paso, con instrucciones claras de rebordeo y con fotograf\u00edas a color de cada paso.<\/p>\nngg_shortcode_0_placeholder\n<p>Nivel del Proyecto: Todos los niveles. Debe estar familiarizada con la puntada de Peyote.<\/p>\n<p>Lista de Materiales:<\/p>\n<ul>\n<li>Delica Miyuki 11\/0<\/li>\n<li>Cuentas Seed Miyuki 15\/0 y 11\/0<\/li>\n<li>Super-Kheops\u00ae par Puca\u00ae (por ejemplo: un tubo de 9 gr. tiene aprox. 50 cuentas.)<\/li>\n<li>Rivoli Swarovski 14mm<\/li>\n<li>Bicones Swarovski 4mm<\/li>\n<li>Fireline 6lb<\/li>\n<li>Aguja para abalorios # 12 o aguja Tulip # 11<\/li>\n<\/ul>\n<p>Cuentas Super-Kheops\u00ae par Puca\u00ae las puede encontrar en: En Estados Unidos: cuentas <a href=\"http:\/\/www.potomacbeads.com\/ZoliDuo-Beads-s\/3704.htm\" target=\"_blank\" rel=\"noopener\">Potomac<\/a> y en algunas tiendas <a href=\"http:\/\/etsy.com\" target=\"_blank\" rel=\"noopener\">Etsy<\/a>. En Europa las puede encontrar aqu\u00ed: <a href=\"https:\/\/www.perlesandco.com\/Perles_en_Verre_Zoliduo%C2%AE_2_trous-c-2626_40_3860.html\" target=\"_blank\" rel=\"noopener\">Perlesandco<\/a> y <a href=\"https:\/\/www.hobbyperline.com\/perline\/perline-di-vetro\/zoliduo\" target=\"_blank\" rel=\"noopener\">Hobbyperline<\/a>.<\/p>\n<p>El Tutorial para el Colgante Flor Hara es un archivo PDF.<\/p>\n<p><strong>Instrucciones para la descarga<\/strong>:<\/p>\n<p>Despu\u00e9s de que realice el pago, ser\u00e1 dirigida a ella2.com; en donde encontrar\u00e1 el enlace(s) para la descarga. Teclear en \u2018download\u2019 y empezar\u00e1 la descarga. Salve su tutor\u00eda(s).<\/p>\n<p>Tambi\u00e9n recibir\u00e1 un correo electr\u00f3nico con la confirmaci\u00f3n de su pedido con el enlace(s) para la descarga. Teclear en el enlace(s) y la descarga comenzar\u00e1. Salve el documento en su computadora. Por favor, verifique su correo spam\/correo no deseado.<\/p>\n<p>Siempre puede comprobar aqu\u00ed el <a href=\"http:\/\/ellad2.com\/problems-download\/\"><em>estado del pedido<\/em><\/a><em>.<\/em><\/p>\n<p>Puede vender cualquier art\u00edculo que haga con los patrones que me ha comprado. Vea aqu\u00ed mis <a href=\"http:\/\/ellad2.com\/es\/terminos-y-condiciones-ellad2\/\"><em>T\u00e9rminos y Condiciones<\/em><\/a><\/p>\n<p>Derechos de Autor \u00a9Ellad2 \u2013 2017<\/p>\n","protected":false},"excerpt":{"rendered":"<p>El Colgante Flor Hara es un proyecto de abalorios con Super-Kheops\u00ae par Puca\u00ae. Con cuentas triangulares de vidrio presionadas en forma de pir\u00e1mide 3D con 2-orificios, 6mm. Este es un Colgante de tama\u00f1o medio \u2013 3,7 cm de di\u00e1metro. El Tutorial de abalorios para el Colgante Flor Hara es muy detallado, f\u00e1cil de seguir, paso&hellip;&nbsp;<a href=\"https:\/\/ellad2.com\/es\/tienda\/tutorial-colgante-flor-hara\/\" rel=\"bookmark\">Read More &raquo;<span class=\"screen-reader-text\">Tutorial Colgante Flor Hara<\/span><\/a><\/p>\n","protected":false},"featured_media":4231,"template":"","meta":{"neve_meta_sidebar":"","neve_meta_container":"","neve_meta_enable_content_width":"","neve_meta_content_width":0,"neve_meta_title_alignment":"","neve_meta_author_avatar":"","neve_post_elements_order":"","neve_meta_disable_header":"","neve_meta_disable_footer":"","neve_meta_disable_title":"","neve_meta_reading_time":"","ngg_post_thumbnail":0},"product_brand":[],"product_cat":[327],"product_tag":[217,12,211,213,215],"class_list":{"0":"post-4229","1":"product","2":"type-product","3":"status-publish","4":"has-post-thumbnail","6":"product_cat-colgantes","7":"product_tag-colgante-con-super-kheops","8":"product_tag-ellad2","9":"product_tag-super-kheops","10":"product_tag-super-kheops-cuetas","11":"product_tag-super-kheops-par-puca","13":"first","14":"instock","15":"downloadable","16":"virtual","17":"purchasable","18":"product-type-simple"},"_links":{"self":[{"href":"https:\/\/ellad2.com\/es\/wp-json\/wp\/v2\/product\/4229","targetHints":{"allow":["GET"]}}],"collection":[{"href":"https:\/\/ellad2.com\/es\/wp-json\/wp\/v2\/product"}],"about":[{"href":"https:\/\/ellad2.com\/es\/wp-json\/wp\/v2\/types\/product"}],"wp:featuredmedia":[{"embeddable":true,"href":"https:\/\/ellad2.com\/es\/wp-json\/wp\/v2\/media\/4231"}],"wp:attachment":[{"href":"https:\/\/ellad2.com\/es\/wp-json\/wp\/v2\/media?parent=4229"}],"wp:term":[{"taxonomy":"product_brand","embeddable":true,"href":"https:\/\/ellad2.com\/es\/wp-json\/wp\/v2\/product_brand?post=4229"},{"taxonomy":"product_cat","embeddable":true,"href":"https:\/\/ellad2.com\/es\/wp-json\/wp\/v2\/product_cat?post=4229"},{"taxonomy":"product_tag","embeddable":true,"href":"https:\/\/ellad2.com\/es\/wp-json\/wp\/v2\/product_tag?post=4229"}],"curies":[{"name":"wp","href":"https:\/\/api.w.org\/{rel}","templated":true}]}}