{"id":4221,"date":"2017-04-11T19:39:50","date_gmt":"2017-04-11T18:39:50","guid":{"rendered":"https:\/\/ellad2.com\/es\/?post_type=product&#038;p=4221"},"modified":"2018-07-12T04:18:00","modified_gmt":"2018-07-12T03:18:00","slug":"tutorial-arrow-triangle","status":"publish","type":"product","link":"https:\/\/ellad2.com\/es\/tienda\/tutorial-arrow-triangle\/","title":{"rendered":"Tutorial Arrow Triangle"},"content":{"rendered":"<p>Finalmente me surgi\u00f3 la idea de c\u00f3mo usar los abalorios <strong><em>Arrow Triangle Swarovski (Flechas Swarovski 5748)<\/em><\/strong> ?<\/p>\n<p>Esta hermosa forma Triangular de Colgante tambi\u00e9n tiene cuentas\u00a0<a href=\"http:\/\/perlepuca.canalblog.com\/\">Arcos Par Puca<\/a> y Cabujones 2-orificios; es un proyecto f\u00e1cil y r\u00e1pido de hacer.<\/p>\n<p><em>Nivel del Proyecto:<\/em><em>\u00a0<\/em>Todos los niveles.<em>\u00a0<\/em><\/p>\nngg_shortcode_0_placeholder\n<p>El Tutorial de abalorios para el Colgante Arrow Triangle es muy detallado, f\u00e1cil de seguir, paso a paso con claras instrucciones de rebordeo y con fotograf\u00edas a color de cada paso.<\/p>\n<p>Lista de Materiales:<\/p>\n<ul>\n<li>Cuentas Seed Miyuki 11\/0, 8\/0, 15\/0<\/li>\n<li>Cuentas Arcos Par Puca<\/li>\n<li>Cabujones Czech 2-orificios<\/li>\n<li>Cuentas Arrow Swarovski 12mm &#8211; Flecha Swarovski 5748 (Los puede encontrar por ejemplo en:\u00a0<a href=\"http:\/\/www.firemountaingems.com\/shop\/swarovski-crystal-beads-12mm_stringing_length-swarovski_shape_5748?sortby=bestmatch\">Fire Mountain Gems<\/a>(US),o en\u00a0<a href=\"https:\/\/www.perlesandco.co.uk\/5748_Arrows_12mm-c-24_997_2824_2925.html\">Perlesandco\u00a0<\/a>(EU).<\/li>\n<li>Bicones Swarovski 4mm<\/li>\n<li>Tirilla para el colgante<\/li>\n<li>Argolla<\/li>\n<li>Fireline 6lb<\/li>\n<li>Aguja para abalorios # 12 o aguja Tulip # 11<\/li>\n<\/ul>\n<p>El Tutorial para el Colgante Arrow Triangle es un archivo PDF.<\/p>\n<p><strong><em>Instrucciones para la descarga:<\/em><\/strong><\/p>\n<p>Despu\u00e9s de que realice el pago, ser\u00e1 dirigida a ellad2.com. En donde encontrar\u00e1 el enlace(s) para la descarga. Teclear en \u2018download\u2019 y empezar\u00e1 la descarga. Salve su tutor\u00eda(s).<\/p>\n<p>Tambi\u00e9n recibir\u00e1 un correo electr\u00f3nico con la confirmaci\u00f3n de su pedido con el enlace(s) para la descarga. Teclear en el enlace(s) y la descarga comenzar\u00e1.\u00a0 Salve el documento en su computadora. Por favor, verifique su correo spam\/correo no deseado.<\/p>\n<p>Siempre puede ver aqu\u00ed el <a href=\"http:\/\/ellad2.com\/problems-download\/\"><em>estado del pedido<\/em><\/a><em>.<\/em><\/p>\n<p>Puede vender cualquier art\u00edculo que haga con los patrones que me ha comprado.\u00a0 Vea aqu\u00ed mis <a href=\"http:\/\/ellad2.com\/es\/terminos-y-condiciones-ellad2\/\"><em>T\u00e9rminos y Condiciones<\/em><\/a><\/p>\n<p>Derechos de Autor\u00a9Ellad2 \u2013 2017<\/p>\n","protected":false},"excerpt":{"rendered":"<p>Finalmente me surgi\u00f3 la idea de c\u00f3mo usar los abalorios Arrow Triangle Swarovski (Flechas Swarovski 5748) ? Esta hermosa forma Triangular de Colgante tambi\u00e9n tiene cuentas\u00a0Arcos Par Puca y Cabujones 2-orificios; es un proyecto f\u00e1cil y r\u00e1pido de hacer. Nivel del Proyecto:\u00a0Todos los niveles.\u00a0 El Tutorial de abalorios para el Colgante Arrow Triangle es muy&hellip;&nbsp;<a href=\"https:\/\/ellad2.com\/es\/tienda\/tutorial-arrow-triangle\/\" rel=\"bookmark\">Read More &raquo;<span class=\"screen-reader-text\">Tutorial Arrow Triangle<\/span><\/a><\/p>\n","protected":false},"featured_media":4223,"template":"","meta":{"neve_meta_sidebar":"","neve_meta_container":"","neve_meta_enable_content_width":"","neve_meta_content_width":0,"neve_meta_title_alignment":"","neve_meta_author_avatar":"","neve_post_elements_order":"","neve_meta_disable_header":"","neve_meta_disable_footer":"","neve_meta_disable_title":"","neve_meta_reading_time":"","ngg_post_thumbnail":0},"product_brand":[],"product_cat":[327],"product_tag":[173,209],"class_list":{"0":"post-4221","1":"product","2":"type-product","3":"status-publish","4":"has-post-thumbnail","6":"product_cat-colgantes","7":"product_tag-arcos-par-puca","8":"product_tag-flechas-de-swarovski","10":"first","11":"instock","12":"downloadable","13":"virtual","14":"purchasable","15":"product-type-simple"},"_links":{"self":[{"href":"https:\/\/ellad2.com\/es\/wp-json\/wp\/v2\/product\/4221","targetHints":{"allow":["GET"]}}],"collection":[{"href":"https:\/\/ellad2.com\/es\/wp-json\/wp\/v2\/product"}],"about":[{"href":"https:\/\/ellad2.com\/es\/wp-json\/wp\/v2\/types\/product"}],"wp:featuredmedia":[{"embeddable":true,"href":"https:\/\/ellad2.com\/es\/wp-json\/wp\/v2\/media\/4223"}],"wp:attachment":[{"href":"https:\/\/ellad2.com\/es\/wp-json\/wp\/v2\/media?parent=4221"}],"wp:term":[{"taxonomy":"product_brand","embeddable":true,"href":"https:\/\/ellad2.com\/es\/wp-json\/wp\/v2\/product_brand?post=4221"},{"taxonomy":"product_cat","embeddable":true,"href":"https:\/\/ellad2.com\/es\/wp-json\/wp\/v2\/product_cat?post=4221"},{"taxonomy":"product_tag","embeddable":true,"href":"https:\/\/ellad2.com\/es\/wp-json\/wp\/v2\/product_tag?post=4221"}],"curies":[{"name":"wp","href":"https:\/\/api.w.org\/{rel}","templated":true}]}}