{"id":4169,"date":"2017-06-13T17:36:22","date_gmt":"2017-06-13T16:36:22","guid":{"rendered":"https:\/\/ellad2.com\/es\/?post_type=product&#038;p=4169"},"modified":"2018-07-12T04:17:59","modified_gmt":"2018-07-12T03:17:59","slug":"tutorial-collar-prisha","status":"publish","type":"product","link":"https:\/\/ellad2.com\/es\/tienda\/tutorial-collar-prisha\/","title":{"rendered":"Tutorial Collar Prisha"},"content":{"rendered":"<p>El Collar Prisha es otro proyecto de abalorios con maravillosas cuentas ZoliDuo &#8211; 2 orificios.<\/p>\n<p>Hay dos tipos de cuentas ZoliDuo orientadas: hacia la derecha y hacia la izquierda. Para este collar necesitar\u00e1 ambas. De este modo, tenga cuidado durante su compra.<\/p>\n<p>Nivel del proyecto: Todos los niveles. Para los principiantes puede ser un desaf\u00edo.<\/p>\nngg_shortcode_0_placeholder\n<p>La Tutor\u00eda de abalorios para el collar Prisha es muy detallada, f\u00e1cil de seguir, paso por paso, con instrucciones claras de rebordeo y con fotograf\u00edas a color de cada paso<\/p>\n<p>Puede comprar cuentas ZoliDuo en <a href=\"http:\/\/www.potomacbeads.com\/ZoliDuo-Beads-s\/3704.htm\" target=\"_blank\" rel=\"noopener\">Potomac <\/a>(E.E.U.U). Tambi\u00e9n las puede encontrar en algunas tiendas Etsy.<\/p>\n<p>En Europa las puede encontrar por ejemplo en <a href=\"https:\/\/www.perlesandco.com\/Perles_en_Verre_Zoliduo%C2%AE_2_trous-c-2626_40_3860.html\" target=\"_blank\" rel=\"noopener\">Perlesandco<\/a>,\u00a0<a href=\"https:\/\/www.glass4u.cz\/en\/zoliduo\/\" target=\"_blank\" rel=\"noopener\">Glass4you <\/a>y <a href=\"https:\/\/www.hobbyperline.com\/perline\/perline-di-vetro\/zoliduo\" target=\"_blank\" rel=\"noopener\">Hobbyperline<\/a>.<\/p>\n<p>Lista de Materiales:<\/p>\n<ul>\n<li>Cuentas Seed Miyuki 11\/0 y pocas 8\/0<\/li>\n<li>ZoliDuo &#8211; Izquierda<\/li>\n<li>ZoliDuo \u2013 Derecha<\/li>\n<li>Perlas de cristal 6mm<\/li>\n<li>Broche<\/li>\n<li>Fireline 6lb<\/li>\n<li>Aguja para enfilar # 12 o aguja Tulip # 11<\/li>\n<\/ul>\n<p>El Tutorial para el collar Prisha es un archivo PDF.<\/p>\n<p><strong>Instrucciones para la descarga<\/strong>:<\/p>\n<p>Despu\u00e9s de que realice el pago, ser\u00e1 dirigida a ella2.com; en donde encontrar\u00e1 el enlace(s) para la descarga. Teclear en \u2018download\u2019 y empezar\u00e1 la descarga. Salve su tutor\u00eda(s).<\/p>\n<p>Tambi\u00e9n recibir\u00e1 un correo electr\u00f3nico con la confirmaci\u00f3n de su pedido con el enlace(s) para la descarga. Teclear en el enlace(s) y la descarga comenzar\u00e1. Salve el documento en su computadora. Por favor, verifique su correo spam\/correo no deseado.<\/p>\n<p>Siempre puede comprobar aqu\u00ed el <a href=\"http:\/\/ellad2.com\/problems-download\/\"><em>estado del pedido<\/em><\/a><em>.<\/em><\/p>\n<p>Puede vender cualquier art\u00edculo que haga con los patrones que me ha comprado. Vea aqu\u00ed mis <a href=\"http:\/\/ellad2.com\/es\/terminos-y-condiciones-ellad2\/\"><em>T\u00e9rminos y Condiciones<\/em><\/a><\/p>\n<p>Derechos de Autor \u00a9Ellad2 \u2013 2017<\/p>\n<p>&nbsp;<\/p>\n","protected":false},"excerpt":{"rendered":"<p>El Collar Prisha es otro proyecto de abalorios con maravillosas cuentas ZoliDuo &#8211; 2 orificios. Hay dos tipos de cuentas ZoliDuo orientadas: hacia la derecha y hacia la izquierda. Para este collar necesitar\u00e1 ambas. De este modo, tenga cuidado durante su compra. Nivel del proyecto: Todos los niveles. Para los principiantes puede ser un desaf\u00edo.&hellip;&nbsp;<a href=\"https:\/\/ellad2.com\/es\/tienda\/tutorial-collar-prisha\/\" rel=\"bookmark\">Read More &raquo;<span class=\"screen-reader-text\">Tutorial Collar Prisha<\/span><\/a><\/p>\n","protected":false},"featured_media":4171,"template":"","meta":{"neve_meta_sidebar":"","neve_meta_container":"","neve_meta_enable_content_width":"","neve_meta_content_width":0,"neve_meta_title_alignment":"","neve_meta_author_avatar":"","neve_post_elements_order":"","neve_meta_disable_header":"","neve_meta_disable_footer":"","neve_meta_disable_title":"","neve_meta_reading_time":"","ngg_post_thumbnail":0},"product_brand":[],"product_cat":[329],"product_tag":[199,207,187,197,205,189,201,203],"class_list":{"0":"post-4169","1":"product","2":"type-product","3":"status-publish","4":"has-post-thumbnail","6":"product_cat-collares","7":"product_tag-esquemas-zoliduo","8":"product_tag-zoliduo","9":"product_tag-zoliduo-2-orificios","10":"product_tag-zoliduo-abalorios","11":"product_tag-zoliduo-collares","12":"product_tag-zoliduo-cuentas","13":"product_tag-zoliduo-esquemas","14":"product_tag-zoliduo-tutoriales","16":"first","17":"instock","18":"downloadable","19":"virtual","20":"purchasable","21":"product-type-simple"},"_links":{"self":[{"href":"https:\/\/ellad2.com\/es\/wp-json\/wp\/v2\/product\/4169","targetHints":{"allow":["GET"]}}],"collection":[{"href":"https:\/\/ellad2.com\/es\/wp-json\/wp\/v2\/product"}],"about":[{"href":"https:\/\/ellad2.com\/es\/wp-json\/wp\/v2\/types\/product"}],"wp:featuredmedia":[{"embeddable":true,"href":"https:\/\/ellad2.com\/es\/wp-json\/wp\/v2\/media\/4171"}],"wp:attachment":[{"href":"https:\/\/ellad2.com\/es\/wp-json\/wp\/v2\/media?parent=4169"}],"wp:term":[{"taxonomy":"product_brand","embeddable":true,"href":"https:\/\/ellad2.com\/es\/wp-json\/wp\/v2\/product_brand?post=4169"},{"taxonomy":"product_cat","embeddable":true,"href":"https:\/\/ellad2.com\/es\/wp-json\/wp\/v2\/product_cat?post=4169"},{"taxonomy":"product_tag","embeddable":true,"href":"https:\/\/ellad2.com\/es\/wp-json\/wp\/v2\/product_tag?post=4169"}],"curies":[{"name":"wp","href":"https:\/\/api.w.org\/{rel}","templated":true}]}}