{"id":4159,"date":"2017-06-11T19:30:51","date_gmt":"2017-06-11T18:30:51","guid":{"rendered":"https:\/\/ellad2.com\/es\/?post_type=product&#038;p=4159"},"modified":"2018-07-12T04:17:59","modified_gmt":"2018-07-12T03:17:59","slug":"tutorial-pulsera-zoli","status":"publish","type":"product","link":"https:\/\/ellad2.com\/es\/tienda\/tutorial-pulsera-zoli\/","title":{"rendered":"Tutorial Pulsera Zoli"},"content":{"rendered":"<p>La Pulsera Zoli es un proyecto de abalorios con nuevas cuentas ZoliDuo 2-orificios.\u00a0 Hay dos tipos de cuentas Zoliduo: orientadas a la izquierda y a la derecha. Para esta pulsera necesitar\u00e1 ambas.\u00a0 Por lo tanto, tenga cuidado durante su compra.<\/p>\n<p>Nivel del proyecto: Todos los niveles. Para los principiantes puede ser un desaf\u00edo.<\/p>\nngg_shortcode_0_placeholder\n<p>Para esta pulsera compr\u00e9 cuentas: ZoliDuo, Fire-polished y Honeycomb en <a href=\"http:\/\/www.potomacbeads.com\/ZoliDuo-Beads-s\/3704.htm\" target=\"_blank\" rel=\"noopener\">Potomac<\/a> (E.E.U.U.).<\/p>\n<p>Tambi\u00e9n puede encontrar cuentas ZoliDuo en algunas tiendas <a href=\"https:\/\/etsy.com\" target=\"_blank\" rel=\"noopener\">Etsy<\/a>.<\/p>\n<p>En Europa las puede encontrar por ejemplo en <a href=\"https:\/\/www.perlesandco.com\/Perles_en_Verre_Zoliduo%C2%AE_2_trous-c-2626_40_3860.html\" target=\"_blank\" rel=\"noopener\">Perlesandco<\/a>,\u00a0<a href=\"https:\/\/www.glass4u.cz\/en\/zoliduo\/\" target=\"_blank\" rel=\"noopener\">Glass4you<\/a> y <a href=\"https:\/\/www.hobbyperline.com\/perline\/perline-di-vetro\/zoliduo\" target=\"_blank\" rel=\"noopener\">Hobbyperline<\/a>.<\/p>\n<p>La Tutor\u00eda de abalorios para la Pulsera Zoli es muy detallada, f\u00e1cil de seguir, paso por paso, con instrucciones claras de rebordeo y con fotograf\u00edas a color de cada paso.<\/p>\n<p>Lista de Materiales:<\/p>\n<ul>\n<li>Cuentas Seed Miyuki 11\/0<\/li>\n<li>ZoliDuo 2-orificios \u2013 Izquierda<\/li>\n<li>ZoliDuo 2- orificios \u2013 Derecha<\/li>\n<li>Cuentas Fire-polished 4mm<\/li>\n<li>Cuentas Honeycomb<\/li>\n<li>Broche<\/li>\n<li>Fireline 6lb<\/li>\n<li>Aguja para enfilar # 12 o aguja Tulip # 11<\/li>\n<\/ul>\n<p>El Tutorial para la Pulsera Zoli es un archivo PDF.<\/p>\n<p><strong>Instrucciones para la descarga<\/strong>:<\/p>\n<p>Despu\u00e9s de que realice el pago, ser\u00e1 dirigida a ella2.com; en donde encontrar\u00e1 el enlace(s) para la descarga. Teclear en \u2018download\u2019 y empezar\u00e1 la descarga. Salve su tutor\u00eda(s).<\/p>\n<p>Tambi\u00e9n recibir\u00e1 un correo electr\u00f3nico con la confirmaci\u00f3n de su pedido con el enlace(s) para la descarga. Teclear en el enlace(s) y la descarga comenzar\u00e1. Salve el documento en su computadora. Por favor, verifique su correo spam\/correo no deseado.<\/p>\n<p>Siempre puede comprobar aqu\u00ed el <a href=\"http:\/\/ellad2.com\/problems-download\/\"><em>estado del pedido<\/em><\/a><em>.<\/em><\/p>\n<p>Puede vender cualquier art\u00edculo que haga con los patrones que me ha comprado. Vea aqu\u00ed mis <a href=\"http:\/\/ellad2.com\/es\/terminos-y-condiciones-ellad2\/\"><em>T\u00e9rminos y Condiciones<\/em><\/a><\/p>\n<p>Derechos de Autor \u00a9Ellad2 \u2013 2017<\/p>\n","protected":false},"excerpt":{"rendered":"<p>La Pulsera Zoli es un proyecto de abalorios con nuevas cuentas ZoliDuo 2-orificios.\u00a0 Hay dos tipos de cuentas Zoliduo: orientadas a la izquierda y a la derecha. Para esta pulsera necesitar\u00e1 ambas.\u00a0 Por lo tanto, tenga cuidado durante su compra. Nivel del proyecto: Todos los niveles. Para los principiantes puede ser un desaf\u00edo. Para esta&hellip;&nbsp;<a href=\"https:\/\/ellad2.com\/es\/tienda\/tutorial-pulsera-zoli\/\" rel=\"bookmark\">Read More &raquo;<span class=\"screen-reader-text\">Tutorial Pulsera Zoli<\/span><\/a><\/p>\n","protected":false},"featured_media":4161,"template":"","meta":{"neve_meta_sidebar":"","neve_meta_container":"","neve_meta_enable_content_width":"","neve_meta_content_width":0,"neve_meta_title_alignment":"","neve_meta_author_avatar":"","neve_post_elements_order":"","neve_meta_disable_header":"","neve_meta_disable_footer":"","neve_meta_disable_title":"","neve_meta_reading_time":"","ngg_post_thumbnail":0},"product_brand":[],"product_cat":[325],"product_tag":[12,195,193,187,189,191],"class_list":{"0":"post-4159","1":"product","2":"type-product","3":"status-publish","4":"has-post-thumbnail","6":"product_cat-brazaletes","7":"product_tag-ellad2","8":"product_tag-esquemas-con-zoliduo","9":"product_tag-pulsera-con-zoliduo","10":"product_tag-zoliduo-2-orificios","11":"product_tag-zoliduo-cuentas","12":"product_tag-zoliduo-pulsera","14":"first","15":"instock","16":"downloadable","17":"virtual","18":"purchasable","19":"product-type-simple"},"_links":{"self":[{"href":"https:\/\/ellad2.com\/es\/wp-json\/wp\/v2\/product\/4159","targetHints":{"allow":["GET"]}}],"collection":[{"href":"https:\/\/ellad2.com\/es\/wp-json\/wp\/v2\/product"}],"about":[{"href":"https:\/\/ellad2.com\/es\/wp-json\/wp\/v2\/types\/product"}],"wp:featuredmedia":[{"embeddable":true,"href":"https:\/\/ellad2.com\/es\/wp-json\/wp\/v2\/media\/4161"}],"wp:attachment":[{"href":"https:\/\/ellad2.com\/es\/wp-json\/wp\/v2\/media?parent=4159"}],"wp:term":[{"taxonomy":"product_brand","embeddable":true,"href":"https:\/\/ellad2.com\/es\/wp-json\/wp\/v2\/product_brand?post=4159"},{"taxonomy":"product_cat","embeddable":true,"href":"https:\/\/ellad2.com\/es\/wp-json\/wp\/v2\/product_cat?post=4159"},{"taxonomy":"product_tag","embeddable":true,"href":"https:\/\/ellad2.com\/es\/wp-json\/wp\/v2\/product_tag?post=4159"}],"curies":[{"name":"wp","href":"https:\/\/api.w.org\/{rel}","templated":true}]}}