{"id":4101,"date":"2017-06-04T19:45:24","date_gmt":"2017-06-04T18:45:24","guid":{"rendered":"https:\/\/ellad2.com\/es\/?post_type=product&#038;p=4101"},"modified":"2018-07-12T04:17:58","modified_gmt":"2018-07-12T03:17:58","slug":"tutorial-anillo-alabaster","status":"publish","type":"product","link":"https:\/\/ellad2.com\/es\/tienda\/tutorial-anillo-alabaster\/","title":{"rendered":"Tutorial Anillo Alabaster"},"content":{"rendered":"<p>El Anillo Alabaster es un proyecto de abalorios f\u00e1cil y r\u00e1pido de hacer, con exquisitos Bicones cristal Swarovski color rosa alabastro y cuentas Seed. Una maravillosa adici\u00f3n a su colecci\u00f3n de joyer\u00eda o como un regalo.<\/p>\n<p>El Tutorial de abalorios para el anillo Alabaster es muy detallado, f\u00e1cil de seguir, paso a paso, con claras instrucciones de rebordeo y con fotograf\u00edas a color de cada paso.<\/p>\nngg_shortcode_0_placeholder\n<p>Nivel del Proyecto: Todos los niveles, pero debe tener conocimientos b\u00e1sicos del tejido plano \u00e1ngulo recto (RAW). O puede hacer la banda del anillo en alguna otra puntada.<\/p>\n<p>Lista de Materiales:<\/p>\n<ul>\n<li>Cuentas Seed Miyuki 11\/0<\/li>\n<li>Bicones Swarovski 4mm<\/li>\n<li>Rivoli Swarovski 14mm<\/li>\n<li>Fireline 6lb o cualquier otro hilo para abalorios.<\/li>\n<li>Aguja para abalorios # 12 o aguja Tulip # 11<\/li>\n<\/ul>\n<p>El Tutorial para el anillo Alabaster es un archivo PDF.<\/p>\n<p><strong>Instrucciones para la descarga<\/strong>:<\/p>\n<p>Despu\u00e9s de que realice el pago, ser\u00e1 dirigida a ella2.com; en donde encontrar\u00e1 el enlace(s) para la descarga. Teclear en \u2018download\u2019 y empezar\u00e1 la descarga. Salve su tutor\u00eda(s).<\/p>\n<p>Tambi\u00e9n recibir\u00e1 un correo electr\u00f3nico con la confirmaci\u00f3n de su pedido con el enlace(s) para la descarga. Teclear en el enlace(s) y la descarga comenzar\u00e1. Salve el documento en su computadora. Por favor, verifique su correo spam\/correo no deseado.<\/p>\n<p>Siempre puede comprobar aqu\u00ed el <a href=\"http:\/\/ellad2.com\/problems-download\/\"><em>estado del pedido<\/em><\/a><em>.<\/em><\/p>\n<p>Puede vender cualquier art\u00edculo que haga con los patrones que me ha comprado. Vea aqu\u00ed mis <a href=\"http:\/\/ellad2.com\/es\/terminos-y-condiciones-ellad2\/\"><em>T\u00e9rminos y Condiciones<\/em><\/a><\/p>\n<p>Derechos de Autor \u00a9Ellad2 \u2013 2017<\/p>\n","protected":false},"excerpt":{"rendered":"<p>El Anillo Alabaster es un proyecto de abalorios f\u00e1cil y r\u00e1pido de hacer, con exquisitos Bicones cristal Swarovski color rosa alabastro y cuentas Seed. Una maravillosa adici\u00f3n a su colecci\u00f3n de joyer\u00eda o como un regalo. El Tutorial de abalorios para el anillo Alabaster es muy detallado, f\u00e1cil de seguir, paso a paso, con claras&hellip;&nbsp;<a href=\"https:\/\/ellad2.com\/es\/tienda\/tutorial-anillo-alabaster\/\" rel=\"bookmark\">Read More &raquo;<span class=\"screen-reader-text\">Tutorial Anillo Alabaster<\/span><\/a><\/p>\n","protected":false},"featured_media":4103,"template":"","meta":{"neve_meta_sidebar":"","neve_meta_container":"","neve_meta_enable_content_width":"","neve_meta_content_width":0,"neve_meta_title_alignment":"","neve_meta_author_avatar":"","neve_post_elements_order":"","neve_meta_disable_header":"","neve_meta_disable_footer":"","neve_meta_disable_title":"","neve_meta_reading_time":"","ngg_post_thumbnail":0},"product_brand":[],"product_cat":[323],"product_tag":[],"class_list":{"0":"post-4101","1":"product","2":"type-product","3":"status-publish","4":"has-post-thumbnail","6":"product_cat-anillos","8":"first","9":"instock","10":"downloadable","11":"virtual","12":"purchasable","13":"product-type-simple"},"_links":{"self":[{"href":"https:\/\/ellad2.com\/es\/wp-json\/wp\/v2\/product\/4101","targetHints":{"allow":["GET"]}}],"collection":[{"href":"https:\/\/ellad2.com\/es\/wp-json\/wp\/v2\/product"}],"about":[{"href":"https:\/\/ellad2.com\/es\/wp-json\/wp\/v2\/types\/product"}],"wp:featuredmedia":[{"embeddable":true,"href":"https:\/\/ellad2.com\/es\/wp-json\/wp\/v2\/media\/4103"}],"wp:attachment":[{"href":"https:\/\/ellad2.com\/es\/wp-json\/wp\/v2\/media?parent=4101"}],"wp:term":[{"taxonomy":"product_brand","embeddable":true,"href":"https:\/\/ellad2.com\/es\/wp-json\/wp\/v2\/product_brand?post=4101"},{"taxonomy":"product_cat","embeddable":true,"href":"https:\/\/ellad2.com\/es\/wp-json\/wp\/v2\/product_cat?post=4101"},{"taxonomy":"product_tag","embeddable":true,"href":"https:\/\/ellad2.com\/es\/wp-json\/wp\/v2\/product_tag?post=4101"}],"curies":[{"name":"wp","href":"https:\/\/api.w.org\/{rel}","templated":true}]}}