{"id":4009,"date":"2017-05-21T15:49:02","date_gmt":"2017-05-21T14:49:02","guid":{"rendered":"https:\/\/ellad2.com\/es\/?post_type=product&#038;p=4009"},"modified":"2018-07-12T04:17:56","modified_gmt":"2018-07-12T03:17:56","slug":"tutorial-pulsera-kiara","status":"publish","type":"product","link":"https:\/\/ellad2.com\/es\/tienda\/tutorial-pulsera-kiara\/","title":{"rendered":"Tutorial Pulsera Kiara"},"content":{"rendered":"<p>La Pulsera Kiara es un nuevo proyecto de abalorios con cuentas Arcos y Minos Par de Puca, sino tambi\u00e9n mi primer proyecto con Duets Superduo.<\/p>\n<p>En lugar de Duets Superduo puede usar cuentas Superduo regulares.<\/p>\n<p>Tiene muchas posibilidades de jugar con diferentes colores de cuentas y cristales y cada vez podr\u00e1 realizar un nuevo dise\u00f1o.<\/p>\nngg_shortcode_0_placeholder\n<p>El Tutorial de abalorios para la pulsera Kiara es muy detallado, f\u00e1cil de seguir, paso a paso, con claras instrucciones de rebordeo y con fotograf\u00edas a color de cada paso.<\/p>\n<p>Nivel del Proyecto: Intermedio. Para los principiantes puede ser un reto.<\/p>\n<p>Lista de Materiales:<\/p>\n<ul>\n<li>Cuentas Seed Miyuki 15\/0, 11\/0, 8\/0<\/li>\n<li>Cuentas Duets Superduo<\/li>\n<li>Arcos Par Puca<\/li>\n<li>Minos Par Puca<\/li>\n<li>Cuentas Czech Druk 4mm (puede usar cualquier otra cuenta\/perla\/Bicones cristal en el mismo tama\u00f1o).<\/li>\n<li>Cuentas Fire-polished 3mm (puede usar cualquier otra cuenta\/perla\/Bicones cristal en el mismo tama\u00f1o).<\/li>\n<li>Bicones Swarovski 4mm<\/li>\n<li>Broche<\/li>\n<li>Fireline 6lb (recomendado)<\/li>\n<li>Aguja para enfilar # 12 o aguja Tulip # 11<\/li>\n<\/ul>\n<p>El Tutorial para la pulsera Kiara es un archivo PDF.<\/p>\n<p><strong>Instrucciones para la descarga<\/strong>:<\/p>\n<p>Despu\u00e9s de que realice el pago, ser\u00e1 dirigida a ella2.com; en donde encontrar\u00e1 el enlace(s) para la descarga. Teclear en \u2018download\u2019 y empezar\u00e1 la descarga. Salve su tutor\u00eda(s).<\/p>\n<p>Tambi\u00e9n recibir\u00e1 un correo electr\u00f3nico con la confirmaci\u00f3n de su pedido con el enlace(s) para la descarga. Teclear en el enlace(s) y la descarga comenzar\u00e1. Salve el documento en su computadora. Por favor, verifique su correo spam\/correo no deseado.<\/p>\n<p>Siempre puede comprobar aqu\u00ed el <a href=\"http:\/\/ellad2.com\/problems-download\/\"><em>estado del pedido<\/em><\/a><em>.<\/em><\/p>\n<p>Puede vender cualquier art\u00edculo que haga con los patrones que me ha comprado. Vea aqu\u00ed mis <a href=\"http:\/\/ellad2.com\/es\/terminos-y-condiciones-ellad2\/\"><em>T\u00e9rminos y Condiciones<\/em><\/a><\/p>\n<p>Derechos de Autor \u00a9Ellad2 \u2013 2017<\/p>\n","protected":false},"excerpt":{"rendered":"<p>La Pulsera Kiara es un nuevo proyecto de abalorios con cuentas Arcos y Minos Par de Puca, sino tambi\u00e9n mi primer proyecto con Duets Superduo. En lugar de Duets Superduo puede usar cuentas Superduo regulares. Tiene muchas posibilidades de jugar con diferentes colores de cuentas y cristales y cada vez podr\u00e1 realizar un nuevo dise\u00f1o.&hellip;&nbsp;<a href=\"https:\/\/ellad2.com\/es\/tienda\/tutorial-pulsera-kiara\/\" rel=\"bookmark\">Read More &raquo;<span class=\"screen-reader-text\">Tutorial Pulsera Kiara<\/span><\/a><\/p>\n","protected":false},"featured_media":4011,"template":"","meta":{"neve_meta_sidebar":"","neve_meta_container":"","neve_meta_enable_content_width":"","neve_meta_content_width":0,"neve_meta_title_alignment":"","neve_meta_author_avatar":"","neve_post_elements_order":"","neve_meta_disable_header":"","neve_meta_disable_footer":"","neve_meta_disable_title":"","neve_meta_reading_time":"","ngg_post_thumbnail":0},"product_brand":[],"product_cat":[325],"product_tag":[153,173,169,177,12,171,175,179],"class_list":{"0":"post-4009","1":"product","2":"type-product","3":"status-publish","4":"has-post-thumbnail","6":"product_cat-brazaletes","7":"product_tag-arcos-cuentas","8":"product_tag-arcos-par-puca","9":"product_tag-arcos-y-minos","10":"product_tag-arcos-y-minos-par-puca","11":"product_tag-ellad2","12":"product_tag-minos-cuentas","13":"product_tag-minos-par-puca","14":"product_tag-pulsera-con-arcos-y-minos","16":"first","17":"instock","18":"downloadable","19":"virtual","20":"purchasable","21":"product-type-simple"},"_links":{"self":[{"href":"https:\/\/ellad2.com\/es\/wp-json\/wp\/v2\/product\/4009","targetHints":{"allow":["GET"]}}],"collection":[{"href":"https:\/\/ellad2.com\/es\/wp-json\/wp\/v2\/product"}],"about":[{"href":"https:\/\/ellad2.com\/es\/wp-json\/wp\/v2\/types\/product"}],"wp:featuredmedia":[{"embeddable":true,"href":"https:\/\/ellad2.com\/es\/wp-json\/wp\/v2\/media\/4011"}],"wp:attachment":[{"href":"https:\/\/ellad2.com\/es\/wp-json\/wp\/v2\/media?parent=4009"}],"wp:term":[{"taxonomy":"product_brand","embeddable":true,"href":"https:\/\/ellad2.com\/es\/wp-json\/wp\/v2\/product_brand?post=4009"},{"taxonomy":"product_cat","embeddable":true,"href":"https:\/\/ellad2.com\/es\/wp-json\/wp\/v2\/product_cat?post=4009"},{"taxonomy":"product_tag","embeddable":true,"href":"https:\/\/ellad2.com\/es\/wp-json\/wp\/v2\/product_tag?post=4009"}],"curies":[{"name":"wp","href":"https:\/\/api.w.org\/{rel}","templated":true}]}}