{"id":3819,"date":"2017-04-27T14:06:52","date_gmt":"2017-04-27T13:06:52","guid":{"rendered":"https:\/\/ellad2.com\/es\/?post_type=product&#038;p=3819"},"modified":"2018-07-12T04:17:54","modified_gmt":"2018-07-12T03:17:54","slug":"tutorial-colgante-agra","status":"publish","type":"product","link":"https:\/\/ellad2.com\/es\/tienda\/tutorial-colgante-agra\/","title":{"rendered":"Tutorial Colgante Agra"},"content":{"rendered":"<p>Agra (\u201cla frontera del bosque\u201d) es una majestuosidad del Taj\u2026<\/p>\n<p>Haga su propio Colgante Agra con cuentas Delicas Miyuki y Crystales Swarovski.<\/p>\n<p>Talla del colgante: 4.7 cm. Si cree que es demasiado grande, usted podr\u00e1 hacerlo m\u00e1s peque\u00f1o durante su trabajo. S\u00f3lo tendr\u00e1 que saltar las \u00faltimas filas\u2026 Hay pocos puntos en el seminario en donde usted puede parar y terminar el colgante sin tener que seguir el patr\u00f3n hasta el final. Es su opci\u00f3n.<\/p>\nngg_shortcode_0_placeholder\n<p>T\u00e9cnica de abalorios: puntada Peyote.<\/p>\n<p>El Tutorial de abalorios para el Colgante Agra es muy detallado, f\u00e1cil de seguir, paso a paso, con claras instrucciones de rebordeo y con fotograf\u00edas a color de cada paso.<\/p>\n<p>Nivel de proyecto: Intermedio\/Avanzado. Deber\u00e1 estar familiarizada con la puntada de Peyote.<\/p>\n<p>Lista de Materiales:<\/p>\n<ul>\n<li>Delica Miyuki 11\/0<\/li>\n<li>Seed Miyuki 15\/0<\/li>\n<li>Rivoli Swarovski 14mm<\/li>\n<li>Bicones Swarovski 4mm<\/li>\n<li>Argolla,<\/li>\n<li>Tirilla para el colgante<\/li>\n<li>Fireline 6lb<\/li>\n<li>Aguja para enfilar # 12 o aguja Tulip # 11<\/li>\n<\/ul>\n<p>El Tutorial para el Colgante Agra es un archivo PDF.<\/p>\n<p><strong>Instrucciones para la descarga<\/strong>:<\/p>\n<p>Despu\u00e9s de que realice el pago, ser\u00e1 dirigida a ella2.com; en donde encontrar\u00e1 el enlace(s) para la descarga. Teclear en \u2018download\u2019 y empezar\u00e1 la descarga. Salve su tutor\u00eda(s).<\/p>\n<p>Tambi\u00e9n recibir\u00e1 un correo electr\u00f3nico con la confirmaci\u00f3n de su pedido con el enlace(s) para la descarga. Teclear en el enlace(s) y la descarga comenzar\u00e1. Salve el documento en su computadora. Por favor, verifique su correo spam\/correo no deseado.<\/p>\n<p>Siempre puede comprobar aqu\u00ed el <a href=\"http:\/\/ellad2.com\/problems-download\/\"><em>estado del pedido<\/em><\/a><em>.<\/em><\/p>\n<p>Puede vender cualquier art\u00edculo que haga con los patrones que me ha comprado. Vea aqu\u00ed mis <a href=\"http:\/\/ellad2.com\/es\/terminos-y-condiciones-ellad2\/\"><em>T\u00e9rminos y Condiciones<\/em><\/a><\/p>\n<p>Derechos de Autor \u00a9Ellad2 \u2013 2017<\/p>\n","protected":false},"excerpt":{"rendered":"<p>Agra (\u201cla frontera del bosque\u201d) es una majestuosidad del Taj\u2026 Haga su propio Colgante Agra con cuentas Delicas Miyuki y Crystales Swarovski. Talla del colgante: 4.7 cm. Si cree que es demasiado grande, usted podr\u00e1 hacerlo m\u00e1s peque\u00f1o durante su trabajo. S\u00f3lo tendr\u00e1 que saltar las \u00faltimas filas\u2026 Hay pocos puntos en el seminario en&hellip;&nbsp;<a href=\"https:\/\/ellad2.com\/es\/tienda\/tutorial-colgante-agra\/\" rel=\"bookmark\">Read More &raquo;<span class=\"screen-reader-text\">Tutorial Colgante Agra<\/span><\/a><\/p>\n","protected":false},"featured_media":3821,"template":"","meta":{"neve_meta_sidebar":"","neve_meta_container":"","neve_meta_enable_content_width":"","neve_meta_content_width":0,"neve_meta_title_alignment":"","neve_meta_author_avatar":"","neve_post_elements_order":"","neve_meta_disable_header":"","neve_meta_disable_footer":"","neve_meta_disable_title":"","neve_meta_reading_time":"","ngg_post_thumbnail":0},"product_brand":[],"product_cat":[327],"product_tag":[],"class_list":{"0":"post-3819","1":"product","2":"type-product","3":"status-publish","4":"has-post-thumbnail","6":"product_cat-colgantes","8":"first","9":"instock","10":"downloadable","11":"virtual","12":"purchasable","13":"product-type-simple"},"_links":{"self":[{"href":"https:\/\/ellad2.com\/es\/wp-json\/wp\/v2\/product\/3819","targetHints":{"allow":["GET"]}}],"collection":[{"href":"https:\/\/ellad2.com\/es\/wp-json\/wp\/v2\/product"}],"about":[{"href":"https:\/\/ellad2.com\/es\/wp-json\/wp\/v2\/types\/product"}],"wp:featuredmedia":[{"embeddable":true,"href":"https:\/\/ellad2.com\/es\/wp-json\/wp\/v2\/media\/3821"}],"wp:attachment":[{"href":"https:\/\/ellad2.com\/es\/wp-json\/wp\/v2\/media?parent=3819"}],"wp:term":[{"taxonomy":"product_brand","embeddable":true,"href":"https:\/\/ellad2.com\/es\/wp-json\/wp\/v2\/product_brand?post=3819"},{"taxonomy":"product_cat","embeddable":true,"href":"https:\/\/ellad2.com\/es\/wp-json\/wp\/v2\/product_cat?post=3819"},{"taxonomy":"product_tag","embeddable":true,"href":"https:\/\/ellad2.com\/es\/wp-json\/wp\/v2\/product_tag?post=3819"}],"curies":[{"name":"wp","href":"https:\/\/api.w.org\/{rel}","templated":true}]}}