{"id":3705,"date":"2017-04-12T14:24:03","date_gmt":"2017-04-12T13:24:03","guid":{"rendered":"https:\/\/ellad2.com\/es\/?post_type=product&#038;p=3705"},"modified":"2018-07-12T04:17:52","modified_gmt":"2018-07-12T03:17:52","slug":"tutorial-pulsera-valley","status":"publish","type":"product","link":"https:\/\/ellad2.com\/es\/tienda\/tutorial-pulsera-valley\/","title":{"rendered":"Tutorial Pulsera Valley"},"content":{"rendered":"<p>Otro proyecto de abalorios con hermosas cuentas Arcos Par de Puca.<\/p>\n<p>Las variaciones de colores y de adornos son infinitas. Puede jugar con el adorno haci\u00e9ndolo diferente y en una manera diferente logrando un dise\u00f1o nuevo y diferente.<\/p>\n<p>Nivel del Proyecto: Todos los niveles. Para el principiante puede ser un desaf\u00edo.<\/p>\nngg_shortcode_0_placeholder\n<p>El Tutorial de abalorios para la pulsera Valley es muy detallado, f\u00e1cil de seguir, paso a paso, con instrucciones claras de rebordeo y con fotograf\u00edas a color de cada paso.<\/p>\n<p>Lista de Materiales:<\/p>\n<ul>\n<li>Cuentas Seed Miyuki 11\/0, 8\/0<\/li>\n<li>Cuentas Arcos Par Puca<\/li>\n<li>Cuentas Redondas\/Perlas 4mm<\/li>\n<li>Broche<\/li>\n<li>Fireline 6lb<\/li>\n<li>Aguja para enfilar # 12 o aguja Tulip # 11<\/li>\n<\/ul>\n<p>El Tutorial de abalorios para la pulsera Valley es un archivo PDF.<\/p>\n<p><strong>Instrucciones para la descarga<\/strong>:<\/p>\n<p>Despu\u00e9s de que realice el pago, ser\u00e1 dirigida a ella2.com; En donde encontrar\u00e1 el enlace(s) para la descarga. Teclear en \u2018download\u2019 y empezar\u00e1 la descarga. Salve su tutor\u00eda(s).<\/p>\n<p>Tambi\u00e9n recibir\u00e1 un correo electr\u00f3nico con la confirmaci\u00f3n de su pedido con el enlace(s) para la descarga. Teclear en el enlace(s) y la descarga comenzar\u00e1. Salve el documento en su computadora. Por favor, verifique su correo spam\/correo no deseado.<\/p>\n<p>Siempre puede comprobar aqu\u00ed el <a href=\"http:\/\/ellad2.com\/problems-download\/\"><em>estado del pedido<\/em><\/a><em>.<\/em><\/p>\n<p>Puede vender cualquier art\u00edculo que haga con los patrones que me ha comprado. Vea aqu\u00ed mis <a href=\"http:\/\/ellad2.com\/es\/terminos-y-condiciones-ellad2\/\"><em>T\u00e9rminos y Condiciones<\/em><\/a><\/p>\n<p>Derechos de Autor \u00a9Ellad2 \u2013 2017<\/p>\n","protected":false},"excerpt":{"rendered":"<p>Otro proyecto de abalorios con hermosas cuentas Arcos Par de Puca. Las variaciones de colores y de adornos son infinitas. Puede jugar con el adorno haci\u00e9ndolo diferente y en una manera diferente logrando un dise\u00f1o nuevo y diferente. Nivel del Proyecto: Todos los niveles. Para el principiante puede ser un desaf\u00edo. El Tutorial de abalorios&hellip;&nbsp;<a href=\"https:\/\/ellad2.com\/es\/tienda\/tutorial-pulsera-valley\/\" rel=\"bookmark\">Read More &raquo;<span class=\"screen-reader-text\">Tutorial Pulsera Valley<\/span><\/a><\/p>\n","protected":false},"featured_media":3707,"template":"","meta":{"neve_meta_sidebar":"","neve_meta_container":"","neve_meta_enable_content_width":"","neve_meta_content_width":0,"neve_meta_title_alignment":"","neve_meta_author_avatar":"","neve_post_elements_order":"","neve_meta_disable_header":"","neve_meta_disable_footer":"","neve_meta_disable_title":"","neve_meta_reading_time":"","ngg_post_thumbnail":0},"product_brand":[],"product_cat":[325],"product_tag":[153,12,159,157,155],"class_list":{"0":"post-3705","1":"product","2":"type-product","3":"status-publish","4":"has-post-thumbnail","6":"product_cat-brazaletes","7":"product_tag-arcos-cuentas","8":"product_tag-ellad2","9":"product_tag-pulsera-con-arcos-abalorios","10":"product_tag-pulsera-con-arcos-cuentas","11":"product_tag-pulsera-con-arcos-par-puca","13":"first","14":"instock","15":"downloadable","16":"virtual","17":"purchasable","18":"product-type-simple"},"_links":{"self":[{"href":"https:\/\/ellad2.com\/es\/wp-json\/wp\/v2\/product\/3705","targetHints":{"allow":["GET"]}}],"collection":[{"href":"https:\/\/ellad2.com\/es\/wp-json\/wp\/v2\/product"}],"about":[{"href":"https:\/\/ellad2.com\/es\/wp-json\/wp\/v2\/types\/product"}],"wp:featuredmedia":[{"embeddable":true,"href":"https:\/\/ellad2.com\/es\/wp-json\/wp\/v2\/media\/3707"}],"wp:attachment":[{"href":"https:\/\/ellad2.com\/es\/wp-json\/wp\/v2\/media?parent=3705"}],"wp:term":[{"taxonomy":"product_brand","embeddable":true,"href":"https:\/\/ellad2.com\/es\/wp-json\/wp\/v2\/product_brand?post=3705"},{"taxonomy":"product_cat","embeddable":true,"href":"https:\/\/ellad2.com\/es\/wp-json\/wp\/v2\/product_cat?post=3705"},{"taxonomy":"product_tag","embeddable":true,"href":"https:\/\/ellad2.com\/es\/wp-json\/wp\/v2\/product_tag?post=3705"}],"curies":[{"name":"wp","href":"https:\/\/api.w.org\/{rel}","templated":true}]}}