{"id":3649,"date":"2017-03-21T17:11:37","date_gmt":"2017-03-21T16:11:37","guid":{"rendered":"https:\/\/ellad2.com\/es\/?post_type=product&#038;p=3649"},"modified":"2018-07-12T04:17:51","modified_gmt":"2018-07-12T03:17:51","slug":"esquema-pulsera-vibrante","status":"publish","type":"product","link":"https:\/\/ellad2.com\/es\/tienda\/esquema-pulsera-vibrante\/","title":{"rendered":"Esquema Pulsera Vibrante"},"content":{"rendered":"<p>Hermosa pulsera cosida en puntada Peyote con un negro vibrante, rojo, naranja, amarillo y verde turquesa.\u00a0\u00a0 Esta hecha con cuentas Delica Miyuki opacas tama\u00f1o 11. Que le dan a la pulsera un brillo especial. Es muy c\u00f3moda y divertida de usar.<\/p>\n<p>T\u00e9cnica: Puntada peyote impar de una gota. Debe estar familiarizado con la puntada peyote.<\/p>\n<p>Broche: us\u00e9 uno de 31.5 mm de barra deslizante.<\/p>\nngg_shortcode_0_placeholder\n<p>Tama\u00f1o:<\/p>\n<p>16cm\/6.5&#8243; de largo sin broche<br \/>\n3.8 cm \/ 1.5\u201d de ancho<\/p>\n<p>Es f\u00e1cil de hacerla m\u00e1s larga a\u00f1adi\u00e9ndole filas con cuentas negras (A).<\/p>\n<p>El esquema de abalorios tiene una lista de materiales, gr\u00e1fica de palabra y gr\u00e1fica de cuentas. Tambi\u00e9n, tiene la explicaci\u00f3n c\u00f3mo usar un broche de barra deslizante.<\/p>\n<p>El patr\u00f3n de abalorios para la pulsera vibrante es un archivo PDF.<\/p>\n<p><strong>Instrucciones para la descarga<\/strong>:<\/p>\n<p>Despu\u00e9s de que realice el pago, ser\u00e1 dirigida a ella2.com; En donde encontrar\u00e1 el enlace(s) para la descarga. Teclear en \u2018download\u2019 y empezar\u00e1 la descarga. Salve su tutor\u00eda(s).<\/p>\n<p>Tambi\u00e9n recibir\u00e1 un correo electr\u00f3nico con la confirmaci\u00f3n de su pedido con el enlace(s) para la descarga. Teclear en el enlace(s) y la descarga comenzar\u00e1. Salve el documento en su computadora. Por favor, verifique su correo spam\/correo no deseado.<\/p>\n<p>Siempre puede comprobar aqu\u00ed el <a href=\"http:\/\/ellad2.com\/problems-download\/\"><em>estado del pedido<\/em><\/a><em>.<\/em><\/p>\n<p>Puede vender cualquier art\u00edculo que haga con los patrones que me ha comprado. Vea aqu\u00ed mis <a href=\"http:\/\/ellad2.com\/es\/terminos-y-condiciones-ellad2\/\"><em>T\u00e9rminos y Condiciones<\/em><\/a><\/p>\n<p>Derechos de Autor \u00a9Ellad2 \u2013 2017<\/p>\n","protected":false},"excerpt":{"rendered":"<p>Hermosa pulsera cosida en puntada Peyote con un negro vibrante, rojo, naranja, amarillo y verde turquesa.\u00a0\u00a0 Esta hecha con cuentas Delica Miyuki opacas tama\u00f1o 11. Que le dan a la pulsera un brillo especial. Es muy c\u00f3moda y divertida de usar. T\u00e9cnica: Puntada peyote impar de una gota. Debe estar familiarizado con la puntada peyote.&hellip;&nbsp;<a href=\"https:\/\/ellad2.com\/es\/tienda\/esquema-pulsera-vibrante\/\" rel=\"bookmark\">Read More &raquo;<span class=\"screen-reader-text\">Esquema Pulsera Vibrante<\/span><\/a><\/p>\n","protected":false},"featured_media":3651,"template":"","meta":{"neve_meta_sidebar":"","neve_meta_container":"","neve_meta_enable_content_width":"","neve_meta_content_width":0,"neve_meta_title_alignment":"","neve_meta_author_avatar":"","neve_post_elements_order":"","neve_meta_disable_header":"","neve_meta_disable_footer":"","neve_meta_disable_title":"","neve_meta_reading_time":"","ngg_post_thumbnail":0},"product_brand":[],"product_cat":[325],"product_tag":[],"class_list":{"0":"post-3649","1":"product","2":"type-product","3":"status-publish","4":"has-post-thumbnail","6":"product_cat-brazaletes","8":"first","9":"instock","10":"downloadable","11":"virtual","12":"purchasable","13":"product-type-simple"},"_links":{"self":[{"href":"https:\/\/ellad2.com\/es\/wp-json\/wp\/v2\/product\/3649","targetHints":{"allow":["GET"]}}],"collection":[{"href":"https:\/\/ellad2.com\/es\/wp-json\/wp\/v2\/product"}],"about":[{"href":"https:\/\/ellad2.com\/es\/wp-json\/wp\/v2\/types\/product"}],"wp:featuredmedia":[{"embeddable":true,"href":"https:\/\/ellad2.com\/es\/wp-json\/wp\/v2\/media\/3651"}],"wp:attachment":[{"href":"https:\/\/ellad2.com\/es\/wp-json\/wp\/v2\/media?parent=3649"}],"wp:term":[{"taxonomy":"product_brand","embeddable":true,"href":"https:\/\/ellad2.com\/es\/wp-json\/wp\/v2\/product_brand?post=3649"},{"taxonomy":"product_cat","embeddable":true,"href":"https:\/\/ellad2.com\/es\/wp-json\/wp\/v2\/product_cat?post=3649"},{"taxonomy":"product_tag","embeddable":true,"href":"https:\/\/ellad2.com\/es\/wp-json\/wp\/v2\/product_tag?post=3649"}],"curies":[{"name":"wp","href":"https:\/\/api.w.org\/{rel}","templated":true}]}}