{"id":3623,"date":"2017-03-19T14:35:05","date_gmt":"2017-03-19T13:35:05","guid":{"rendered":"https:\/\/ellad2.com\/es\/?post_type=product&#038;p=3623"},"modified":"2018-07-12T04:17:50","modified_gmt":"2018-07-12T03:17:50","slug":"tutorial-colgante-margo","status":"publish","type":"product","link":"https:\/\/ellad2.com\/es\/tienda\/tutorial-colgante-margo\/","title":{"rendered":"Tutorial Colgante Margo"},"content":{"rendered":"<p>Nuevo proyecto de abalorios con cuentas Media Luna Checas y Cabujones Checos-2 agujeros. Un Cabuj\u00f3n Lunasoft es perfecto con su resplandor interior. Este hermoso y elegante colgante es de 4cm de di\u00e1metro.<\/p>\n<p><strong>Nivel del proyecto<\/strong>: Intermedio.<\/p>\n<p>El Tutorial de abalorios para el Colgante Margo es muy detallado, f\u00e1cil de seguir, paso a paso, con claras instrucciones de rebordeo y con fotograf\u00edas a color de cada paso.<\/p>\nngg_shortcode_0_placeholder\n<p><strong>Lista de materiales:<\/strong><\/p>\n<ul>\n<li>Cuentas Seed Miyuki 11\/0, 8\/0<\/li>\n<li>Cuentas Crecientes Checas<\/li>\n<li>Cabujones 2-orificios Checos<\/li>\n<li>Cabuj\u00f3n Lunasoft 24mm<\/li>\n<li>Tirilla para el colgante<\/li>\n<li>Argolla (anillo de salto)<\/li>\n<li>Fireline 6lb<\/li>\n<li>Aguja para enfilar # 12 o aguja Tulip # 11<\/li>\n<\/ul>\n<p>El Tutorial de abalorios para el Colgante Margo es un archivo PDF.<\/p>\n<p><strong>Instrucciones para la descarga<\/strong>:<\/p>\n<p>Despu\u00e9s de que realice el pago, ser\u00e1 dirigida a ella2.com; En donde encontrar\u00e1 el enlace(s) para la descarga. Teclear en \u2018download\u2019 y empezar\u00e1 la descarga. Salve su tutor\u00eda(s).<\/p>\n<p>Tambi\u00e9n recibir\u00e1 un correo electr\u00f3nico con la confirmaci\u00f3n de su pedido con el enlace(s) para la descarga. Teclear en el enlace(s) y la descarga comenzar\u00e1. Salve el documento en su computadora. Por favor, verifique su correo spam\/correo no deseado.<\/p>\n<p>Siempre puede comprobar aqu\u00ed el <a href=\"http:\/\/ellad2.com\/problems-download\/\"><em>estado del pedido<\/em><\/a><em>.<\/em><\/p>\n<p>Puede vender cualquier art\u00edculo que haga con los patrones que me ha comprado. Vea aqu\u00ed mis <a href=\"http:\/\/ellad2.com\/es\/terminos-y-condiciones-ellad2\/\"><em>T\u00e9rminos y Condiciones<\/em><\/a><\/p>\n<p>Derechos de Autor \u00a9Ellad2 * 2017<\/p>\n","protected":false},"excerpt":{"rendered":"<p>Nuevo proyecto de abalorios con cuentas Media Luna Checas y Cabujones Checos-2 agujeros. Un Cabuj\u00f3n Lunasoft es perfecto con su resplandor interior. Este hermoso y elegante colgante es de 4cm de di\u00e1metro. Nivel del proyecto: Intermedio. El Tutorial de abalorios para el Colgante Margo es muy detallado, f\u00e1cil de seguir, paso a paso, con claras&hellip;&nbsp;<a href=\"https:\/\/ellad2.com\/es\/tienda\/tutorial-colgante-margo\/\" rel=\"bookmark\">Read More &raquo;<span class=\"screen-reader-text\">Tutorial Colgante Margo<\/span><\/a><\/p>\n","protected":false},"featured_media":3625,"template":"","meta":{"neve_meta_sidebar":"","neve_meta_container":"","neve_meta_enable_content_width":"","neve_meta_content_width":0,"neve_meta_title_alignment":"","neve_meta_author_avatar":"","neve_post_elements_order":"","neve_meta_disable_header":"","neve_meta_disable_footer":"","neve_meta_disable_title":"","neve_meta_reading_time":"","ngg_post_thumbnail":0},"product_brand":[],"product_cat":[327],"product_tag":[],"class_list":{"0":"post-3623","1":"product","2":"type-product","3":"status-publish","4":"has-post-thumbnail","6":"product_cat-colgantes","8":"first","9":"instock","10":"downloadable","11":"virtual","12":"purchasable","13":"product-type-simple"},"_links":{"self":[{"href":"https:\/\/ellad2.com\/es\/wp-json\/wp\/v2\/product\/3623","targetHints":{"allow":["GET"]}}],"collection":[{"href":"https:\/\/ellad2.com\/es\/wp-json\/wp\/v2\/product"}],"about":[{"href":"https:\/\/ellad2.com\/es\/wp-json\/wp\/v2\/types\/product"}],"wp:featuredmedia":[{"embeddable":true,"href":"https:\/\/ellad2.com\/es\/wp-json\/wp\/v2\/media\/3625"}],"wp:attachment":[{"href":"https:\/\/ellad2.com\/es\/wp-json\/wp\/v2\/media?parent=3623"}],"wp:term":[{"taxonomy":"product_brand","embeddable":true,"href":"https:\/\/ellad2.com\/es\/wp-json\/wp\/v2\/product_brand?post=3623"},{"taxonomy":"product_cat","embeddable":true,"href":"https:\/\/ellad2.com\/es\/wp-json\/wp\/v2\/product_cat?post=3623"},{"taxonomy":"product_tag","embeddable":true,"href":"https:\/\/ellad2.com\/es\/wp-json\/wp\/v2\/product_tag?post=3623"}],"curies":[{"name":"wp","href":"https:\/\/api.w.org\/{rel}","templated":true}]}}