{"id":3535,"date":"2017-03-04T20:09:34","date_gmt":"2017-03-04T19:09:34","guid":{"rendered":"https:\/\/ellad2.com\/es\/?post_type=product&#038;p=3535"},"modified":"2018-07-12T04:17:49","modified_gmt":"2018-07-12T03:17:49","slug":"aretes-superduo-ladies-fan","status":"publish","type":"product","link":"https:\/\/ellad2.com\/es\/tienda\/aretes-superduo-ladies-fan\/","title":{"rendered":"Tutorial Aretes Superduo Ladies Fan"},"content":{"rendered":"<p>Un Proyecto de abalorios f\u00e1cil y r\u00e1pido de hacer con cuentas Superduo.<\/p>\n<p>Te los puedes poner como joyer\u00eda durante el d\u00eda, pero tambi\u00e9n lucen muy elegantes y sofisticados durante la noche (en negro, oro, plata, negro y blanco&#8230; m\u00e1s largos&#8230;) Depende de los colores que utilices, o la combinaci\u00f3n de colores, y longitud&#8230;<\/p>\n<p>Usted puede hacerlos m\u00e1s largos o m\u00e1s cortos. Es su elecci\u00f3n.<\/p>\nngg_shortcode_0_placeholder\n<p>Los Aretes son de 4.5cm de largo sin alambre de o\u00eddo.<\/p>\n<p>Nivel de proyecto: Todos los niveles.<\/p>\n<p>La Tutor\u00eda de abalorios para los Aretes Superduo Ladies Fan es muy detallada, f\u00e1cil de seguir, paso a paso, con rebordear instrucciones claras de rebordeo y con fotograf\u00edas a color de cada paso.<\/p>\n<p>Lista de Materiales:<\/p>\n<ul>\n<li>Cuentas Seed Miyuki 11\/0, 8\/0, 15\/0 (s\u00f3lo 2 cuentas # 15)<\/li>\n<li>Cuentas Superduo<\/li>\n<li>Bicone Swarovski 4mm<\/li>\n<li>Ganchos para Aretes<\/li>\n<li>Fireline 6lb<\/li>\n<li>Aguja para enfilar # 12 o aguja Tulip # 11<\/li>\n<\/ul>\n<p>El Tutorial de abalorios para los Aretes \u00a0Superduo Ladies Fan es un archivo PDF.<\/p>\n<p>Instrucciones para la descarga:<\/p>\n<p>Despu\u00e9s de que realice el pago, ser\u00e1 dirigida a ellad2.com. En donde encontrar\u00e1 el enlace(s) para la descarga. Teclear en \u2018download\u2019 y empezar\u00e1 la descarga. Salve su tutor\u00eda(s).<\/p>\n<p>Tambi\u00e9n recibir\u00e1 un correo electr\u00f3nico con la confirmaci\u00f3n de su pedido con el enlace(s) para la descarga. Teclear en el enlace(s) y la descarga comenzar\u00e1.\u00a0 Salve el documento en su computadora. Por favor, verifique su correo spam\/correo no deseado.<\/p>\n<p>Siempre puede ver aqu\u00ed el <a href=\"http:\/\/ellad2.com\/problems-download\/\" target=\"_blank\" rel=\"noopener\">estado del pedido<\/a>.<\/p>\n<p>Puede vender cualquier art\u00edculo que haga con los patrones que me ha comprado.\u00a0 Vea aqu\u00ed mis <a href=\"http:\/\/ellad2.com\/es\/terminos-y-condiciones-ellad2\/\" target=\"_blank\" rel=\"noopener\">T\u00e9rminos y Condiciones<\/a>.<\/p>\n<p>Derechos de Autor\u00a9Ellad2 \u2013 2017<\/p>\n","protected":false},"excerpt":{"rendered":"<p>Un Proyecto de abalorios f\u00e1cil y r\u00e1pido de hacer con cuentas Superduo. Te los puedes poner como joyer\u00eda durante el d\u00eda, pero tambi\u00e9n lucen muy elegantes y sofisticados durante la noche (en negro, oro, plata, negro y blanco&#8230; m\u00e1s largos&#8230;) Depende de los colores que utilices, o la combinaci\u00f3n de colores, y longitud&#8230; Usted puede&hellip;&nbsp;<a href=\"https:\/\/ellad2.com\/es\/tienda\/aretes-superduo-ladies-fan\/\" rel=\"bookmark\">Read More &raquo;<span class=\"screen-reader-text\">Tutorial Aretes Superduo Ladies Fan<\/span><\/a><\/p>\n","protected":false},"featured_media":3537,"template":"","meta":{"neve_meta_sidebar":"","neve_meta_container":"","neve_meta_enable_content_width":"","neve_meta_content_width":0,"neve_meta_title_alignment":"","neve_meta_author_avatar":"","neve_post_elements_order":"","neve_meta_disable_header":"","neve_meta_disable_footer":"","neve_meta_disable_title":"","neve_meta_reading_time":"","ngg_post_thumbnail":0},"product_brand":[],"product_cat":[321],"product_tag":[145,12,149,143,147,151],"class_list":{"0":"post-3535","1":"product","2":"type-product","3":"status-publish","4":"has-post-thumbnail","6":"product_cat-aretes","7":"product_tag-aretes-superduo","8":"product_tag-ellad2","9":"product_tag-esquemas-superduo","10":"product_tag-superduo-aretes","11":"product_tag-superduo-esquemas","12":"product_tag-tutorial-superduo","14":"first","15":"instock","16":"downloadable","17":"virtual","18":"purchasable","19":"product-type-simple"},"_links":{"self":[{"href":"https:\/\/ellad2.com\/es\/wp-json\/wp\/v2\/product\/3535","targetHints":{"allow":["GET"]}}],"collection":[{"href":"https:\/\/ellad2.com\/es\/wp-json\/wp\/v2\/product"}],"about":[{"href":"https:\/\/ellad2.com\/es\/wp-json\/wp\/v2\/types\/product"}],"wp:featuredmedia":[{"embeddable":true,"href":"https:\/\/ellad2.com\/es\/wp-json\/wp\/v2\/media\/3537"}],"wp:attachment":[{"href":"https:\/\/ellad2.com\/es\/wp-json\/wp\/v2\/media?parent=3535"}],"wp:term":[{"taxonomy":"product_brand","embeddable":true,"href":"https:\/\/ellad2.com\/es\/wp-json\/wp\/v2\/product_brand?post=3535"},{"taxonomy":"product_cat","embeddable":true,"href":"https:\/\/ellad2.com\/es\/wp-json\/wp\/v2\/product_cat?post=3535"},{"taxonomy":"product_tag","embeddable":true,"href":"https:\/\/ellad2.com\/es\/wp-json\/wp\/v2\/product_tag?post=3535"}],"curies":[{"name":"wp","href":"https:\/\/api.w.org\/{rel}","templated":true}]}}