{"id":3485,"date":"2017-02-27T14:30:40","date_gmt":"2017-02-27T13:30:40","guid":{"rendered":"https:\/\/ellad2.com\/es\/?post_type=product&#038;p=3485"},"modified":"2018-07-12T04:17:44","modified_gmt":"2018-07-12T03:17:44","slug":"tutorial-aretes-ona","status":"publish","type":"product","link":"https:\/\/ellad2.com\/es\/tienda\/tutorial-aretes-ona\/","title":{"rendered":"Tutorial Aretes Ona"},"content":{"rendered":"<p>Haga estos hermosos y elegantes aretes, usando cristales Swarovski en forma de pera.<\/p>\n<p>Un proyecto de abalorios r\u00e1pido y divertido. Aprenda a rebordear el cabuj\u00f3n en forma de pera. En este seminario encontrar\u00e1 2 formas similares de hacerlo, pero a\u00fan diferentes.<\/p>\n<p>Los aretes son de 5 cm de largo sin el alambre del o\u00eddo. Tambi\u00e9n puede usar aretes de tuerca y aretes enganchables.<\/p>\nngg_shortcode_0_placeholder\n<p><em>Nivel del Proyecto:<\/em>\u00a0Todos los niveles. Deber\u00e1 estar familiarizada con la puntada Peyote.<\/p>\n<p>La Tutorial de abalorios para los Aretes Ona es muy detallada, f\u00e1cil de seguir, paso a paso, con claras instrucciones de rebordeo y con fotograf\u00edas a color de cada paso.<\/p>\n<p>Lista de Materiales:<\/p>\n<ul>\n<li>Cuentas Delica Miyuki 11\/0<\/li>\n<li>Cuentas Seed Miyuki 11\/0, 15\/0<\/li>\n<li>Fancy Stone Perla Facetada (Cabuj\u00f3n forma &#8211; Pera) ref. 4320; 18x13mm y 14x10mm<\/li>\n<li>Ganchos para aretes<\/li>\n<li>Fireline 6lb<\/li>\n<li>Aguja para enfilar #12 o aguja Tulip # 11<\/li>\n<\/ul>\n<p>El Tutorial de abalorios para los aretes Ona es un archivo PDF.<\/p>\n<p><strong><em>Instrucciones para la descarga:<\/em><\/strong><\/p>\n<p>Despu\u00e9s de que realice el pago, ser\u00e1 dirigida a ellad2.com. En donde encontrar\u00e1 el enlace(s) para la descarga. Teclear en \u2018download\u2019 y empezar\u00e1 la descarga. Salve su tutor\u00eda(s).<\/p>\n<p>Tambi\u00e9n recibir\u00e1 un correo electr\u00f3nico con la confirmaci\u00f3n de su pedido con el enlace(s) para la descarga. Teclear en el enlace(s) y la descarga comenzar\u00e1.\u00a0 Salve el documento en su computadora. Por favor, verifique su correo spam\/correo no deseado.<\/p>\n<p>Siempre puede ver aqu\u00ed el\u00a0<a href=\"http:\/\/ellad2.com\/problems-download\/\"><em>estado del pedido<\/em><\/a>.<\/p>\n<p>Puede vender cualquier art\u00edculo que haga con los patrones que me ha comprado.\u00a0 Vea aqu\u00ed mis\u00a0<a href=\"http:\/\/ellad2.com\/es\/terminos-y-condiciones-ellad2\/\"><em>T\u00e9rminos y Condiciones<\/em><\/a>.<\/p>\n<p>Derechos de Autor\u00a9Ellad2 \u2013 2017<\/p>\n","protected":false},"excerpt":{"rendered":"<p>Haga estos hermosos y elegantes aretes, usando cristales Swarovski en forma de pera. Un proyecto de abalorios r\u00e1pido y divertido. Aprenda a rebordear el cabuj\u00f3n en forma de pera. En este seminario encontrar\u00e1 2 formas similares de hacerlo, pero a\u00fan diferentes. Los aretes son de 5 cm de largo sin el alambre del o\u00eddo. Tambi\u00e9n&hellip;&nbsp;<a href=\"https:\/\/ellad2.com\/es\/tienda\/tutorial-aretes-ona\/\" rel=\"bookmark\">Read More &raquo;<span class=\"screen-reader-text\">Tutorial Aretes Ona<\/span><\/a><\/p>\n","protected":false},"featured_media":3487,"template":"","meta":{"neve_meta_sidebar":"","neve_meta_container":"","neve_meta_enable_content_width":"","neve_meta_content_width":0,"neve_meta_title_alignment":"","neve_meta_author_avatar":"","neve_post_elements_order":"","neve_meta_disable_header":"","neve_meta_disable_footer":"","neve_meta_disable_title":"","neve_meta_reading_time":"","ngg_post_thumbnail":0},"product_brand":[],"product_cat":[321],"product_tag":[],"class_list":{"0":"post-3485","1":"product","2":"type-product","3":"status-publish","4":"has-post-thumbnail","6":"product_cat-aretes","8":"first","9":"instock","10":"downloadable","11":"virtual","12":"purchasable","13":"product-type-simple"},"_links":{"self":[{"href":"https:\/\/ellad2.com\/es\/wp-json\/wp\/v2\/product\/3485","targetHints":{"allow":["GET"]}}],"collection":[{"href":"https:\/\/ellad2.com\/es\/wp-json\/wp\/v2\/product"}],"about":[{"href":"https:\/\/ellad2.com\/es\/wp-json\/wp\/v2\/types\/product"}],"wp:featuredmedia":[{"embeddable":true,"href":"https:\/\/ellad2.com\/es\/wp-json\/wp\/v2\/media\/3487"}],"wp:attachment":[{"href":"https:\/\/ellad2.com\/es\/wp-json\/wp\/v2\/media?parent=3485"}],"wp:term":[{"taxonomy":"product_brand","embeddable":true,"href":"https:\/\/ellad2.com\/es\/wp-json\/wp\/v2\/product_brand?post=3485"},{"taxonomy":"product_cat","embeddable":true,"href":"https:\/\/ellad2.com\/es\/wp-json\/wp\/v2\/product_cat?post=3485"},{"taxonomy":"product_tag","embeddable":true,"href":"https:\/\/ellad2.com\/es\/wp-json\/wp\/v2\/product_tag?post=3485"}],"curies":[{"name":"wp","href":"https:\/\/api.w.org\/{rel}","templated":true}]}}