{"id":3413,"date":"2017-02-19T15:45:59","date_gmt":"2017-02-19T14:45:59","guid":{"rendered":"https:\/\/ellad2.com\/es\/?post_type=product&#038;p=3413"},"modified":"2018-07-12T04:17:43","modified_gmt":"2018-07-12T03:17:43","slug":"tutorial-collana-amalia","status":"publish","type":"product","link":"https:\/\/ellad2.com\/es\/tienda\/tutorial-collana-amalia\/","title":{"rendered":"Tutorial Collar Amalia"},"content":{"rendered":"<p>Nuevo proyecto de abalorios para un hermoso y elegante collar con muchas oportunidades de sustituciones y variaciones de color. Tambi\u00e9n puede hacer parte del collar en puntada espiga torcida con 2 o 3 colores. En lugar de usar cuentas Fringe en la parte inferior, puede agregar Drop Crystal Swarovski o cualquier otra cuenta decorativa que tenga.<\/p>\nngg_shortcode_0_placeholder\n<p><em>Nivel del<\/em> <em>Proyecto:<\/em>\u00a0Intermedio\/Avanzado.<\/p>\n<p>El Tutorial de abalorios para el collar Amalia es muy detallado (39 p\u00e1ginas), f\u00e1cil de seguir, paso a paso, con instrucciones claras y con fotos a color de cada paso.<\/p>\n<p>Lista de Materiales:<\/p>\n<ul>\n<li>Cuentas Seed Miyuki 15\/0, 11\/0, 8\/0<\/li>\n<li>Cuentas Drop\/Fringe Miyuki 3.4mm<\/li>\n<li>Perlas de vidrio 4mm and 6mm<\/li>\n<li>Cuentas Fire-polished 3mm<\/li>\n<li>Broche<\/li>\n<li>Fireline 6lb<\/li>\n<li>Aguja para enfilar # 12 o aguja Tulip # 11<\/li>\n<\/ul>\n<p>El Tutorial de abalorios para el collar Amalia es un archivo PDF.<\/p>\n<p><strong><em>Instrucciones para la descarga:<\/em><\/strong><\/p>\n<p>Despu\u00e9s de que realice el pago, ser\u00e1 dirigida a ellad2.com. En donde encontrar\u00e1 el enlace(s) para la descarga. Teclear en \u2018download\u2019 y empezar\u00e1 la descarga. Salve su tutor\u00eda(s).<\/p>\n<p>Tambi\u00e9n recibir\u00e1 un correo electr\u00f3nico con la confirmaci\u00f3n de su pedido con el enlace(s) para la descarga. Teclear en el enlace(s) y la descarga comenzar\u00e1.\u00a0 Salve el documento en su computadora. Por favor, verifique su correo spam\/correo no deseado.<\/p>\n<p>Siempre puede ver aqu\u00ed el\u00a0<a href=\"http:\/\/ellad2.com\/problems-download\/\"><em>estado del pedido<\/em><\/a>.<\/p>\n<p>Puede vender cualquier art\u00edculo que haga con los patrones que me ha comprado.\u00a0 Vea aqu\u00ed mis\u00a0<a href=\"http:\/\/ellad2.com\/es\/terminos-y-condiciones-ellad2\/\"><em>T\u00e9rminos y Condiciones<\/em><\/a>.<\/p>\n<p>Copyright\u00a9Ellad2<\/p>\n","protected":false},"excerpt":{"rendered":"<p>Nuevo proyecto de abalorios para un hermoso y elegante collar con muchas oportunidades de sustituciones y variaciones de color. Tambi\u00e9n puede hacer parte del collar en puntada espiga torcida con 2 o 3 colores. En lugar de usar cuentas Fringe en la parte inferior, puede agregar Drop Crystal Swarovski o cualquier otra cuenta decorativa que&hellip;&nbsp;<a href=\"https:\/\/ellad2.com\/es\/tienda\/tutorial-collana-amalia\/\" rel=\"bookmark\">Read More &raquo;<span class=\"screen-reader-text\">Tutorial Collar Amalia<\/span><\/a><\/p>\n","protected":false},"featured_media":3415,"template":"","meta":{"neve_meta_sidebar":"","neve_meta_container":"","neve_meta_enable_content_width":"","neve_meta_content_width":0,"neve_meta_title_alignment":"","neve_meta_author_avatar":"","neve_post_elements_order":"","neve_meta_disable_header":"","neve_meta_disable_footer":"","neve_meta_disable_title":"","neve_meta_reading_time":"","ngg_post_thumbnail":0},"product_brand":[],"product_cat":[329],"product_tag":[],"class_list":{"0":"post-3413","1":"product","2":"type-product","3":"status-publish","4":"has-post-thumbnail","6":"product_cat-collares","8":"first","9":"instock","10":"downloadable","11":"virtual","12":"purchasable","13":"product-type-simple"},"_links":{"self":[{"href":"https:\/\/ellad2.com\/es\/wp-json\/wp\/v2\/product\/3413","targetHints":{"allow":["GET"]}}],"collection":[{"href":"https:\/\/ellad2.com\/es\/wp-json\/wp\/v2\/product"}],"about":[{"href":"https:\/\/ellad2.com\/es\/wp-json\/wp\/v2\/types\/product"}],"wp:featuredmedia":[{"embeddable":true,"href":"https:\/\/ellad2.com\/es\/wp-json\/wp\/v2\/media\/3415"}],"wp:attachment":[{"href":"https:\/\/ellad2.com\/es\/wp-json\/wp\/v2\/media?parent=3413"}],"wp:term":[{"taxonomy":"product_brand","embeddable":true,"href":"https:\/\/ellad2.com\/es\/wp-json\/wp\/v2\/product_brand?post=3413"},{"taxonomy":"product_cat","embeddable":true,"href":"https:\/\/ellad2.com\/es\/wp-json\/wp\/v2\/product_cat?post=3413"},{"taxonomy":"product_tag","embeddable":true,"href":"https:\/\/ellad2.com\/es\/wp-json\/wp\/v2\/product_tag?post=3413"}],"curies":[{"name":"wp","href":"https:\/\/api.w.org\/{rel}","templated":true}]}}