{"id":3307,"date":"2017-02-05T16:11:32","date_gmt":"2017-02-05T15:11:32","guid":{"rendered":"https:\/\/ellad2.com\/es\/?post_type=product&#038;p=3307"},"modified":"2018-07-12T04:17:41","modified_gmt":"2018-07-12T03:17:41","slug":"tutorial-pulsera-de-zola","status":"publish","type":"product","link":"https:\/\/ellad2.com\/es\/tienda\/tutorial-pulsera-de-zola\/","title":{"rendered":"Tutorial Pulsera de Zola"},"content":{"rendered":"<p>Pulsera tejida en cuentas Pinch. De alguna manera me olvid\u00e9 de que ten\u00eda estas maravillosas cuentas Pinch&#8230; Ahora estoy contenta de haberlas encontrado y estas me ayudaron a hacer esta hermosa pulsera. Tienes muchas posibilidades de jugar con los colores de las cuentas Pinch y las cuentas Seed.<\/p>\n<p>Nivel del Proyecto: Intermedio. Para los principiantes puede ser un reto.<\/p>\nngg_shortcode_0_placeholder\n<p>El Tutorial de abalorios para la pulsera de Zola es muy detallado, f\u00e1cil de seguir, paso a paso, con instrucciones claras de rebordear y con fotograf\u00edas a color de cada paso.<\/p>\n<p>Lista de Materiales:<\/p>\n<p>\uf0a7 Cuentas Seed Miyuki 11\/0<br \/>\n\uf0a7 Cuentas Pinch 5x3mm<br \/>\n\uf0a7 Broche ajustable con tapa final<br \/>\n\uf0a7 Pegamento E6000<br \/>\n\uf0a7 Fireline 6lb<br \/>\n\uf0a7 Aguja para enfilar # 12 o aguja Tulip # 11<\/p>\n<p>El Tutorial de abalorios para la pulsera de Zola es un archivo PDF.<\/p>\n<p>Instrucciones para la descarga:<br \/>\nDespu\u00e9s de que realice el pago, ser\u00e1 dirigida a ellad2.com. En donde encontrar\u00e1 el enlace(s) para la descarga. Teclear en \u2018download\u2019 y empezar\u00e1 la descarga. Salve su tutor\u00eda(s).<br \/>\nTambi\u00e9n recibir\u00e1 un correo electr\u00f3nico con la confirmaci\u00f3n de su pedido con el enlace(s) para la descarga. Teclear en el enlace(s) y la descarga comenzar\u00e1. Salve el documento en su computadora. Por favor, verifique su correo spam\/correo no deseado.<br \/>\nSiempre puede ver aqu\u00ed el estado del pedido.<br \/>\nPuede vender cualquier art\u00edculo que haga con los patrones que me ha comprado. Vea aqu\u00ed mis T\u00e9rminos y Condiciones.<br \/>\nCopyright\u00a9Ellad2 \u2013 2017<\/p>\n","protected":false},"excerpt":{"rendered":"<p>Pulsera tejida en cuentas Pinch. De alguna manera me olvid\u00e9 de que ten\u00eda estas maravillosas cuentas Pinch&#8230; Ahora estoy contenta de haberlas encontrado y estas me ayudaron a hacer esta hermosa pulsera. Tienes muchas posibilidades de jugar con los colores de las cuentas Pinch y las cuentas Seed. Nivel del Proyecto: Intermedio. Para los principiantes&hellip;&nbsp;<a href=\"https:\/\/ellad2.com\/es\/tienda\/tutorial-pulsera-de-zola\/\" rel=\"bookmark\">Read More &raquo;<span class=\"screen-reader-text\">Tutorial Pulsera de Zola<\/span><\/a><\/p>\n","protected":false},"featured_media":3309,"template":"","meta":{"neve_meta_sidebar":"","neve_meta_container":"","neve_meta_enable_content_width":"","neve_meta_content_width":0,"neve_meta_title_alignment":"","neve_meta_author_avatar":"","neve_post_elements_order":"","neve_meta_disable_header":"","neve_meta_disable_footer":"","neve_meta_disable_title":"","neve_meta_reading_time":"","ngg_post_thumbnail":0},"product_brand":[],"product_cat":[325],"product_tag":[135,137,139,133,109,141],"class_list":{"0":"post-3307","1":"product","2":"type-product","3":"status-publish","4":"has-post-thumbnail","6":"product_cat-brazaletes","7":"product_tag-con-pinch-abalorios","8":"product_tag-con-pinch-beads","9":"product_tag-cuentas-pinch","10":"product_tag-pinch","11":"product_tag-pinch-abalorios","12":"product_tag-pulsera-con-cuentas-pinch","14":"first","15":"instock","16":"downloadable","17":"virtual","18":"purchasable","19":"product-type-simple"},"_links":{"self":[{"href":"https:\/\/ellad2.com\/es\/wp-json\/wp\/v2\/product\/3307","targetHints":{"allow":["GET"]}}],"collection":[{"href":"https:\/\/ellad2.com\/es\/wp-json\/wp\/v2\/product"}],"about":[{"href":"https:\/\/ellad2.com\/es\/wp-json\/wp\/v2\/types\/product"}],"wp:featuredmedia":[{"embeddable":true,"href":"https:\/\/ellad2.com\/es\/wp-json\/wp\/v2\/media\/3309"}],"wp:attachment":[{"href":"https:\/\/ellad2.com\/es\/wp-json\/wp\/v2\/media?parent=3307"}],"wp:term":[{"taxonomy":"product_brand","embeddable":true,"href":"https:\/\/ellad2.com\/es\/wp-json\/wp\/v2\/product_brand?post=3307"},{"taxonomy":"product_cat","embeddable":true,"href":"https:\/\/ellad2.com\/es\/wp-json\/wp\/v2\/product_cat?post=3307"},{"taxonomy":"product_tag","embeddable":true,"href":"https:\/\/ellad2.com\/es\/wp-json\/wp\/v2\/product_tag?post=3307"}],"curies":[{"name":"wp","href":"https:\/\/api.w.org\/{rel}","templated":true}]}}