{"id":3267,"date":"2017-01-29T21:02:05","date_gmt":"2017-01-29T20:02:05","guid":{"rendered":"https:\/\/ellad2.com\/es\/?post_type=product&#038;p=3267"},"modified":"2018-07-12T04:17:40","modified_gmt":"2018-07-12T03:17:40","slug":"tutorial-pulsera-palla","status":"publish","type":"product","link":"https:\/\/ellad2.com\/es\/tienda\/tutorial-pulsera-palla\/","title":{"rendered":"Tutorial Pulsera Palla"},"content":{"rendered":"<p>Elegante brillante pulsera en blanco y plata. Esta brillante pulsera est\u00e1 hecha con abalorios Superduo, Cabujones\u20132 orificios, Bicones cristal de Swarovski y rocallas Miyuki.<\/p>\n<p>Puede ser parte de un juego de joyer\u00eda para boda y si la hace en otros colores ser\u00e1 simplemente una linda pulsera.<\/p>\n<p>Nivel del Proyecto: Intermedio. Para principiantes puede ser un reto.<\/p>\nngg_shortcode_0_placeholder\n<p>El Tutorial de abalorios para la Pulsera Palla es muy detallada, f\u00e1cil de seguir, paso a paso, con claras instrucciones de rebordeo y con fotograf\u00edas a color de cada paso.<\/p>\n<p>Lista de Materiales:<\/p>\n<ul>\n<li>Cuentas Seed Miyuki 15\/0, 11\/0 y 8\/0<\/li>\n<li>Bicones Swarovski 4mm<\/li>\n<li>Cuentas Superduo<\/li>\n<li>Cabujones 2-orificios<\/li>\n<li>Fireline 6lb<\/li>\n<li>Aguja para abalorios # 12 o aguja Tulip # 11<\/li>\n<\/ul>\n<p>El Tutorial de abalorios para la pulsera Palla es un archivo PDF.<\/p>\n<p><strong><em>Instrucciones para descargar:<\/em><\/strong><\/p>\n<p>Despu\u00e9s de que realice el pago, ser\u00e1 dirigida a ellad2.com. En donde encontrar\u00e1 el enlace(s) para la descarga. Teclear en \u2018download\u2019 y empezar\u00e1 la descarga. Salve su tutor\u00eda(s).<\/p>\n<p>Tambi\u00e9n recibir\u00e1 un correo electr\u00f3nico con la confirmaci\u00f3n de su pedido con el enlace(s) para la descarga. Teclear en el enlace(s) y la descarga comenzar\u00e1.\u00a0 Salve el documento en su computadora. Por favor, verifique su correo spam\/correo no deseado.<\/p>\n<p>Siempre puede ver aqu\u00ed el <a href=\"http:\/\/ellad2.com\/problems-download\/\"><em>estado del pedido<\/em><\/a><em>.<\/em><\/p>\n<p>Puede vender cualquier art\u00edculo que haga con los patrones que me ha comprado.\u00a0 Vea aqu\u00ed mis <a href=\"http:\/\/ellad2.com\/es\/terminos-y-condiciones-ellad2\/\"><em>T\u00e9rminos y Condiciones<\/em><\/a><\/p>\n<p>Derechos de Autor\u00a9Ellad2<\/p>\n","protected":false},"excerpt":{"rendered":"<p>Elegante brillante pulsera en blanco y plata. Esta brillante pulsera est\u00e1 hecha con abalorios Superduo, Cabujones\u20132 orificios, Bicones cristal de Swarovski y rocallas Miyuki. Puede ser parte de un juego de joyer\u00eda para boda y si la hace en otros colores ser\u00e1 simplemente una linda pulsera. Nivel del Proyecto: Intermedio. Para principiantes puede ser un&hellip;&nbsp;<a href=\"https:\/\/ellad2.com\/es\/tienda\/tutorial-pulsera-palla\/\" rel=\"bookmark\">Read More &raquo;<span class=\"screen-reader-text\">Tutorial Pulsera Palla<\/span><\/a><\/p>\n","protected":false},"featured_media":3269,"template":"","meta":{"neve_meta_sidebar":"","neve_meta_container":"","neve_meta_enable_content_width":"","neve_meta_content_width":0,"neve_meta_title_alignment":"","neve_meta_author_avatar":"","neve_post_elements_order":"","neve_meta_disable_header":"","neve_meta_disable_footer":"","neve_meta_disable_title":"","neve_meta_reading_time":"","ngg_post_thumbnail":0},"product_brand":[],"product_cat":[325],"product_tag":[],"class_list":{"0":"post-3267","1":"product","2":"type-product","3":"status-publish","4":"has-post-thumbnail","6":"product_cat-brazaletes","8":"first","9":"instock","10":"downloadable","11":"virtual","12":"purchasable","13":"product-type-simple"},"_links":{"self":[{"href":"https:\/\/ellad2.com\/es\/wp-json\/wp\/v2\/product\/3267","targetHints":{"allow":["GET"]}}],"collection":[{"href":"https:\/\/ellad2.com\/es\/wp-json\/wp\/v2\/product"}],"about":[{"href":"https:\/\/ellad2.com\/es\/wp-json\/wp\/v2\/types\/product"}],"wp:featuredmedia":[{"embeddable":true,"href":"https:\/\/ellad2.com\/es\/wp-json\/wp\/v2\/media\/3269"}],"wp:attachment":[{"href":"https:\/\/ellad2.com\/es\/wp-json\/wp\/v2\/media?parent=3267"}],"wp:term":[{"taxonomy":"product_brand","embeddable":true,"href":"https:\/\/ellad2.com\/es\/wp-json\/wp\/v2\/product_brand?post=3267"},{"taxonomy":"product_cat","embeddable":true,"href":"https:\/\/ellad2.com\/es\/wp-json\/wp\/v2\/product_cat?post=3267"},{"taxonomy":"product_tag","embeddable":true,"href":"https:\/\/ellad2.com\/es\/wp-json\/wp\/v2\/product_tag?post=3267"}],"curies":[{"name":"wp","href":"https:\/\/api.w.org\/{rel}","templated":true}]}}