{"id":3167,"date":"2017-01-17T13:40:29","date_gmt":"2017-01-17T12:40:29","guid":{"rendered":"https:\/\/ellad2.com\/es\/?post_type=product&#038;p=3167"},"modified":"2018-07-12T04:17:38","modified_gmt":"2018-07-12T03:17:38","slug":"tutorial-colgante-inca","status":"publish","type":"product","link":"https:\/\/ellad2.com\/es\/tienda\/tutorial-colgante-inca\/","title":{"rendered":"Tutorial Colgante Inca"},"content":{"rendered":"<p>Hermoso y elegante colgante con el fant\u00e1stico cabuj\u00f3n redondo Swarovski 27mm y Bicones Swarovski.<\/p>\n<p>Nivel del Proyecto: Intermedio. Deber\u00e1s estar familiarizada con la puntada Peyote<\/p>\n<p>La Tutor\u00eda de abalorios para el Colgante Inca es muy detallada, f\u00e1cil de seguir, paso a paso, con instrucciones claras y con fotograf\u00edas a color de cada paso.<\/p>\nngg_shortcode_0_placeholder\n<p>Lista de Materiales:<\/p>\n<p>&#8211; Cuentas Seed Miyuki 11\/0, 15\/0<br \/>\n&#8211; Swarovski 1201 cabuj\u00f3n redondo, 27mm<br \/>\n&#8211; Bicones Swarovski 4mm<br \/>\n&#8211; FireLine 6lb<br \/>\n&#8211; \u00a0Aguja para enfilar # 12 o aguja Tulip # 11<\/p>\n<p>El Tutorial de abalorios para el Colgante Inca es un archivo PDF.<\/p>\n<p><em><strong>Instrucciones para la descarga:<\/strong><br \/>\n<\/em><br \/>\nDespu\u00e9s de que realice el pago, ser\u00e1 dirigida a ellad2.com. En donde encontrar\u00e1 el enlace(s) para la descarga. Teclear en \u2018download\u2019 y empezar\u00e1 la descarga. Salve su tutor\u00eda(s).<br \/>\nTambi\u00e9n recibir\u00e1 un correo electr\u00f3nico con la confirmaci\u00f3n de su pedido con el enlace(s) para la descarga. Teclear en el enlace(s) y la descarga comenzar\u00e1. Salve el documento en su computadora. Por favor, verifique su correo spam\/correo no deseado.<br \/>\nSiempre puede ver aqu\u00ed el estado del pedido.<br \/>\nPuede vender cualquier art\u00edculo que haga con los patrones que me ha comprado. Vea mis T\u00e9rminos y Condiciones<br \/>\nDerechos de Autor\u00a9Ellad2<\/p>\n","protected":false},"excerpt":{"rendered":"<p>Hermoso y elegante colgante con el fant\u00e1stico cabuj\u00f3n redondo Swarovski 27mm y Bicones Swarovski. Nivel del Proyecto: Intermedio. Deber\u00e1s estar familiarizada con la puntada Peyote La Tutor\u00eda de abalorios para el Colgante Inca es muy detallada, f\u00e1cil de seguir, paso a paso, con instrucciones claras y con fotograf\u00edas a color de cada paso. Lista de&hellip;&nbsp;<a href=\"https:\/\/ellad2.com\/es\/tienda\/tutorial-colgante-inca\/\" rel=\"bookmark\">Read More &raquo;<span class=\"screen-reader-text\">Tutorial Colgante Inca<\/span><\/a><\/p>\n","protected":false},"featured_media":3171,"template":"","meta":{"neve_meta_sidebar":"","neve_meta_container":"","neve_meta_enable_content_width":"","neve_meta_content_width":0,"neve_meta_title_alignment":"","neve_meta_author_avatar":"","neve_post_elements_order":"","neve_meta_disable_header":"","neve_meta_disable_footer":"","neve_meta_disable_title":"","neve_meta_reading_time":"","ngg_post_thumbnail":0},"product_brand":[],"product_cat":[327],"product_tag":[],"class_list":{"0":"post-3167","1":"product","2":"type-product","3":"status-publish","4":"has-post-thumbnail","6":"product_cat-colgantes","8":"first","9":"instock","10":"downloadable","11":"virtual","12":"purchasable","13":"product-type-simple"},"_links":{"self":[{"href":"https:\/\/ellad2.com\/es\/wp-json\/wp\/v2\/product\/3167","targetHints":{"allow":["GET"]}}],"collection":[{"href":"https:\/\/ellad2.com\/es\/wp-json\/wp\/v2\/product"}],"about":[{"href":"https:\/\/ellad2.com\/es\/wp-json\/wp\/v2\/types\/product"}],"wp:featuredmedia":[{"embeddable":true,"href":"https:\/\/ellad2.com\/es\/wp-json\/wp\/v2\/media\/3171"}],"wp:attachment":[{"href":"https:\/\/ellad2.com\/es\/wp-json\/wp\/v2\/media?parent=3167"}],"wp:term":[{"taxonomy":"product_brand","embeddable":true,"href":"https:\/\/ellad2.com\/es\/wp-json\/wp\/v2\/product_brand?post=3167"},{"taxonomy":"product_cat","embeddable":true,"href":"https:\/\/ellad2.com\/es\/wp-json\/wp\/v2\/product_cat?post=3167"},{"taxonomy":"product_tag","embeddable":true,"href":"https:\/\/ellad2.com\/es\/wp-json\/wp\/v2\/product_tag?post=3167"}],"curies":[{"name":"wp","href":"https:\/\/api.w.org\/{rel}","templated":true}]}}