{"id":2881,"date":"2016-12-14T16:28:11","date_gmt":"2016-12-14T15:28:11","guid":{"rendered":"https:\/\/ellad2.com\/es\/?post_type=product&#038;p=2881"},"modified":"2018-07-12T04:17:37","modified_gmt":"2018-07-12T03:17:37","slug":"pulsera-saba","status":"publish","type":"product","link":"https:\/\/ellad2.com\/es\/tienda\/pulsera-saba\/","title":{"rendered":"Tutorial Pulsera Saba"},"content":{"rendered":"<p>La pulsera Saba es un nuevo proyecto de abalorios con cuentas <em>Crescent<\/em> <em>CzechMates<\/em>. Puede hacer f\u00e1cilmente un collar en lugar de la pulsera. Puedes jugar con los colores y hacer esta pulsera cada vez diferente.<\/p>\n<p>Nivel del Proyecto: Todos los niveles.<\/p>\n<p>La Tutor\u00eda de abalorios para la Pulsera Saba es muy detallada, f\u00e1cil de seguir, paso a paso, con instrucciones claras y con fotograf\u00edas a color de cada paso.<\/p>\nngg_shortcode_0_placeholder\n<p>Lista de Materiales:<\/p>\n<ul>\n<li>Cuentas Seed Miyuki 11\/0 y 8\/0<\/li>\n<li>Cuentas Crescent CzechMates (2 colores, o m\u00e1s colores si gusta)<\/li>\n<li>Cuentas Fire-polished 4mm<\/li>\n<li>Broche<\/li>\n<li>Fireline 6lb<\/li>\n<li>Aguja para enfilar # 12 o aguja Tulip # 11<\/li>\n<\/ul>\n<p>El Tutorial de abalorios para la Pulsera Saba es un archivo PDF.<\/p>\n<p><strong><em>Instrucciones para la descarga:<\/em><\/strong><\/p>\n<p>Despu\u00e9s de que realice el pago, ser\u00e1 dirigida a ellad2.com. En donde encontrar\u00e1 el enlace(s) para la descarga. Teclear en \u2018download\u2019 y empezar\u00e1 la descarga. Salve su tutor\u00eda(s).<\/p>\n<p>Tambi\u00e9n recibir\u00e1 un correo electr\u00f3nico con la confirmaci\u00f3n de su pedido con el enlace(s) para la descarga. Teclear en el enlace(s) y la descarga comenzar\u00e1.\u00a0 Salve el documento en su computadora. Por favor, verifique su correo spam\/correo no deseado.<\/p>\n<p>Siempre puede ver aqu\u00ed el <a href=\"http:\/\/ellad2.com\/problems-download\/\">estado del pedido<\/a>.<\/p>\n<p>Puede vender cualquier art\u00edculo que haga con los patrones que me ha comprado.\u00a0 Vea aqu\u00ed mis <a href=\"http:\/\/ellad2.com\/es\/terminos-y-condiciones-ellad2\/\">T\u00e9rminos y Condiciones<\/a><\/p>\n<p>Derechos de Autor\u00a9Ellad2<\/p>\n","protected":false},"excerpt":{"rendered":"<p>La pulsera Saba es un nuevo proyecto de abalorios con cuentas Crescent CzechMates. Puede hacer f\u00e1cilmente un collar en lugar de la pulsera. Puedes jugar con los colores y hacer esta pulsera cada vez diferente. Nivel del Proyecto: Todos los niveles. La Tutor\u00eda de abalorios para la Pulsera Saba es muy detallada, f\u00e1cil de seguir,&hellip;&nbsp;<a href=\"https:\/\/ellad2.com\/es\/tienda\/pulsera-saba\/\" rel=\"bookmark\">Read More &raquo;<span class=\"screen-reader-text\">Tutorial Pulsera Saba<\/span><\/a><\/p>\n","protected":false},"featured_media":2883,"template":"","meta":{"neve_meta_sidebar":"","neve_meta_container":"","neve_meta_enable_content_width":"","neve_meta_content_width":0,"neve_meta_title_alignment":"","neve_meta_author_avatar":"","neve_post_elements_order":"","neve_meta_disable_header":"","neve_meta_disable_footer":"","neve_meta_disable_title":"","neve_meta_reading_time":"","ngg_post_thumbnail":0},"product_brand":[],"product_cat":[325],"product_tag":[],"class_list":{"0":"post-2881","1":"product","2":"type-product","3":"status-publish","4":"has-post-thumbnail","6":"product_cat-brazaletes","8":"first","9":"instock","10":"downloadable","11":"virtual","12":"purchasable","13":"product-type-simple"},"_links":{"self":[{"href":"https:\/\/ellad2.com\/es\/wp-json\/wp\/v2\/product\/2881","targetHints":{"allow":["GET"]}}],"collection":[{"href":"https:\/\/ellad2.com\/es\/wp-json\/wp\/v2\/product"}],"about":[{"href":"https:\/\/ellad2.com\/es\/wp-json\/wp\/v2\/types\/product"}],"wp:featuredmedia":[{"embeddable":true,"href":"https:\/\/ellad2.com\/es\/wp-json\/wp\/v2\/media\/2883"}],"wp:attachment":[{"href":"https:\/\/ellad2.com\/es\/wp-json\/wp\/v2\/media?parent=2881"}],"wp:term":[{"taxonomy":"product_brand","embeddable":true,"href":"https:\/\/ellad2.com\/es\/wp-json\/wp\/v2\/product_brand?post=2881"},{"taxonomy":"product_cat","embeddable":true,"href":"https:\/\/ellad2.com\/es\/wp-json\/wp\/v2\/product_cat?post=2881"},{"taxonomy":"product_tag","embeddable":true,"href":"https:\/\/ellad2.com\/es\/wp-json\/wp\/v2\/product_tag?post=2881"}],"curies":[{"name":"wp","href":"https:\/\/api.w.org\/{rel}","templated":true}]}}