{"id":2671,"date":"2016-12-01T16:33:22","date_gmt":"2016-12-01T15:33:22","guid":{"rendered":"https:\/\/ellad2.com\/es\/?post_type=product&#038;p=2671"},"modified":"2018-07-12T04:17:35","modified_gmt":"2018-07-12T03:17:35","slug":"tutorial-ornamento-navideno","status":"publish","type":"product","link":"https:\/\/ellad2.com\/es\/tienda\/tutorial-ornamento-navideno\/","title":{"rendered":"Tutorial Ornamento Navide\u00f1o"},"content":{"rendered":"<p>Un poco de <em>bordado\u00a0geom\u00e9trico.\u00a0 <\/em>Aqu\u00ed est\u00e1 mi contribuci\u00f3n para esta Navidad 2016 \/2017\u2026<\/p>\n<p>Hice un <em>Ornamento<\/em> <em>Navide\u00f1o<\/em>, pero m\u00e1s tarde descubr\u00ed que tambi\u00e9n es muy interesante usarlo como arete\u2026Revise las fotos. En caso de que quiera usar esta forma simp\u00e1tica de aretes, entonces necesitar\u00e1 tener todos los lados con Rivolis en el centro.<\/p>\nngg_shortcode_0_placeholder\n<p>Si los quiere hacer m\u00e1s festivos, puede usar el color verde para las partes del tri\u00e1ngulo \u2013 lo que beber\u00eda representar un peque\u00f1o \u00e1rbol de Navidad, entonces puede mantener el blanco como el color dominante, pero use Rivolis rojos. Los colores depender\u00e1n de los otros ornamentos\u00a0 Navide\u00f1os que tenga en su \u00e1rbol.<\/p>\n<p>Tama\u00f1o: 3.1 cm (con la perla en la cumbre).<\/p>\n<p>Nivel del Proyecto: Intermedio\/Avanzado. Deber\u00e1 estar familiarizada con la puntada Peyote.<\/p>\n<p>El Tutorial de abolorios para el Ornamento Navide\u00f1o es muy detallado, f\u00e1cil de seguir, paso por paso con instrucciones claras de bordado y con fotograf\u00edas a color de cada paso.<\/p>\n<p>Lista de Materiales:<\/p>\n<ul>\n<li>Cuentas Delica Miyuki # 11<\/li>\n<li>Rivoli Swarovski 12mm (en caso de que quiera hacer un colgante, en lugar de 3 Rivolis, necesitar\u00e1 4).<\/li>\n<li>Bicones Swarovski 3mm<\/li>\n<li>Perlas 6, 7 o 8 mm. (Yo us\u00e9 7mm, pero puede usar cualquier tama\u00f1o que tenga).<\/li>\n<li>Cadenas con coraz\u00f3n en el extremo o alguna otra simp\u00e1tica cadena.<\/li>\n<li>Alfiler con ojo<\/li>\n<li>Argollas<\/li>\n<li>FireLine 6lb<\/li>\n<li>Aguja para enfilar # 12 o aguja Tulip # 11<\/li>\n<\/ul>\n<p>El Tutorial de abalorios para el Ornamento Navide\u00f1o es un archivo PDF.<\/p>\n<p><strong><em>Instrucciones para la descarga:<\/em><\/strong><\/p>\n<p>Despu\u00e9s de que realice el pago, ser\u00e1 dirigida a ellad2.com. En donde encontrar\u00e1 el enlace(s) para la descarga. Teclear en \u2018download\u2019 y empezar\u00e1 la descarga. Salve su tutor\u00eda(s).<\/p>\n<p>Tambi\u00e9n recibir\u00e1 un correo electr\u00f3nico con la confirmaci\u00f3n de su pedido con el enlace(s) para la descarga. Teclear en el enlace(s) y la descarga comenzar\u00e1.\u00a0 Salve el documento en su computadora. Por favor, verifique su correo spam\/correo no deseado.<\/p>\n<p>Siempre puede ver aqu\u00ed el <a href=\"http:\/\/ellad2.com\/problems-download\/\">estado del pedido<\/a>.<\/p>\n<p>Puede vender cualquier art\u00edculo que haga con los patrones que me ha comprado.\u00a0 Vea aqu\u00ed mis <a href=\"http:\/\/ellad2.com\/es\/terminos-y-condiciones-ellad2\/\">T\u00e9rminos y Condiciones<\/a><\/p>\n<p>Derechos de Autor\u00a9Ellad2<\/p>\n","protected":false},"excerpt":{"rendered":"<p>Un poco de bordado\u00a0geom\u00e9trico.\u00a0 Aqu\u00ed est\u00e1 mi contribuci\u00f3n para esta Navidad 2016 \/2017\u2026 Hice un Ornamento Navide\u00f1o, pero m\u00e1s tarde descubr\u00ed que tambi\u00e9n es muy interesante usarlo como arete\u2026Revise las fotos. En caso de que quiera usar esta forma simp\u00e1tica de aretes, entonces necesitar\u00e1 tener todos los lados con Rivolis en el centro. Si los&hellip;&nbsp;<a href=\"https:\/\/ellad2.com\/es\/tienda\/tutorial-ornamento-navideno\/\" rel=\"bookmark\">Read More &raquo;<span class=\"screen-reader-text\">Tutorial Ornamento Navide\u00f1o<\/span><\/a><\/p>\n","protected":false},"featured_media":2673,"template":"","meta":{"neve_meta_sidebar":"","neve_meta_container":"","neve_meta_enable_content_width":"","neve_meta_content_width":0,"neve_meta_title_alignment":"","neve_meta_author_avatar":"","neve_post_elements_order":"","neve_meta_disable_header":"","neve_meta_disable_footer":"","neve_meta_disable_title":"","neve_meta_reading_time":"","ngg_post_thumbnail":0},"product_brand":[],"product_cat":[333],"product_tag":[129],"class_list":{"0":"post-2671","1":"product","2":"type-product","3":"status-publish","4":"has-post-thumbnail","6":"product_cat-diverso","7":"product_tag-ornamento-navideno","9":"first","10":"instock","11":"downloadable","12":"virtual","13":"purchasable","14":"product-type-simple"},"_links":{"self":[{"href":"https:\/\/ellad2.com\/es\/wp-json\/wp\/v2\/product\/2671","targetHints":{"allow":["GET"]}}],"collection":[{"href":"https:\/\/ellad2.com\/es\/wp-json\/wp\/v2\/product"}],"about":[{"href":"https:\/\/ellad2.com\/es\/wp-json\/wp\/v2\/types\/product"}],"wp:featuredmedia":[{"embeddable":true,"href":"https:\/\/ellad2.com\/es\/wp-json\/wp\/v2\/media\/2673"}],"wp:attachment":[{"href":"https:\/\/ellad2.com\/es\/wp-json\/wp\/v2\/media?parent=2671"}],"wp:term":[{"taxonomy":"product_brand","embeddable":true,"href":"https:\/\/ellad2.com\/es\/wp-json\/wp\/v2\/product_brand?post=2671"},{"taxonomy":"product_cat","embeddable":true,"href":"https:\/\/ellad2.com\/es\/wp-json\/wp\/v2\/product_cat?post=2671"},{"taxonomy":"product_tag","embeddable":true,"href":"https:\/\/ellad2.com\/es\/wp-json\/wp\/v2\/product_tag?post=2671"}],"curies":[{"name":"wp","href":"https:\/\/api.w.org\/{rel}","templated":true}]}}