{"id":2481,"date":"2016-11-10T16:40:38","date_gmt":"2016-11-10T15:40:38","guid":{"rendered":"https:\/\/ellad2.com\/es\/?post_type=product&#038;p=2481"},"modified":"2018-07-12T04:17:32","modified_gmt":"2018-07-12T03:17:32","slug":"tutorial-aretes-lira","status":"publish","type":"product","link":"https:\/\/ellad2.com\/es\/tienda\/tutorial-aretes-lira\/","title":{"rendered":"Tutorial Aretes Lira"},"content":{"rendered":"<p>Nuevo tutor\u00eda de abalorios con cuentas <em>Arcos y Minos Par Puca<\/em>.<\/p>\n<p>F\u00e1cilmente puede hacer una pulsera y un colgante usando el mismo patr\u00f3n y hacer un juego de joyer\u00eda hermoso.<\/p>\n<p>Un proyecto de abalorios f\u00e1cil y r\u00e1pido. Estar\u00e1 tentada en hacer m\u00e1s de un par de aretes usando combinaciones en colores diferentes.<\/p>\n<p>Nivel del Proyecto: Todos los niveles.<\/p>\nngg_shortcode_0_placeholder\n<p>La Tutor\u00eda de abalorios para los aretes Lira es muy detallada, f\u00e1cil de seguir, paso a paso, con instrucciones claras y con fotograf\u00edas a color de cada paso.<\/p>\n<p>Lista de Materiales:<\/p>\n<ul>\n<li>Cuentas Seed Miyuki 8\/0, 11\/0, 15\/0<\/li>\n<li>Cuentas Arcos<\/li>\n<li>Cuentas Minos<\/li>\n<li>Cuentas Superduo 2.5x5mm<\/li>\n<li>Bicones Swarovski 4mm<\/li>\n<li>Teardrop Swarovski 11\u00d75.5mm<\/li>\n<li>Fireline 6lb<\/li>\n<li>Aguja para enfilar # 12 o aguja Tulip # 11<\/li>\n<\/ul>\n<p>La Tutor\u00eda para los aretes Lira es un archivo PDF.<\/p>\n<p><strong><em>Instrucciones para la descarga:<\/em><\/strong><\/p>\n<p>Despu\u00e9s de que realice el pago, ser\u00e1 dirigida a ellad2.com. En donde encontrar\u00e1 el enlace(s) para la descarga. Teclear en \u2018download\u2019 y empezar\u00e1 la descarga. Salve su tutor\u00eda(s).<\/p>\n<p>Tambi\u00e9n recibir\u00e1 un correo electr\u00f3nico con la confirmaci\u00f3n de su pedido con el enlace(s) para la descarga. Teclear en el enlace(s) y la descarga comenzara. Salve el documento en su computadora. Por favor, verifique su correo spam\/correo no deseado.<\/p>\n<p>Si tiene problema con la descarga, tambi\u00e9n pude ver aqu\u00ed el <a href=\"http:\/\/ellad2.com\/problems-download\/\">estado del pedido<\/a>.<\/p>\n<p>Puede vender cualquier art\u00edculo que haga con los patrones que me ha comprado. Vea aqu\u00ed mis <a href=\"http:\/\/ellad2.com\/es\/terminos-y-condiciones-ellad2\/\">T\u00e9rminos y <em>Condiciones<\/em><\/a>.<\/p>\n<p>Derechos de Autor\u00a9Ellad2<\/p>\n","protected":false},"excerpt":{"rendered":"<p>Nuevo tutor\u00eda de abalorios con cuentas Arcos y Minos Par Puca. F\u00e1cilmente puede hacer una pulsera y un colgante usando el mismo patr\u00f3n y hacer un juego de joyer\u00eda hermoso. Un proyecto de abalorios f\u00e1cil y r\u00e1pido. Estar\u00e1 tentada en hacer m\u00e1s de un par de aretes usando combinaciones en colores diferentes. Nivel del Proyecto:&hellip;&nbsp;<a href=\"https:\/\/ellad2.com\/es\/tienda\/tutorial-aretes-lira\/\" rel=\"bookmark\">Read More &raquo;<span class=\"screen-reader-text\">Tutorial Aretes Lira<\/span><\/a><\/p>\n","protected":false},"featured_media":2483,"template":"","meta":{"neve_meta_sidebar":"","neve_meta_container":"","neve_meta_enable_content_width":"","neve_meta_content_width":0,"neve_meta_title_alignment":"","neve_meta_author_avatar":"","neve_post_elements_order":"","neve_meta_disable_header":"","neve_meta_disable_footer":"","neve_meta_disable_title":"","neve_meta_reading_time":"","ngg_post_thumbnail":0},"product_brand":[],"product_cat":[321],"product_tag":[],"class_list":{"0":"post-2481","1":"product","2":"type-product","3":"status-publish","4":"has-post-thumbnail","6":"product_cat-aretes","8":"first","9":"instock","10":"downloadable","11":"virtual","12":"purchasable","13":"product-type-simple"},"_links":{"self":[{"href":"https:\/\/ellad2.com\/es\/wp-json\/wp\/v2\/product\/2481","targetHints":{"allow":["GET"]}}],"collection":[{"href":"https:\/\/ellad2.com\/es\/wp-json\/wp\/v2\/product"}],"about":[{"href":"https:\/\/ellad2.com\/es\/wp-json\/wp\/v2\/types\/product"}],"wp:featuredmedia":[{"embeddable":true,"href":"https:\/\/ellad2.com\/es\/wp-json\/wp\/v2\/media\/2483"}],"wp:attachment":[{"href":"https:\/\/ellad2.com\/es\/wp-json\/wp\/v2\/media?parent=2481"}],"wp:term":[{"taxonomy":"product_brand","embeddable":true,"href":"https:\/\/ellad2.com\/es\/wp-json\/wp\/v2\/product_brand?post=2481"},{"taxonomy":"product_cat","embeddable":true,"href":"https:\/\/ellad2.com\/es\/wp-json\/wp\/v2\/product_cat?post=2481"},{"taxonomy":"product_tag","embeddable":true,"href":"https:\/\/ellad2.com\/es\/wp-json\/wp\/v2\/product_tag?post=2481"}],"curies":[{"name":"wp","href":"https:\/\/api.w.org\/{rel}","templated":true}]}}