{"id":2455,"date":"2016-11-08T15:52:46","date_gmt":"2016-11-08T14:52:46","guid":{"rendered":"https:\/\/ellad2.com\/es\/?post_type=product&#038;p=2455"},"modified":"2018-07-12T04:17:27","modified_gmt":"2018-07-12T03:17:27","slug":"tutorial-laureta-pulsera","status":"publish","type":"product","link":"https:\/\/ellad2.com\/es\/tienda\/tutorial-laureta-pulsera\/","title":{"rendered":"Tutorial Laureta Pulsera"},"content":{"rendered":"<p>Usar\u00e1 la antigua puntada Peyote\u2026<\/p>\n<p>\u00a1Esta pulsera es una afirmaci\u00f3n cuando la termine! Puede reemplazar las cuentas Fire-Polished con Bicones Swarovski y obtener realmente una nueva pulsera brillante y elegante.<\/p>\n<p>Us\u00e9 una parte del dise\u00f1o de mi <a href=\"https:\/\/ellad2.com\/es\/tienda\/esquemas\/tutorial-collar-romana\/\">Collar Romana<\/a> y lo adapt\u00e9 a una pulsera para aquellos que no les guste la puntada CRAW.<\/p>\nngg_shortcode_0_placeholder\n<p>Nivel del Proyecto: Todos los niveles en caso de que este familiarizada con la puntada Peyote (Peyote impar). Pero de todos modos explicar\u00e9 lo b\u00e1sico en esta tutor\u00eda. Tambi\u00e9n, puede descargar gratuitamente la tutor\u00eda para la puntada peyote impar <a href=\"https:\/\/www.youtube.com\/watch?v=SDvFrxR3jA8\"><em>aqu\u00ed<\/em><\/a>.<\/p>\n<p>La Tutor\u00eda de abalorios para la pulsera Laureta es muy detallada y f\u00e1cil de seguir, paso por paso, con instrucciones claras y con fotograf\u00edas a color de cada paso.<\/p>\n<p>Lista de Materiales:<\/p>\n<ul>\n<li>Cuentas Seed Miyuki 15\/0 y 11\/0<\/li>\n<li>Cuentas Fire-polished 4mm<\/li>\n<li>Broche \u2013 con barra deslizante 31.5mm<\/li>\n<li>Fireline 6lb<\/li>\n<li>Aguja para enfilar # 12 o aguja Tulip # 11<\/li>\n<\/ul>\n<p>La Tutor\u00eda de abalorios para la pulsera Laureta es un archivo PDF.<\/p>\n<p>Instrucciones para la descarga:<\/p>\n<p>Despu\u00e9s de que realice el pago, ser\u00e1 dirigida a ellad2.com. En donde encontrar\u00e1 el enlace(s) para la descarga. Teclear en \u2018download\u2019 y empezar\u00e1 la descarga. Salve su tutor\u00eda(s).<\/p>\n<p>Tambi\u00e9n recibir\u00e1 un correo electr\u00f3nico con la confirmaci\u00f3n de su pedido con el enlace(s) para la descarga. Teclear en el enlace(s) y la descarga comenzara. Salve el documento en su computadora. Por favor, verifique su correo spam\/correo no deseado.<\/p>\n<p>Si tiene problema con la descarga, tambi\u00e9n pude ver aqu\u00ed el <a href=\"http:\/\/ellad2.com\/problems-download\/\">estado del pedido<\/a>.<\/p>\n<p>Puede vender cualquier art\u00edculo que haga con los patrones que me ha comprado. Vea aqu\u00ed mis <a href=\"http:\/\/ellad2.com\/es\/terminos-y-condiciones-ellad2\/\">T\u00e9rminos y <em>Condiciones<\/em><\/a>.<\/p>\n<p>Derechos de Autor\u00a9Ellad2<\/p>\n","protected":false},"excerpt":{"rendered":"<p>Usar\u00e1 la antigua puntada Peyote\u2026 \u00a1Esta pulsera es una afirmaci\u00f3n cuando la termine! Puede reemplazar las cuentas Fire-Polished con Bicones Swarovski y obtener realmente una nueva pulsera brillante y elegante. Us\u00e9 una parte del dise\u00f1o de mi Collar Romana y lo adapt\u00e9 a una pulsera para aquellos que no les guste la puntada CRAW. Nivel&hellip;&nbsp;<a href=\"https:\/\/ellad2.com\/es\/tienda\/tutorial-laureta-pulsera\/\" rel=\"bookmark\">Read More &raquo;<span class=\"screen-reader-text\">Tutorial Laureta Pulsera<\/span><\/a><\/p>\n","protected":false},"featured_media":2457,"template":"","meta":{"neve_meta_sidebar":"","neve_meta_container":"","neve_meta_enable_content_width":"","neve_meta_content_width":0,"neve_meta_title_alignment":"","neve_meta_author_avatar":"","neve_post_elements_order":"","neve_meta_disable_header":"","neve_meta_disable_footer":"","neve_meta_disable_title":"","neve_meta_reading_time":"","ngg_post_thumbnail":0},"product_brand":[],"product_cat":[325],"product_tag":[],"class_list":{"0":"post-2455","1":"product","2":"type-product","3":"status-publish","4":"has-post-thumbnail","6":"product_cat-brazaletes","8":"first","9":"instock","10":"downloadable","11":"virtual","12":"purchasable","13":"product-type-simple"},"_links":{"self":[{"href":"https:\/\/ellad2.com\/es\/wp-json\/wp\/v2\/product\/2455","targetHints":{"allow":["GET"]}}],"collection":[{"href":"https:\/\/ellad2.com\/es\/wp-json\/wp\/v2\/product"}],"about":[{"href":"https:\/\/ellad2.com\/es\/wp-json\/wp\/v2\/types\/product"}],"wp:featuredmedia":[{"embeddable":true,"href":"https:\/\/ellad2.com\/es\/wp-json\/wp\/v2\/media\/2457"}],"wp:attachment":[{"href":"https:\/\/ellad2.com\/es\/wp-json\/wp\/v2\/media?parent=2455"}],"wp:term":[{"taxonomy":"product_brand","embeddable":true,"href":"https:\/\/ellad2.com\/es\/wp-json\/wp\/v2\/product_brand?post=2455"},{"taxonomy":"product_cat","embeddable":true,"href":"https:\/\/ellad2.com\/es\/wp-json\/wp\/v2\/product_cat?post=2455"},{"taxonomy":"product_tag","embeddable":true,"href":"https:\/\/ellad2.com\/es\/wp-json\/wp\/v2\/product_tag?post=2455"}],"curies":[{"name":"wp","href":"https:\/\/api.w.org\/{rel}","templated":true}]}}