{"id":2411,"date":"2016-11-02T13:42:11","date_gmt":"2016-11-02T12:42:11","guid":{"rendered":"https:\/\/ellad2.com\/es\/?post_type=product&#038;p=2411"},"modified":"2018-07-12T04:17:26","modified_gmt":"2018-07-12T03:17:26","slug":"tutorial-collar-romana","status":"publish","type":"product","link":"https:\/\/ellad2.com\/es\/tienda\/tutorial-collar-romana\/","title":{"rendered":"Tutorial Collar Romana"},"content":{"rendered":"<p>El Collar Romana es un nuevo proyecto de abalorios para los amantes del Tejido C\u00fabico \u00c1ngulo Recto (CRAW).<\/p>\n<p>Este elegante y brillante collar esta bordado en componentes de abalorios. Es una hermosa combinaci\u00f3n de diferentes t\u00e9cnicas de tejido en cuentas: Tejido C\u00fabico \u00c1ngulo Recto, Mayas\/Redes y Puntada Peyote\u2026<\/p>\n<p><em>Nivel del Proyecto:<\/em>\u00a0Intermedio\/Avanzado. Debe estar familiarizada con la puntada CRAW y con la puntada Peyote impar.<\/p>\nngg_shortcode_0_placeholder\n<p>La Tutor\u00eda de abalorios para el collar Romana es muy detallada (42 p\u00e1ginas), f\u00e1cil de seguir, paso por paso, con instrucciones claras y con fotograf\u00edas a color de cada paso.<\/p>\n<p>Lista de Materiales:<\/p>\n<ul>\n<li>Cuentas Seed Miyuki 15\/0, 11\/0, 8\/0 (3 colores)<\/li>\n<li>Cuentas Fire-polished 4mm (2 colores)<\/li>\n<li>Colgante Swarovski Crystal Faceted Teardrop (6000), 15\u00d77.5mm<\/li>\n<li>Superduo 2.5x5mm<\/li>\n<li>FireLine 6lb<\/li>\n<li>Aguja para enfilar #12 o aguja Tulip # 11<\/li>\n<\/ul>\n<p>La Tutor\u00eda de abalorios para el Colgante Romana es un archivo PDF.<\/p>\n<p>Instrucciones para la descarga:<\/p>\n<p>Despu\u00e9s de que realice el pago, ser\u00e1 dirigida a ellad2.com. En donde encontrar\u00e1 el enlace(s) para la descarga. Teclear en \u2018download\u2019 y empezar\u00e1 la descarga. Salve su tutor\u00eda(s).<\/p>\n<p>Tambi\u00e9n recibir\u00e1 un correo electr\u00f3nico con la confirmaci\u00f3n de su pedido con el enlace(s) para la descarga. Teclear en el enlace(s) y la descarga comenzara. Salve el documento en su computadora. Por favor, verifique su correo spam\/correo no deseado.<\/p>\n<p>Si tiene problema con la descarga, tambi\u00e9n pude ver aqu\u00ed el <a href=\"http:\/\/ellad2.com\/problems-download\/\">estado del pedido<\/a>.<\/p>\n<p>Puede vender cualquier art\u00edculo que haga con los patrones que me ha comprado. Vea aqu\u00ed mis <a href=\"http:\/\/ellad2.com\/es\/terminos-y-condiciones-ellad2\/\">T\u00e9rminos y Condiciones<\/a>.<\/p>\n<p>Derechos de Autor\u00a9Ellad2<\/p>\n","protected":false},"excerpt":{"rendered":"<p>El Collar Romana es un nuevo proyecto de abalorios para los amantes del Tejido C\u00fabico \u00c1ngulo Recto (CRAW). Este elegante y brillante collar esta bordado en componentes de abalorios. Es una hermosa combinaci\u00f3n de diferentes t\u00e9cnicas de tejido en cuentas: Tejido C\u00fabico \u00c1ngulo Recto, Mayas\/Redes y Puntada Peyote\u2026 Nivel del Proyecto:\u00a0Intermedio\/Avanzado. Debe estar familiarizada con&hellip;&nbsp;<a href=\"https:\/\/ellad2.com\/es\/tienda\/tutorial-collar-romana\/\" rel=\"bookmark\">Read More &raquo;<span class=\"screen-reader-text\">Tutorial Collar Romana<\/span><\/a><\/p>\n","protected":false},"featured_media":2413,"template":"","meta":{"neve_meta_sidebar":"","neve_meta_container":"","neve_meta_enable_content_width":"","neve_meta_content_width":0,"neve_meta_title_alignment":"","neve_meta_author_avatar":"","neve_post_elements_order":"","neve_meta_disable_header":"","neve_meta_disable_footer":"","neve_meta_disable_title":"","neve_meta_reading_time":"","ngg_post_thumbnail":0},"product_brand":[],"product_cat":[329],"product_tag":[],"class_list":{"0":"post-2411","1":"product","2":"type-product","3":"status-publish","4":"has-post-thumbnail","6":"product_cat-collares","8":"first","9":"instock","10":"downloadable","11":"virtual","12":"purchasable","13":"product-type-simple"},"_links":{"self":[{"href":"https:\/\/ellad2.com\/es\/wp-json\/wp\/v2\/product\/2411","targetHints":{"allow":["GET"]}}],"collection":[{"href":"https:\/\/ellad2.com\/es\/wp-json\/wp\/v2\/product"}],"about":[{"href":"https:\/\/ellad2.com\/es\/wp-json\/wp\/v2\/types\/product"}],"wp:featuredmedia":[{"embeddable":true,"href":"https:\/\/ellad2.com\/es\/wp-json\/wp\/v2\/media\/2413"}],"wp:attachment":[{"href":"https:\/\/ellad2.com\/es\/wp-json\/wp\/v2\/media?parent=2411"}],"wp:term":[{"taxonomy":"product_brand","embeddable":true,"href":"https:\/\/ellad2.com\/es\/wp-json\/wp\/v2\/product_brand?post=2411"},{"taxonomy":"product_cat","embeddable":true,"href":"https:\/\/ellad2.com\/es\/wp-json\/wp\/v2\/product_cat?post=2411"},{"taxonomy":"product_tag","embeddable":true,"href":"https:\/\/ellad2.com\/es\/wp-json\/wp\/v2\/product_tag?post=2411"}],"curies":[{"name":"wp","href":"https:\/\/api.w.org\/{rel}","templated":true}]}}