{"id":240,"date":"2013-03-27T14:08:20","date_gmt":"2013-03-27T13:08:20","guid":{"rendered":"https:\/\/ellad2.com\/es\/?post_type=product&#038;p=240"},"modified":"2018-07-12T04:15:20","modified_gmt":"2018-07-12T03:15:20","slug":"tutorial-brazalete-babiole","status":"publish","type":"product","link":"https:\/\/ellad2.com\/es\/tienda\/tutorial-brazalete-babiole\/","title":{"rendered":"Tutorial Brazalete Babiole"},"content":{"rendered":"<p>Brazalete Babiole es un proyecto f\u00e1cil y r\u00e1pido de hacer.<\/p>\n<p>Este dise\u00f1o es inclusive excelente para hacer un collar.<\/p>\n<p>Las instrucicones son bien detalladas con fotos de cada paso.<\/p>\n<p>&nbsp;<\/p>\n<p>Material que necesita:<\/p>\n<p>&#8211; Rocallas (sb) 11\/0, 8\/0<br \/>\n&#8211; Piedras redondas de 4mm, o piedras facetadas Fire-polished, o Biconos Swarovski \u2026<br \/>\n&#8211; Twin beads<br \/>\n&#8211; Cerradura<br \/>\n&#8211; Hilo FireLine 0.006 (o Hilo Nymo D)<br \/>\n&#8211; Agujas tama\u00f1o 12<\/p>\n<p>Le invitamos a vender sus creaciones, confeccionadas con el tutorial que usted ha comprado.<\/p>\n<p>Estar\u00e9 agradecida de que pueda vender este anillo confeccionado de este tutorial. Por favor, lea mis\u00a0<a title=\"T\u00e9rminos y Condiciones\" href=\"https:\/\/ellad2.com\/es\/terminos-y-condiciones-ellad2\/\">T\u00e9rminos y Condiciones.<\/a><\/p>\nngg_shortcode_0_placeholder\n","protected":false},"excerpt":{"rendered":"<p>Brazalete Babiole es un proyecto f\u00e1cil y r\u00e1pido de hacer. Este dise\u00f1o es inclusive excelente para hacer un collar. Las instrucicones son bien detalladas con fotos de cada paso. &nbsp; Material que necesita: &#8211; Rocallas (sb) 11\/0, 8\/0 &#8211; Piedras redondas de 4mm, o piedras facetadas Fire-polished, o Biconos Swarovski \u2026 &#8211; Twin beads &#8211;&hellip;&nbsp;<a href=\"https:\/\/ellad2.com\/es\/tienda\/tutorial-brazalete-babiole\/\" rel=\"bookmark\">Read More &raquo;<span class=\"screen-reader-text\">Tutorial Brazalete Babiole<\/span><\/a><\/p>\n","protected":false},"featured_media":241,"template":"","meta":{"neve_meta_sidebar":"","neve_meta_container":"","neve_meta_enable_content_width":"","neve_meta_content_width":0,"neve_meta_title_alignment":"","neve_meta_author_avatar":"","neve_post_elements_order":"","neve_meta_disable_header":"","neve_meta_disable_footer":"","neve_meta_disable_title":"","neve_meta_reading_time":"","ngg_post_thumbnail":0},"product_brand":[],"product_cat":[325],"product_tag":[],"class_list":{"0":"post-240","1":"product","2":"type-product","3":"status-publish","4":"has-post-thumbnail","6":"product_cat-brazaletes","8":"first","9":"instock","10":"downloadable","11":"virtual","12":"purchasable","13":"product-type-simple"},"_links":{"self":[{"href":"https:\/\/ellad2.com\/es\/wp-json\/wp\/v2\/product\/240","targetHints":{"allow":["GET"]}}],"collection":[{"href":"https:\/\/ellad2.com\/es\/wp-json\/wp\/v2\/product"}],"about":[{"href":"https:\/\/ellad2.com\/es\/wp-json\/wp\/v2\/types\/product"}],"wp:featuredmedia":[{"embeddable":true,"href":"https:\/\/ellad2.com\/es\/wp-json\/wp\/v2\/media\/241"}],"wp:attachment":[{"href":"https:\/\/ellad2.com\/es\/wp-json\/wp\/v2\/media?parent=240"}],"wp:term":[{"taxonomy":"product_brand","embeddable":true,"href":"https:\/\/ellad2.com\/es\/wp-json\/wp\/v2\/product_brand?post=240"},{"taxonomy":"product_cat","embeddable":true,"href":"https:\/\/ellad2.com\/es\/wp-json\/wp\/v2\/product_cat?post=240"},{"taxonomy":"product_tag","embeddable":true,"href":"https:\/\/ellad2.com\/es\/wp-json\/wp\/v2\/product_tag?post=240"}],"curies":[{"name":"wp","href":"https:\/\/api.w.org\/{rel}","templated":true}]}}