{"id":2203,"date":"2016-09-06T02:53:54","date_gmt":"2016-09-06T01:53:54","guid":{"rendered":"https:\/\/ellad2.com\/es\/?post_type=product&#038;p=2203"},"modified":"2018-07-12T04:17:24","modified_gmt":"2018-07-12T03:17:24","slug":"tutorial-pulsera-fina","status":"publish","type":"product","link":"https:\/\/ellad2.com\/es\/tienda\/tutorial-pulsera-fina\/","title":{"rendered":"Tutorial Pulsera Fina"},"content":{"rendered":"<p>Nuevo proyecto de abalorios con cuentas Arcos \u00aePar Puca y esta vez tambi\u00e9n a\u00f1ad\u00ed cuentas Minos\u00ae Par Puca.<\/p>\n<p>La pulsera es de casi 3 cm de ancho. Tiene 2 filas\/columnas, pero lo puede hacer m\u00e1s amplio, a\u00f1adiendo una fila\/columna m\u00e1s.<\/p>\n<p>Nivel del Proyecto: Intermedio.<\/p>\nngg_shortcode_0_placeholder\n<p>La Tutor\u00eda para la pulsera Fina es muy detallada, f\u00e1cil de seguir, con instrucciones claras; paso a paso y con fotograf\u00edas a color de cada paso.<\/p>\n<p>Lista de Materiales:<\/p>\n<ul>\n<li>Cuentas Seed Miyuki 11\/0 y 8\/0<\/li>\n<li>Arcos\u00aePar Puca<\/li>\n<li>Minos\u00aePar Puca<\/li>\n<li>Broche<\/li>\n<li>FireLine 6lb<\/li>\n<li>Aguja para enfilar # 12 o aguja Tulip # 11<\/li>\n<\/ul>\n<p>La Tutor\u00eda para la pulsera Fina es un archivo PDF.<\/p>\n<p><strong>Instrucciones para la descarga:<\/strong><\/p>\n<p>Despu\u00e9s de que haya realizado el pago, ser\u00e1 redirigida a ellad2.com. En donde encontrar\u00e1 el enlace para la descarga de su tutor\u00eda. Haga clic en \u2018download\u2019 y empezar\u00e1 la descarga. Salve el documento(s) en su computadora.<\/p>\n<p>Tambi\u00e9n recibir\u00e1 un correo electr\u00f3nico con la confirmaci\u00f3n del pedido con el enlace\/s para su descarga. Haga clic en el enlace\/s y empezar\u00e1 la descarga. Salve el documento en su computadora. Por favor, revise su correo no deseado\/chatarra. Si tiene problema para la descarga, tambi\u00e9n pude ver aqu\u00ed el <a href=\"http:\/\/ellad2.com\/problems-download\/\">estado del pedido<\/a><\/p>\n<p>Puede vender cualquier art\u00edculo que haga con los modelos que me ha comprado. Vea aqu\u00ed mis <a href=\"http:\/\/ellad2.com\/es\/terminos-y-condiciones-ellad2\/\">T\u00e9rminos y Condiciones<\/a><\/p>\n<p>Derechos de Autor\u00a9Ellad2<\/p>\n","protected":false},"excerpt":{"rendered":"<p>Nuevo proyecto de abalorios con cuentas Arcos \u00aePar Puca y esta vez tambi\u00e9n a\u00f1ad\u00ed cuentas Minos\u00ae Par Puca. La pulsera es de casi 3 cm de ancho. Tiene 2 filas\/columnas, pero lo puede hacer m\u00e1s amplio, a\u00f1adiendo una fila\/columna m\u00e1s. Nivel del Proyecto: Intermedio. La Tutor\u00eda para la pulsera Fina es muy detallada, f\u00e1cil de&hellip;&nbsp;<a href=\"https:\/\/ellad2.com\/es\/tienda\/tutorial-pulsera-fina\/\" rel=\"bookmark\">Read More &raquo;<span class=\"screen-reader-text\">Tutorial Pulsera Fina<\/span><\/a><\/p>\n","protected":false},"featured_media":2205,"template":"","meta":{"neve_meta_sidebar":"","neve_meta_container":"","neve_meta_enable_content_width":"","neve_meta_content_width":0,"neve_meta_title_alignment":"","neve_meta_author_avatar":"","neve_post_elements_order":"","neve_meta_disable_header":"","neve_meta_disable_footer":"","neve_meta_disable_title":"","neve_meta_reading_time":"","ngg_post_thumbnail":0},"product_brand":[],"product_cat":[325],"product_tag":[],"class_list":{"0":"post-2203","1":"product","2":"type-product","3":"status-publish","4":"has-post-thumbnail","6":"product_cat-brazaletes","8":"first","9":"instock","10":"downloadable","11":"virtual","12":"purchasable","13":"product-type-simple"},"_links":{"self":[{"href":"https:\/\/ellad2.com\/es\/wp-json\/wp\/v2\/product\/2203","targetHints":{"allow":["GET"]}}],"collection":[{"href":"https:\/\/ellad2.com\/es\/wp-json\/wp\/v2\/product"}],"about":[{"href":"https:\/\/ellad2.com\/es\/wp-json\/wp\/v2\/types\/product"}],"wp:featuredmedia":[{"embeddable":true,"href":"https:\/\/ellad2.com\/es\/wp-json\/wp\/v2\/media\/2205"}],"wp:attachment":[{"href":"https:\/\/ellad2.com\/es\/wp-json\/wp\/v2\/media?parent=2203"}],"wp:term":[{"taxonomy":"product_brand","embeddable":true,"href":"https:\/\/ellad2.com\/es\/wp-json\/wp\/v2\/product_brand?post=2203"},{"taxonomy":"product_cat","embeddable":true,"href":"https:\/\/ellad2.com\/es\/wp-json\/wp\/v2\/product_cat?post=2203"},{"taxonomy":"product_tag","embeddable":true,"href":"https:\/\/ellad2.com\/es\/wp-json\/wp\/v2\/product_tag?post=2203"}],"curies":[{"name":"wp","href":"https:\/\/api.w.org\/{rel}","templated":true}]}}