{"id":2163,"date":"2016-08-23T00:01:03","date_gmt":"2016-08-22T23:01:03","guid":{"rendered":"https:\/\/ellad2.com\/es\/?post_type=product&#038;p=2163"},"modified":"2018-07-12T04:17:22","modified_gmt":"2018-07-12T03:17:22","slug":"tutorial-pulsera-tulip","status":"publish","type":"product","link":"https:\/\/ellad2.com\/es\/tienda\/tutorial-pulsera-tulip\/","title":{"rendered":"Tutorial Pulsera Tulip"},"content":{"rendered":"<p>El nuevo proyecto de abalorios con cuentas Arcos Par Puca es maravilloso.<\/p>\n<p>No necesitar\u00e1 mucho tiempo para hacerlo. Es muy r\u00e1pido. Puede utilizar diferentes colores de cuentas Arcos y hacerlo m\u00e1s interesante. Tambi\u00e9n, sino te gustan las puntillas en la pulsera puedes evitarlas.<\/p>\n<p>La pulsera no necesita mucho material: Cuentas Seed Miyuki, Arcos Par Puca y Cuentas Fire-Polished.<\/p>\nngg_shortcode_0_placeholder\n<p>Nivel del Proyecto: Intermedio. Lo m\u00e1s importante para esta pulsera es mantener la tensi\u00f3n.<\/p>\n<p>El seminario de abalorios para la Pulsera Tulip es muy detallado, f\u00e1cil de seguir, paso a paso con instrucciones claras y con fotograf\u00edas a color de cada paso.<\/p>\n<p>Lista de Materiales:<\/p>\n<ul>\n<li>Cuentas Seed Miyuki 15\/0, 11\/0, 8\/0<\/li>\n<li>Cuentas Arcos Par Puca 5x10mm<\/li>\n<li>Cuentas Fire-polished 4mm<\/li>\n<li>Broche<\/li>\n<li>FireLine 6lb (Recomendado debido a los cruces m\u00faltiples a trav\u00e9s de las mismas cuentas).<\/li>\n<li>Aguja para enfilar # 12 o a\u00fan mejor aguja Tulip # 11<\/li>\n<\/ul>\n<p>La Tutor\u00eda para la Pulsera Tulip es un archivo PDF.<\/p>\n<p><strong><em>Instrucciones para la descarga:<\/em><\/strong><\/p>\n<p>Despu\u00e9s de que haya realizado el pago, ser\u00e1 redirigida a ellad2.com. En donde encontrar\u00e1 el enlace para la descarga de su tutor\u00eda. Haga clic en \u2018download\u2019 y empezar\u00e1 la descarga. Salve el documento(s) en su computadora.<\/p>\n<p>Tambi\u00e9n recibir\u00e1 un correo electr\u00f3nico con la confirmaci\u00f3n del pedido con el enlace\/s para su descarga. Haga clic en el enlace\/s y empezar\u00e1 la descarga. Salve el documento en su computadora. Por favor, revise su correo no deseado\/chatarra. Si tiene problema para la descarga, tambi\u00e9n pude ver aqu\u00ed el <a href=\"http:\/\/ellad2.com\/problems-download\/\"><em>estado del pedido<\/em><\/a><\/p>\n<p>Puede vender cualquier art\u00edculo que haga de mis modelos que me ha comprado. Vea aqu\u00ed mis <a href=\"http:\/\/ellad2.com\/es\/terminos-y-condiciones-ellad2\/\">T\u00e9rminos y Condiciones<\/a><\/p>\n<p>Derechos de Autor\u00a9Ellad2<\/p>\n","protected":false},"excerpt":{"rendered":"<p>El nuevo proyecto de abalorios con cuentas Arcos Par Puca es maravilloso. No necesitar\u00e1 mucho tiempo para hacerlo. Es muy r\u00e1pido. Puede utilizar diferentes colores de cuentas Arcos y hacerlo m\u00e1s interesante. Tambi\u00e9n, sino te gustan las puntillas en la pulsera puedes evitarlas. La pulsera no necesita mucho material: Cuentas Seed Miyuki, Arcos Par Puca&hellip;&nbsp;<a href=\"https:\/\/ellad2.com\/es\/tienda\/tutorial-pulsera-tulip\/\" rel=\"bookmark\">Read More &raquo;<span class=\"screen-reader-text\">Tutorial Pulsera Tulip<\/span><\/a><\/p>\n","protected":false},"featured_media":2165,"template":"","meta":{"neve_meta_sidebar":"","neve_meta_container":"","neve_meta_enable_content_width":"","neve_meta_content_width":0,"neve_meta_title_alignment":"","neve_meta_author_avatar":"","neve_post_elements_order":"","neve_meta_disable_header":"","neve_meta_disable_footer":"","neve_meta_disable_title":"","neve_meta_reading_time":"","ngg_post_thumbnail":0},"product_brand":[],"product_cat":[325],"product_tag":[],"class_list":{"0":"post-2163","1":"product","2":"type-product","3":"status-publish","4":"has-post-thumbnail","6":"product_cat-brazaletes","8":"first","9":"instock","10":"downloadable","11":"virtual","12":"purchasable","13":"product-type-simple"},"_links":{"self":[{"href":"https:\/\/ellad2.com\/es\/wp-json\/wp\/v2\/product\/2163","targetHints":{"allow":["GET"]}}],"collection":[{"href":"https:\/\/ellad2.com\/es\/wp-json\/wp\/v2\/product"}],"about":[{"href":"https:\/\/ellad2.com\/es\/wp-json\/wp\/v2\/types\/product"}],"wp:featuredmedia":[{"embeddable":true,"href":"https:\/\/ellad2.com\/es\/wp-json\/wp\/v2\/media\/2165"}],"wp:attachment":[{"href":"https:\/\/ellad2.com\/es\/wp-json\/wp\/v2\/media?parent=2163"}],"wp:term":[{"taxonomy":"product_brand","embeddable":true,"href":"https:\/\/ellad2.com\/es\/wp-json\/wp\/v2\/product_brand?post=2163"},{"taxonomy":"product_cat","embeddable":true,"href":"https:\/\/ellad2.com\/es\/wp-json\/wp\/v2\/product_cat?post=2163"},{"taxonomy":"product_tag","embeddable":true,"href":"https:\/\/ellad2.com\/es\/wp-json\/wp\/v2\/product_tag?post=2163"}],"curies":[{"name":"wp","href":"https:\/\/api.w.org\/{rel}","templated":true}]}}