{"id":2133,"date":"2016-08-10T08:47:39","date_gmt":"2016-08-10T07:47:39","guid":{"rendered":"https:\/\/ellad2.com\/es\/?post_type=product&#038;p=2133"},"modified":"2018-07-12T04:17:21","modified_gmt":"2018-07-12T03:17:21","slug":"tutorial-colgante-aiko","status":"publish","type":"product","link":"https:\/\/ellad2.com\/es\/tienda\/tutorial-colgante-aiko\/","title":{"rendered":"Tutorial Colgante Aiko"},"content":{"rendered":"<p>Un nuevo proyecto de abalorios con lindas cuentas <em>Diamonduo 2-orificios<\/em>.<\/p>\n<p>Puede hacer un colgante o un prendedor o incluso un broche para el cabello.<\/p>\n<p>Puede usar las cuentas Diamonduo en el mismo color (colgante azul) o en diferentes colores (colgante morado).<\/p>\n<p>Nivel del Proyecto: intermedio.<\/p>\nngg_shortcode_0_placeholder\n<p>La Tutor\u00eda de abalorios para el colgante Aiko es muy detallada, f\u00e1cil de seguir, paso por paso,\u00a0 con instrucciones claras y con fotograf\u00edas a color de cada paso.<\/p>\n<p>En la tutor\u00eda encontrar\u00e1s las opciones de color para ambos colgantes (azul y morado).<\/p>\n<p>Lista de Materiales:<\/p>\n<ul>\n<li>Cuentas Seed Miyuki 11\/0 y 15\/0<\/li>\n<li>Cuentas Fire-Polished 4mm<\/li>\n<li>Cuentas Diamonduo 2-Orificios, 5x8mm<\/li>\n<li>Bicones Swarovski 4mm<\/li>\n<li>Cabuj\u00f3n Lunasoft 24mm<\/li>\n<\/ul>\n<p>La Tutor\u00eda para el colgante Aiko es un archivo PDF.<\/p>\n<p><strong><em>Instrucciones para la descarga:<\/em><\/strong><\/p>\n<p>Despu\u00e9s de que haya realizado el pago, ser\u00e1 redirigida a ellad2.com. En donde encontrar\u00e1 el enlace para la descarga de su tutor\u00eda. Haga clic en \u2018download\u2019 y empezar\u00e1 la descarga. Salve el documento(s) en su computadora.<\/p>\n<p>Tambi\u00e9n recibir\u00e1 un correo electr\u00f3nico con la confirmaci\u00f3n del pedido con el enlace\/s para su descarga. Haga clic en el enlace\/s y empezar\u00e1 la descarga. Salve el documento en su computadora. Por favor, revise su correo no deseado\/chatarra. Si tiene problema para la descarga, tambi\u00e9n pude ver aqu\u00ed el <a href=\"http:\/\/ellad2.com\/problems-download\/\"><em>estado del pedido<\/em><\/a><\/p>\n<p>Es bienvenida a vender cualquier articulo que haga de mis modelos que me ha comprado. Vea aqu\u00ed mis <a href=\"http:\/\/ellad2.com\/es\/terminos-y-condiciones-ellad2\/\">T\u00e9rminos y Condiciones<\/a><\/p>\n<p>Derechos de Autor\u00a9Ellad2<\/p>\n","protected":false},"excerpt":{"rendered":"<p>Un nuevo proyecto de abalorios con lindas cuentas Diamonduo 2-orificios. Puede hacer un colgante o un prendedor o incluso un broche para el cabello. Puede usar las cuentas Diamonduo en el mismo color (colgante azul) o en diferentes colores (colgante morado). Nivel del Proyecto: intermedio. La Tutor\u00eda de abalorios para el colgante Aiko es muy&hellip;&nbsp;<a href=\"https:\/\/ellad2.com\/es\/tienda\/tutorial-colgante-aiko\/\" rel=\"bookmark\">Read More &raquo;<span class=\"screen-reader-text\">Tutorial Colgante Aiko<\/span><\/a><\/p>\n","protected":false},"featured_media":2135,"template":"","meta":{"neve_meta_sidebar":"","neve_meta_container":"","neve_meta_enable_content_width":"","neve_meta_content_width":0,"neve_meta_title_alignment":"","neve_meta_author_avatar":"","neve_post_elements_order":"","neve_meta_disable_header":"","neve_meta_disable_footer":"","neve_meta_disable_title":"","neve_meta_reading_time":"","ngg_post_thumbnail":0},"product_brand":[],"product_cat":[327],"product_tag":[],"class_list":{"0":"post-2133","1":"product","2":"type-product","3":"status-publish","4":"has-post-thumbnail","6":"product_cat-colgantes","8":"first","9":"instock","10":"downloadable","11":"virtual","12":"purchasable","13":"product-type-simple"},"_links":{"self":[{"href":"https:\/\/ellad2.com\/es\/wp-json\/wp\/v2\/product\/2133","targetHints":{"allow":["GET"]}}],"collection":[{"href":"https:\/\/ellad2.com\/es\/wp-json\/wp\/v2\/product"}],"about":[{"href":"https:\/\/ellad2.com\/es\/wp-json\/wp\/v2\/types\/product"}],"wp:featuredmedia":[{"embeddable":true,"href":"https:\/\/ellad2.com\/es\/wp-json\/wp\/v2\/media\/2135"}],"wp:attachment":[{"href":"https:\/\/ellad2.com\/es\/wp-json\/wp\/v2\/media?parent=2133"}],"wp:term":[{"taxonomy":"product_brand","embeddable":true,"href":"https:\/\/ellad2.com\/es\/wp-json\/wp\/v2\/product_brand?post=2133"},{"taxonomy":"product_cat","embeddable":true,"href":"https:\/\/ellad2.com\/es\/wp-json\/wp\/v2\/product_cat?post=2133"},{"taxonomy":"product_tag","embeddable":true,"href":"https:\/\/ellad2.com\/es\/wp-json\/wp\/v2\/product_tag?post=2133"}],"curies":[{"name":"wp","href":"https:\/\/api.w.org\/{rel}","templated":true}]}}