{"id":2123,"date":"2016-08-06T10:02:48","date_gmt":"2016-08-06T09:02:48","guid":{"rendered":"https:\/\/ellad2.com\/es\/?post_type=product&#038;p=2123"},"modified":"2018-07-12T04:17:21","modified_gmt":"2018-07-12T03:17:21","slug":"tutorial-collar-ozzy","status":"publish","type":"product","link":"https:\/\/ellad2.com\/es\/tienda\/tutorial-collar-ozzy\/","title":{"rendered":"Tutorial Collar Ozzy"},"content":{"rendered":"<p>Hermoso y elegante collar hecho con cuentas Media Luna 2-orificios, cuentas Pulidas-fuego y rocallas Miyuki. Trabajo r\u00e1pido y f\u00e1cil de hacer en cualquier combinaci\u00f3n de color. Me encanta el color turquesa y menta\u2026Tambi\u00e9n pude hacer s\u00f3lo el collar o un colgante.<\/p>\n<p>La Tutor\u00eda de abalorios para el collar Ozzy es muy detallada, f\u00e1cil de seguir, paso por paso, con instrucciones claras y con fotograf\u00edas a color de cada paso.<\/p>\nngg_shortcode_0_placeholder\n<p>Nivel del Proyecto: Intermedio.<\/p>\n<p>Lista de Materiales:<\/p>\n<ul>\n<li>Cuentas Seed Miyuki 15\/0, 11\/0, 8\/0<\/li>\n<li>Cuentas Crescent 2-orificios<\/li>\n<li>Cuentas Fire-polished 4mm<\/li>\n<li>Cabuj\u00f3n Lunasoft 18mm<\/li>\n<li>Broche<\/li>\n<li>Fireline 6lb o hilo para abalorios<\/li>\n<li>Aguja para enfilar # 12 o aguja Tulip # 11<\/li>\n<\/ul>\n<p>La Tutor\u00eda para el collar Ozzy es un archivo\u00a0 PDF.<\/p>\n<p><strong><em>Instrucciones para la descarga:<\/em><\/strong><\/p>\n<p>Despu\u00e9s de que haya realizado el pago, ser\u00e1 redirigida a ellad2.com en donde encontrar\u00e1 el enlace para la descarga de su tutor\u00eda. Haga clic en \u2018download\u2019 y empezar\u00e1 la descarga. Salve el documento(s) en su computadora.<\/p>\n<p>Tambi\u00e9n recibir\u00e1 un correo electr\u00f3nico con la confirmaci\u00f3n del pedido con el enlace\/s para su descarga. Haga clic en el enlace\/s y empezar\u00e1 la descarga. Salve el documento en su computadora. Por favor, revise su correo no deseado\/chatarra. Si tiene problema para la descarga, tambi\u00e9n pude ver aqu\u00ed el <a href=\"http:\/\/ellad2.com\/problems-download\/\"><em>estado del pedido<\/em><\/a><\/p>\n<p>Es bienvenida a vender cualquier articulo que haga de mis modelos que me ha comprado. Vea aqu\u00ed mis <a href=\"http:\/\/ellad2.com\/es\/terminos-y-condiciones-ellad2\/\">T\u00e9rminos y Condiciones<\/a><\/p>\n<p>Derechos de Autor\u00a9Ellad2<\/p>\n<p>&nbsp;<\/p>\n","protected":false},"excerpt":{"rendered":"<p>Hermoso y elegante collar hecho con cuentas Media Luna 2-orificios, cuentas Pulidas-fuego y rocallas Miyuki. Trabajo r\u00e1pido y f\u00e1cil de hacer en cualquier combinaci\u00f3n de color. Me encanta el color turquesa y menta\u2026Tambi\u00e9n pude hacer s\u00f3lo el collar o un colgante. La Tutor\u00eda de abalorios para el collar Ozzy es muy detallada, f\u00e1cil de seguir,&hellip;&nbsp;<a href=\"https:\/\/ellad2.com\/es\/tienda\/tutorial-collar-ozzy\/\" rel=\"bookmark\">Read More &raquo;<span class=\"screen-reader-text\">Tutorial Collar Ozzy<\/span><\/a><\/p>\n","protected":false},"featured_media":2125,"template":"","meta":{"neve_meta_sidebar":"","neve_meta_container":"","neve_meta_enable_content_width":"","neve_meta_content_width":0,"neve_meta_title_alignment":"","neve_meta_author_avatar":"","neve_post_elements_order":"","neve_meta_disable_header":"","neve_meta_disable_footer":"","neve_meta_disable_title":"","neve_meta_reading_time":"","ngg_post_thumbnail":0},"product_brand":[],"product_cat":[329],"product_tag":[],"class_list":{"0":"post-2123","1":"product","2":"type-product","3":"status-publish","4":"has-post-thumbnail","6":"product_cat-collares","8":"first","9":"instock","10":"downloadable","11":"virtual","12":"purchasable","13":"product-type-simple"},"_links":{"self":[{"href":"https:\/\/ellad2.com\/es\/wp-json\/wp\/v2\/product\/2123","targetHints":{"allow":["GET"]}}],"collection":[{"href":"https:\/\/ellad2.com\/es\/wp-json\/wp\/v2\/product"}],"about":[{"href":"https:\/\/ellad2.com\/es\/wp-json\/wp\/v2\/types\/product"}],"wp:featuredmedia":[{"embeddable":true,"href":"https:\/\/ellad2.com\/es\/wp-json\/wp\/v2\/media\/2125"}],"wp:attachment":[{"href":"https:\/\/ellad2.com\/es\/wp-json\/wp\/v2\/media?parent=2123"}],"wp:term":[{"taxonomy":"product_brand","embeddable":true,"href":"https:\/\/ellad2.com\/es\/wp-json\/wp\/v2\/product_brand?post=2123"},{"taxonomy":"product_cat","embeddable":true,"href":"https:\/\/ellad2.com\/es\/wp-json\/wp\/v2\/product_cat?post=2123"},{"taxonomy":"product_tag","embeddable":true,"href":"https:\/\/ellad2.com\/es\/wp-json\/wp\/v2\/product_tag?post=2123"}],"curies":[{"name":"wp","href":"https:\/\/api.w.org\/{rel}","templated":true}]}}